{"id":13172,"date":"2024-08-22T16:11:58","date_gmt":"2024-08-22T14:11:58","guid":{"rendered":"https:\/\/morcosmachinery.com\/product\/rejection-conveyors\/"},"modified":"2024-09-10T07:50:12","modified_gmt":"2024-09-10T05:50:12","slug":"rejection-conveyors","status":"publish","type":"product","link":"https:\/\/morcosmachinery.com\/fr\/product\/rejection-conveyors\/","title":{"rendered":"Convoyeurs de rejet"},"content":{"rendered":"<ul>\n<li>Ch\u00e2ssis enti\u00e8rement en acier inoxydable.<\/li>\n<li>Largeurs diff\u00e9rentes : 200 &#8211; 2500 mm.<\/li>\n<li>Station de tensionnement automatique des deux c\u00f4t\u00e9s avec 2 cylindres pneumatiques.<\/li>\n<li>Dispositif de centrage automatique des deux c\u00f4t\u00e9s avec 2 cylindres pneumatiques.<\/li>\n<li>Deux bords de couteau, un de chaque extr\u00e9mit\u00e9, avec des rouleaux multiples \u00e0 roulement libre.<\/li>\n<li>Station de nettoyage de ceinture avec tiroir.<\/li>\n<li>Ch\u00e2ssis en acier inoxydable s\u00e9par\u00e9 pour d\u00e9tecteur de m\u00e9taux.<\/li>\n<li>Une zone sans m\u00e9tal adapt\u00e9e \u00e0 la d\u00e9tection de m\u00e9taux.<\/li>\n<li>Syst\u00e8me de r\u00e9traction de rejet pneumatique \u00e0 la sortie du convoyeur.<\/li>\n<\/ul>\n","protected":false},"excerpt":{"rendered":"<p>Ch\u00e2ssis enti\u00e8rement en acier inoxydable. Largeurs diff\u00e9rentes : 200 &#8211; 2500 mm. Station de tensionnement automatique des deux&#8230;<\/p>\n","protected":false},"featured_media":13169,"template":"","meta":[],"product_cat":[106],"product_tag":[],"class_list":{"0":"post-13172","1":"product","2":"type-product","3":"status-publish","4":"has-post-thumbnail","6":"product_cat-systemes-de-transfert-et-dempilage-automatises","8":"first","9":"instock","10":"shipping-taxable","11":"product-type-simple"},"_links":{"self":[{"href":"https:\/\/morcosmachinery.com\/fr\/wp-json\/wp\/v2\/product\/13172","targetHints":{"allow":["GET"]}}],"collection":[{"href":"https:\/\/morcosmachinery.com\/fr\/wp-json\/wp\/v2\/product"}],"about":[{"href":"https:\/\/morcosmachinery.com\/fr\/wp-json\/wp\/v2\/types\/product"}],"wp:featuredmedia":[{"embeddable":true,"href":"https:\/\/morcosmachinery.com\/fr\/wp-json\/wp\/v2\/media\/13169"}],"wp:attachment":[{"href":"https:\/\/morcosmachinery.com\/fr\/wp-json\/wp\/v2\/media?parent=13172"}],"wp:term":[{"taxonomy":"product_cat","embeddable":true,"href":"https:\/\/morcosmachinery.com\/fr\/wp-json\/wp\/v2\/product_cat?post=13172"},{"taxonomy":"product_tag","embeddable":true,"href":"https:\/\/morcosmachinery.com\/fr\/wp-json\/wp\/v2\/product_tag?post=13172"}],"curies":[{"name":"wp","href":"https:\/\/api.w.org\/{rel}","templated":true}]}}