{"id":13404,"date":"2024-09-25T07:49:03","date_gmt":"2024-09-25T05:49:03","guid":{"rendered":"https:\/\/morcosmachinery.com\/product\/chocolate-storage-tanks-type-awk-2\/"},"modified":"2024-09-25T08:33:21","modified_gmt":"2024-09-25T06:33:21","slug":"chocolate-storage-tanks-type-awk-2","status":"publish","type":"product","link":"https:\/\/morcosmachinery.com\/fr\/product\/chocolate-storage-tanks-type-awk-2\/","title":{"rendered":"R\u00e9servoirs pour le stockage de chocolat de type AWK"},"content":{"rendered":"<ul>\n<li>R\u00e9servoirs doubles isol\u00e9s pour la fonte et le stockage du chocolat.<\/li>\n<li>Disponible en version compl\u00e8te en acier inoxydable ou en acier peint avec un rev\u00eatement ext\u00e9rieur en acier inoxydable.<\/li>\n<li>Disponible en diff\u00e9rentes tailles allant de 150 \u00e0 20000 kg.<\/li>\n<li>Nos cuves ont un rapport hauteur-diam\u00e8tre id\u00e9al pour assurer le meilleur \u00e9change thermique.<\/li>\n<li>Un m\u00e9langeur sp\u00e9cial \u00e0 l&#8217;int\u00e9rieur d\u00e9place le chocolat du bas et du centre vers les bords, assurant une r\u00e9partition homog\u00e8ne de la temp\u00e9rature.<\/li>\n<li>Les tanks ont un couvercle sup\u00e9rieur avec une moiti\u00e9 fixe et une moiti\u00e9 rabattable.<\/li>\n<li>Isolation Rockwool avec acier inoxydable.<\/li>\n<li>Le capteur de temp\u00e9rature lit la temp\u00e9rature du chocolat pour garantir un contr\u00f4le parfait de la temp\u00e9rature. \u00c9quip\u00e9 d&#8217;un niveau laser.<\/li>\n<li>\u00c9quip\u00e9 de vannes de drainage et d&#8217;une pompe \u00e0 eau pour un syst\u00e8me de circulation d&#8217;eau ouvert.<\/li>\n<li>\u00c9quip\u00e9 d&#8217;un panneau de commande \u00e9lectrique.<\/li>\n<li>Livr\u00e9 avec tous les accessoires n\u00e9cessaires : chauffe-eau, pompes \u00e0 chocolat doubles, vannes \u00e0 trois voies doubles, capteurs de niveau, etc.<\/li>\n<\/ul>\n","protected":false},"excerpt":{"rendered":"<p>R\u00e9servoirs doubles isol\u00e9s pour la fonte et le stockage du chocolat. Disponible en version compl\u00e8te en acier inoxydable&#8230;<\/p>\n","protected":false},"featured_media":12524,"template":"","meta":[],"product_cat":[103],"product_tag":[],"class_list":{"0":"post-13404","1":"product","2":"type-product","3":"status-publish","4":"has-post-thumbnail","6":"product_cat-reservoirs-pompes-et-accessoires","8":"first","9":"instock","10":"shipping-taxable","11":"product-type-simple"},"_links":{"self":[{"href":"https:\/\/morcosmachinery.com\/fr\/wp-json\/wp\/v2\/product\/13404","targetHints":{"allow":["GET"]}}],"collection":[{"href":"https:\/\/morcosmachinery.com\/fr\/wp-json\/wp\/v2\/product"}],"about":[{"href":"https:\/\/morcosmachinery.com\/fr\/wp-json\/wp\/v2\/types\/product"}],"wp:featuredmedia":[{"embeddable":true,"href":"https:\/\/morcosmachinery.com\/fr\/wp-json\/wp\/v2\/media\/12524"}],"wp:attachment":[{"href":"https:\/\/morcosmachinery.com\/fr\/wp-json\/wp\/v2\/media?parent=13404"}],"wp:term":[{"taxonomy":"product_cat","embeddable":true,"href":"https:\/\/morcosmachinery.com\/fr\/wp-json\/wp\/v2\/product_cat?post=13404"},{"taxonomy":"product_tag","embeddable":true,"href":"https:\/\/morcosmachinery.com\/fr\/wp-json\/wp\/v2\/product_tag?post=13404"}],"curies":[{"name":"wp","href":"https:\/\/api.w.org\/{rel}","templated":true}]}}