{"id":13412,"date":"2024-10-02T12:26:21","date_gmt":"2024-10-02T10:26:21","guid":{"rendered":"https:\/\/morcosmachinery.com\/?post_type=product&#038;p=13412"},"modified":"2024-10-02T12:31:14","modified_gmt":"2024-10-02T10:31:14","slug":"bottomer-enrober","status":"publish","type":"product","link":"https:\/\/morcosmachinery.com\/fr\/product\/bottomer-enrober\/","title":{"rendered":"Bottomer Enrober"},"content":{"rendered":"<p>\u2022 Disponible en deux variantes : PC pour le chocolat de couverture et PR pour le chocolat v\u00e9ritable et le chocolat de couverture.<br \/>\n\u2022 Disponible en version \u00e0 t\u00eate unique et version \u00e0 double t\u00eate pour un enrobage \u00e0 grande vitesse.<br \/>\n\u2022 Enrobage adapt\u00e9 uniquement pour l&#8217;enrobage par le bas.<br \/>\n\u2022 Pourrait \u00eatre \u00e9quip\u00e9 d&#8217;un dispositif de retournement pour retourner les produits apr\u00e8s enrobage.<\/p>\n<p>&nbsp;<\/p>\n","protected":false},"excerpt":{"rendered":"<p>\u2022 Disponible en deux variantes : PC pour le chocolat de couverture et PR pour le chocolat v\u00e9ritable&#8230;<\/p>\n","protected":false},"featured_media":0,"template":"","meta":[],"product_cat":[102],"product_tag":[],"class_list":{"0":"post-13412","1":"product","2":"type-product","3":"status-publish","5":"product_cat-lignes-denrobage","7":"first","8":"instock","9":"shipping-taxable","10":"product-type-simple"},"_links":{"self":[{"href":"https:\/\/morcosmachinery.com\/fr\/wp-json\/wp\/v2\/product\/13412","targetHints":{"allow":["GET"]}}],"collection":[{"href":"https:\/\/morcosmachinery.com\/fr\/wp-json\/wp\/v2\/product"}],"about":[{"href":"https:\/\/morcosmachinery.com\/fr\/wp-json\/wp\/v2\/types\/product"}],"wp:attachment":[{"href":"https:\/\/morcosmachinery.com\/fr\/wp-json\/wp\/v2\/media?parent=13412"}],"wp:term":[{"taxonomy":"product_cat","embeddable":true,"href":"https:\/\/morcosmachinery.com\/fr\/wp-json\/wp\/v2\/product_cat?post=13412"},{"taxonomy":"product_tag","embeddable":true,"href":"https:\/\/morcosmachinery.com\/fr\/wp-json\/wp\/v2\/product_tag?post=13412"}],"curies":[{"name":"wp","href":"https:\/\/api.w.org\/{rel}","templated":true}]}}