{"id":13421,"date":"2024-10-02T12:48:53","date_gmt":"2024-10-02T10:48:53","guid":{"rendered":"https:\/\/morcosmachinery.com\/?post_type=product&#038;p=13421"},"modified":"2024-10-02T16:33:29","modified_gmt":"2024-10-02T14:33:29","slug":"enrobeur-prx","status":"publish","type":"product","link":"https:\/\/morcosmachinery.com\/fr\/product\/enrobeur-prx\/","title":{"rendered":"Enrobeur PRX"},"content":{"rendered":"<p>&#8211; Disponible en deux variantes : PC pour le chocolat compos\u00e9 et PR pour le chocolat r\u00e9el et compos\u00e9.<br \/>\n&#8211; Disponible en version \u00e0 une t\u00eate et \u00e0 deux t\u00eates pour l&#8217;enrobage \u00e0 grande vitesse.<br \/>\n&#8211; Convient pour un fonctionnement 24 heures sur 24 et 7 jours sur 7.<br \/>\n&#8211; Le convoyeur en treillis m\u00e9tallique peut \u00eatre remplac\u00e9 par un convoyeur en PU pour les produits nus.<br \/>\n&#8211; Le capot sup\u00e9rieur est s\u00e9par\u00e9 de la chambre d&#8217;enrobage pour garantir un fonctionnement hygi\u00e9nique.<br \/>\n&#8211; L&#8217;air circule par un ventilateur \u00e0 travers des radiateurs infrarouges pour assurer une temp\u00e9rature ad\u00e9quate dans la chambre d&#8217;enrobage.<br \/>\n&#8211; Les c\u00f4t\u00e9s de l&#8217;Enrober sont exempts de trous et de boulons pour un fonctionnement hygi\u00e9nique.<br \/>\n&#8211; L&#8217;enrobeuse est \u00e9quip\u00e9e d&#8217;un racleur \u00e0 cha\u00eene en acier inoxydable pour renvoyer l&#8217;exc\u00e8s de chocolat dans le r\u00e9servoir int\u00e9gr\u00e9 et assurer la propret\u00e9 du puisard.<\/p>\n","protected":false},"excerpt":{"rendered":"<p>&#8211; Disponible en deux variantes : PC pour le chocolat compos\u00e9 et PR pour le chocolat r\u00e9el et&#8230;<\/p>\n","protected":false},"featured_media":13417,"template":"","meta":[],"product_cat":[102],"product_tag":[],"class_list":{"0":"post-13421","1":"product","2":"type-product","3":"status-publish","4":"has-post-thumbnail","6":"product_cat-lignes-denrobage","8":"first","9":"instock","10":"shipping-taxable","11":"product-type-simple"},"_links":{"self":[{"href":"https:\/\/morcosmachinery.com\/fr\/wp-json\/wp\/v2\/product\/13421","targetHints":{"allow":["GET"]}}],"collection":[{"href":"https:\/\/morcosmachinery.com\/fr\/wp-json\/wp\/v2\/product"}],"about":[{"href":"https:\/\/morcosmachinery.com\/fr\/wp-json\/wp\/v2\/types\/product"}],"wp:featuredmedia":[{"embeddable":true,"href":"https:\/\/morcosmachinery.com\/fr\/wp-json\/wp\/v2\/media\/13417"}],"wp:attachment":[{"href":"https:\/\/morcosmachinery.com\/fr\/wp-json\/wp\/v2\/media?parent=13421"}],"wp:term":[{"taxonomy":"product_cat","embeddable":true,"href":"https:\/\/morcosmachinery.com\/fr\/wp-json\/wp\/v2\/product_cat?post=13421"},{"taxonomy":"product_tag","embeddable":true,"href":"https:\/\/morcosmachinery.com\/fr\/wp-json\/wp\/v2\/product_tag?post=13421"}],"curies":[{"name":"wp","href":"https:\/\/api.w.org\/{rel}","templated":true}]}}