{"id":13879,"date":"2025-01-24T16:18:11","date_gmt":"2025-01-24T14:18:11","guid":{"rendered":"https:\/\/morcosmachinery.com\/?post_type=product&#038;p=13879"},"modified":"2025-01-25T08:02:12","modified_gmt":"2025-01-25T06:02:12","slug":"melangeur-de-poudre","status":"publish","type":"product","link":"https:\/\/morcosmachinery.com\/fr\/product\/melangeur-de-poudre\/","title":{"rendered":"M\u00e9langeur de poudre"},"content":{"rendered":"<ul>\n<li>Fabriqu\u00e9 en acier inoxydable 304 L &#8211; 220 V.<\/li>\n<li>Porte de d\u00e9charge manuelle.<\/li>\n<li>Entra\u00een\u00e9 par un moteur fabriqu\u00e9 en Europe.<\/li>\n<li>Capacit\u00e9 du bol : 17 litres.<\/li>\n<li>Ch\u00e2ssis en acier inoxydable pour soutenir le m\u00e9langeur.<\/li>\n<li>Interrupteur de s\u00e9curit\u00e9 sur la porte du m\u00e9langeur.<\/li>\n<li>Bo\u00eete de contr\u00f4le \u00e9lectrique en acier peint avec contr\u00f4le de vitesse variable.<\/li>\n<\/ul>\n","protected":false},"excerpt":{"rendered":"<p>Fabriqu\u00e9 en acier inoxydable 304 L &#8211; 220 V. Porte de d\u00e9charge manuelle. Entra\u00een\u00e9 par un moteur fabriqu\u00e9&#8230;<\/p>\n","protected":false},"featured_media":13892,"template":"","meta":[],"product_cat":[172],"product_tag":[],"class_list":{"0":"post-13879","1":"product","2":"type-product","3":"status-publish","4":"has-post-thumbnail","6":"product_cat-lab-pat-equip","8":"first","9":"instock","10":"shipping-taxable","11":"product-type-simple"},"_links":{"self":[{"href":"https:\/\/morcosmachinery.com\/fr\/wp-json\/wp\/v2\/product\/13879","targetHints":{"allow":["GET"]}}],"collection":[{"href":"https:\/\/morcosmachinery.com\/fr\/wp-json\/wp\/v2\/product"}],"about":[{"href":"https:\/\/morcosmachinery.com\/fr\/wp-json\/wp\/v2\/types\/product"}],"wp:featuredmedia":[{"embeddable":true,"href":"https:\/\/morcosmachinery.com\/fr\/wp-json\/wp\/v2\/media\/13892"}],"wp:attachment":[{"href":"https:\/\/morcosmachinery.com\/fr\/wp-json\/wp\/v2\/media?parent=13879"}],"wp:term":[{"taxonomy":"product_cat","embeddable":true,"href":"https:\/\/morcosmachinery.com\/fr\/wp-json\/wp\/v2\/product_cat?post=13879"},{"taxonomy":"product_tag","embeddable":true,"href":"https:\/\/morcosmachinery.com\/fr\/wp-json\/wp\/v2\/product_tag?post=13879"}],"curies":[{"name":"wp","href":"https:\/\/api.w.org\/{rel}","templated":true}]}}