{"id":13933,"date":"2025-01-25T09:22:02","date_gmt":"2025-01-25T07:22:02","guid":{"rendered":"https:\/\/morcosmachinery.com\/?post_type=product&#038;p=13933"},"modified":"2025-02-28T15:10:49","modified_gmt":"2025-02-28T13:10:49","slug":"machines-denrobage-de-laboratoire-avec-unite-de-temprage-integree-par-lots","status":"publish","type":"product","link":"https:\/\/morcosmachinery.com\/fr\/product\/machines-denrobage-de-laboratoire-avec-unite-de-temprage-integree-par-lots\/","title":{"rendered":"Machines d&#8217;enrobage de laboratoire avec unit\u00e9 de temprage int\u00e9gr\u00e9e par lots"},"content":{"rendered":"<ul>\n<li>Disponible en deux mod\u00e8les, avec une largeur de bande de 200 \u00e0 305 mm.<\/li>\n<li>Unit\u00e9 de temprage de chocolat par lots int\u00e9gr\u00e9e.<\/li>\n<li>Adapt\u00e9 \u00e0 l&#8217;enrobage ainsi qu&#8217;au moulage.<\/li>\n<li>Capacit\u00e9s de production de 90 \u00e0 200 kg\/h.<\/li>\n<li>Capacit\u00e9s de cuve de 24 \u00e0 50 kg avec agitateur et son entra\u00eenement.<\/li>\n<li>Unit\u00e9 de refroidissement au Fr\u00e9on et syst\u00e8me de chauffage int\u00e9gr\u00e9s.<\/li>\n<li>Panneau tactile avec automate programmable (PLC) pour contr\u00f4ler toutes les fonctions de la machine.<\/li>\n<li>Pompe \u00e0 vis pour la circulation du chocolat.<\/li>\n<li>La machine peut \u00eatre utilis\u00e9e comme unit\u00e9 de fusion ainsi que comme unit\u00e9 de temprage.<\/li>\n<li>\u00c9quip\u00e9e d&#8217;une p\u00e9dale\/interrupteur \u00e0 pied pour le moulage du chocolat.<\/li>\n<li>Table vibrante\/shaker pour le moulage du chocolat.<\/li>\n<\/ul>\n","protected":false},"excerpt":{"rendered":"<p>Disponible en deux mod\u00e8les, avec une largeur de bande de 200 \u00e0 305 mm. Unit\u00e9 de temprage de&#8230;<\/p>\n","protected":false},"featured_media":13975,"template":"","meta":[],"product_cat":[],"product_tag":[],"class_list":{"0":"post-13933","1":"product","2":"type-product","3":"status-publish","4":"has-post-thumbnail","7":"first","8":"instock","9":"shipping-taxable","10":"product-type-simple"},"_links":{"self":[{"href":"https:\/\/morcosmachinery.com\/fr\/wp-json\/wp\/v2\/product\/13933","targetHints":{"allow":["GET"]}}],"collection":[{"href":"https:\/\/morcosmachinery.com\/fr\/wp-json\/wp\/v2\/product"}],"about":[{"href":"https:\/\/morcosmachinery.com\/fr\/wp-json\/wp\/v2\/types\/product"}],"wp:featuredmedia":[{"embeddable":true,"href":"https:\/\/morcosmachinery.com\/fr\/wp-json\/wp\/v2\/media\/13975"}],"wp:attachment":[{"href":"https:\/\/morcosmachinery.com\/fr\/wp-json\/wp\/v2\/media?parent=13933"}],"wp:term":[{"taxonomy":"product_cat","embeddable":true,"href":"https:\/\/morcosmachinery.com\/fr\/wp-json\/wp\/v2\/product_cat?post=13933"},{"taxonomy":"product_tag","embeddable":true,"href":"https:\/\/morcosmachinery.com\/fr\/wp-json\/wp\/v2\/product_tag?post=13933"}],"curies":[{"name":"wp","href":"https:\/\/api.w.org\/{rel}","templated":true}]}}