{"id":14315,"date":"2025-09-19T16:05:46","date_gmt":"2025-09-19T13:05:46","guid":{"rendered":"https:\/\/morcosmachinery.com\/?post_type=product&#038;p=14315"},"modified":"2025-09-20T13:21:56","modified_gmt":"2025-09-20T10:21:56","slug":"microscope-optique","status":"publish","type":"product","link":"https:\/\/morcosmachinery.com\/fr\/product\/microscope-optique\/","title":{"rendered":"Microscope optique"},"content":{"rendered":"<h3 data-start=\"48\" data-end=\"82\">Marque : <strong data-start=\"61\" data-end=\"80\">DEWINTER \u2013 Inde<\/strong><\/h3>\n<h4 data-start=\"84\" data-end=\"121\">Caract\u00e9ristiques principales :<\/h4>\n<ul data-start=\"122\" data-end=\"300\">\n<li data-start=\"122\" data-end=\"159\">\n<p data-start=\"124\" data-end=\"159\">Cam\u00e9ra num\u00e9rique haute r\u00e9solution<\/p>\n<\/li>\n<li data-start=\"160\" data-end=\"204\">\n<p data-start=\"162\" data-end=\"204\">Commande de zoom manuelle et automatique<\/p>\n<\/li>\n<li data-start=\"205\" data-end=\"236\">\n<p data-start=\"207\" data-end=\"236\">Logiciel d\u2019analyse d\u2019images<\/p>\n<\/li>\n<li data-start=\"237\" data-end=\"300\">\n<p data-start=\"239\" data-end=\"300\">Adapt\u00e9 \u00e0 l\u2019identification des microstructures et des phases<\/p>\n<\/li>\n<\/ul>\n<h3 data-start=\"307\" data-end=\"379\"><strong data-start=\"311\" data-end=\"377\">Voir plus, savoir plus : Microscopie optique avec Foundry Plus<\/strong><\/h3>\n<p data-start=\"381\" data-end=\"624\">Notre microscope optique avanc\u00e9 \u2013 \u00e9quip\u00e9 du logiciel <strong data-start=\"434\" data-end=\"450\">Foundry Plus<\/strong> \u2013 associe pr\u00e9cision, automatisation et intelligence pour l\u2019analyse m\u00e9tallographique.<br data-start=\"535\" data-end=\"538\" \/>Que ce soit pour l\u2019ing\u00e9nierie inverse ou le contr\u00f4le qualit\u00e9, vous pouvez r\u00e9aliser :<\/p>\n<ul data-start=\"625\" data-end=\"921\">\n<li data-start=\"625\" data-end=\"674\">\n<p data-start=\"627\" data-end=\"674\">L\u2019identification des phases microstructurales<\/p>\n<\/li>\n<li data-start=\"675\" data-end=\"743\">\n<p data-start=\"677\" data-end=\"743\">Le contr\u00f4le et l\u2019\u00e9valuation des proc\u00e9d\u00e9s de traitement thermique<\/p>\n<\/li>\n<li data-start=\"744\" data-end=\"790\">\n<p data-start=\"746\" data-end=\"790\">L\u2019inspection des surfaces et sous-surfaces<\/p>\n<\/li>\n<li data-start=\"791\" data-end=\"855\">\n<p data-start=\"793\" data-end=\"855\">La m\u00e9tallographie quantitative avec le logiciel Foundry Plus<\/p>\n<\/li>\n<li data-start=\"856\" data-end=\"921\">\n<p data-start=\"858\" data-end=\"921\">L\u2019examen des rev\u00eatements, soudures et structures multicouches<\/p>\n<\/li>\n<\/ul>\n","protected":false},"excerpt":{"rendered":"<p>Marque : DEWINTER \u2013 Inde Caract\u00e9ristiques principales : Cam\u00e9ra num\u00e9rique haute r\u00e9solution Commande de zoom manuelle et automatique&#8230;<\/p>\n","protected":false},"featured_media":14288,"template":"","meta":[],"product_cat":[176],"product_tag":[],"class_list":{"0":"post-14315","1":"product","2":"type-product","3":"status-publish","4":"has-post-thumbnail","6":"product_cat-innovation-pieces","8":"first","9":"instock","10":"shipping-taxable","11":"product-type-simple"},"_links":{"self":[{"href":"https:\/\/morcosmachinery.com\/fr\/wp-json\/wp\/v2\/product\/14315","targetHints":{"allow":["GET"]}}],"collection":[{"href":"https:\/\/morcosmachinery.com\/fr\/wp-json\/wp\/v2\/product"}],"about":[{"href":"https:\/\/morcosmachinery.com\/fr\/wp-json\/wp\/v2\/types\/product"}],"wp:featuredmedia":[{"embeddable":true,"href":"https:\/\/morcosmachinery.com\/fr\/wp-json\/wp\/v2\/media\/14288"}],"wp:attachment":[{"href":"https:\/\/morcosmachinery.com\/fr\/wp-json\/wp\/v2\/media?parent=14315"}],"wp:term":[{"taxonomy":"product_cat","embeddable":true,"href":"https:\/\/morcosmachinery.com\/fr\/wp-json\/wp\/v2\/product_cat?post=14315"},{"taxonomy":"product_tag","embeddable":true,"href":"https:\/\/morcosmachinery.com\/fr\/wp-json\/wp\/v2\/product_tag?post=14315"}],"curies":[{"name":"wp","href":"https:\/\/api.w.org\/{rel}","templated":true}]}}