{"id":14321,"date":"2025-09-19T16:31:07","date_gmt":"2025-09-19T13:31:07","guid":{"rendered":"https:\/\/morcosmachinery.com\/?post_type=product&#038;p=14321"},"modified":"2025-09-20T13:37:32","modified_gmt":"2025-09-20T10:37:32","slug":"machine-dessai-de-durete","status":"publish","type":"product","link":"https:\/\/morcosmachinery.com\/fr\/product\/machine-dessai-de-durete\/","title":{"rendered":"Machine d\u2019essai de duret\u00e9"},"content":{"rendered":"<p data-start=\"1340\" data-end=\"1371\"><strong data-start=\"1340\" data-end=\"1352\">Marque :<\/strong> HOYTOM \u2013 Espagne<\/p>\n<h4 data-start=\"1373\" data-end=\"1410\">Caract\u00e9ristiques principales :<\/h4>\n<ul data-start=\"1411\" data-end=\"1556\">\n<li data-start=\"1411\" data-end=\"1435\">\n<p data-start=\"1413\" data-end=\"1435\">Mode d\u2019essai Brinell<\/p>\n<\/li>\n<li data-start=\"1436\" data-end=\"1469\">\n<p data-start=\"1438\" data-end=\"1469\">Panneau de commande num\u00e9rique<\/p>\n<\/li>\n<li data-start=\"1470\" data-end=\"1520\">\n<p data-start=\"1472\" data-end=\"1520\">Chargement\/d\u00e9chargement enti\u00e8rement automatis\u00e9<\/p>\n<\/li>\n<li data-start=\"1521\" data-end=\"1556\">\n<p data-start=\"1523\" data-end=\"1556\">Haute r\u00e9p\u00e9tabilit\u00e9 et fiabilit\u00e9<\/p>\n<\/li>\n<\/ul>\n<h3 data-start=\"1563\" data-end=\"1620\"><strong data-start=\"1567\" data-end=\"1618\">Assurez la durabilit\u00e9 gr\u00e2ce \u00e0 l\u2019essai de duret\u00e9<\/strong><\/h3>\n<p data-start=\"1622\" data-end=\"1724\">Notre machine d\u2019essai de duret\u00e9 avanc\u00e9e fournit des mesures pr\u00e9cises et fiables, essentielles pour :<\/p>\n<ul data-start=\"1725\" data-end=\"1809\">\n<li data-start=\"1725\" data-end=\"1761\">\n<p data-start=\"1727\" data-end=\"1761\">La caract\u00e9risation des mat\u00e9riaux<\/p>\n<\/li>\n<li data-start=\"1762\" data-end=\"1785\">\n<p data-start=\"1764\" data-end=\"1785\">Le contr\u00f4le qualit\u00e9<\/p>\n<\/li>\n<li data-start=\"1786\" data-end=\"1809\">\n<p data-start=\"1788\" data-end=\"1809\">La r\u00e9tro-ing\u00e9nierie<\/p>\n<\/li>\n<\/ul>\n<p data-start=\"1811\" data-end=\"1836\">Elle permet \u00e9galement :<\/p>\n<ul data-start=\"1837\" data-end=\"1990\">\n<li data-start=\"1837\" data-end=\"1890\">\n<p data-start=\"1839\" data-end=\"1890\">D\u2019\u00e9valuer l\u2019efficacit\u00e9 des traitements thermiques<\/p>\n<\/li>\n<li data-start=\"1891\" data-end=\"1947\">\n<p data-start=\"1893\" data-end=\"1947\">De soutenir l\u2019analyse des d\u00e9faillances et de l\u2019usure<\/p>\n<\/li>\n<li data-start=\"1948\" data-end=\"1990\">\n<p data-start=\"1950\" data-end=\"1990\">De tester une large gamme de mat\u00e9riaux<\/p>\n<\/li>\n<\/ul>\n","protected":false},"excerpt":{"rendered":"<p>Marque : HOYTOM \u2013 Espagne Caract\u00e9ristiques principales : Mode d\u2019essai Brinell Panneau de commande num\u00e9rique Chargement\/d\u00e9chargement enti\u00e8rement automatis\u00e9&#8230;<\/p>\n","protected":false},"featured_media":14305,"template":"","meta":[],"product_cat":[176],"product_tag":[],"class_list":{"0":"post-14321","1":"product","2":"type-product","3":"status-publish","4":"has-post-thumbnail","6":"product_cat-innovation-pieces","8":"first","9":"instock","10":"shipping-taxable","11":"product-type-simple"},"_links":{"self":[{"href":"https:\/\/morcosmachinery.com\/fr\/wp-json\/wp\/v2\/product\/14321","targetHints":{"allow":["GET"]}}],"collection":[{"href":"https:\/\/morcosmachinery.com\/fr\/wp-json\/wp\/v2\/product"}],"about":[{"href":"https:\/\/morcosmachinery.com\/fr\/wp-json\/wp\/v2\/types\/product"}],"wp:featuredmedia":[{"embeddable":true,"href":"https:\/\/morcosmachinery.com\/fr\/wp-json\/wp\/v2\/media\/14305"}],"wp:attachment":[{"href":"https:\/\/morcosmachinery.com\/fr\/wp-json\/wp\/v2\/media?parent=14321"}],"wp:term":[{"taxonomy":"product_cat","embeddable":true,"href":"https:\/\/morcosmachinery.com\/fr\/wp-json\/wp\/v2\/product_cat?post=14321"},{"taxonomy":"product_tag","embeddable":true,"href":"https:\/\/morcosmachinery.com\/fr\/wp-json\/wp\/v2\/product_tag?post=14321"}],"curies":[{"name":"wp","href":"https:\/\/api.w.org\/{rel}","templated":true}]}}