{"id":14383,"date":"2025-10-15T17:25:37","date_gmt":"2025-10-15T14:25:37","guid":{"rendered":"https:\/\/morcosmachinery.com\/?post_type=product&#038;p=14383"},"modified":"2025-10-16T13:35:54","modified_gmt":"2025-10-16T10:35:54","slug":"%d0%bf%d1%80%d0%be%d0%bc%d1%8b%d1%88%d0%bb%d0%b5%d0%bd%d0%bd%d1%8b%d0%b9-%d0%bf%d0%b8%d1%89%d0%b5%d0%b2%d0%be%d0%b9-%d0%bf%d1%80%d0%be%d1%86%d0%b5%d1%81%d1%81%d0%be%d1%80-%d1%82%d0%b8%d0%bf","status":"publish","type":"product","link":"https:\/\/morcosmachinery.com\/fr\/product\/%d0%bf%d1%80%d0%be%d0%bc%d1%8b%d1%88%d0%bb%d0%b5%d0%bd%d0%bd%d1%8b%d0%b9-%d0%bf%d0%b8%d1%89%d0%b5%d0%b2%d0%be%d0%b9-%d0%bf%d1%80%d0%be%d1%86%d0%b5%d1%81%d1%81%d0%be%d1%80-%d1%82%d0%b8%d0%bf\/","title":{"rendered":"Robot culinaire industriel \u2013 type (CTS45)"},"content":{"rendered":"<h4 data-start=\"1623\" data-end=\"1648\">Caract\u00e9ristiques :<\/h4>\n<ul data-start=\"1649\" data-end=\"2371\">\n<li data-start=\"1649\" data-end=\"1697\">\n<p data-start=\"1651\" data-end=\"1697\">Construction enti\u00e8rement en acier inoxydable<\/p>\n<\/li>\n<li data-start=\"1698\" data-end=\"1816\">\n<p data-start=\"1700\" data-end=\"1816\">Con\u00e7u pour le raclage et la transformation des produits alimentaires dans un environnement \u00e0 temp\u00e9rature contr\u00f4l\u00e9e<\/p>\n<\/li>\n<li data-start=\"1817\" data-end=\"1894\">\n<p data-start=\"1819\" data-end=\"1894\">Capacit\u00e9 nominale du bol <strong data-start=\"1844\" data-end=\"1857\">45 litres<\/strong>, capacit\u00e9 de travail <strong data-start=\"1879\" data-end=\"1892\">30 litres<\/strong><\/p>\n<\/li>\n<li data-start=\"1895\" data-end=\"1982\">\n<p data-start=\"1897\" data-end=\"1982\">Bol \u00e0 double paroi pour prot\u00e9ger le produit contre la surchauffe pendant le broyage<\/p>\n<\/li>\n<li data-start=\"1983\" data-end=\"2062\">\n<p data-start=\"1985\" data-end=\"2062\">\u00c9quip\u00e9 d\u2019un capteur de temp\u00e9rature pour contr\u00f4ler la temp\u00e9rature du produit<\/p>\n<\/li>\n<li data-start=\"2063\" data-end=\"2119\">\n<p data-start=\"2065\" data-end=\"2119\">Ensemble de couteaux puissants, facilement amovibles<\/p>\n<\/li>\n<li data-start=\"2120\" data-end=\"2224\">\n<p data-start=\"2122\" data-end=\"2224\">Syst\u00e8me de broyage \u00e0 deux vitesses : vitesse lente pour le broyage, vitesse \u00e9lev\u00e9e pour le raffinage<\/p>\n<\/li>\n<li data-start=\"2225\" data-end=\"2295\">\n<p data-start=\"2227\" data-end=\"2295\">Bol inclinable pour un d\u00e9chargement facile en position horizontale<\/p>\n<\/li>\n<li data-start=\"2296\" data-end=\"2371\">\n<p data-start=\"2298\" data-end=\"2371\">Couvercle et position de travail s\u00e9curis\u00e9s par deux micro-interrupteurs<\/p>\n<\/li>\n<\/ul>\n","protected":false},"excerpt":{"rendered":"<p>Caract\u00e9ristiques : Construction enti\u00e8rement en acier inoxydable Con\u00e7u pour le raclage et la transformation des produits alimentaires dans&#8230;<\/p>\n","protected":false},"featured_media":14433,"template":"","meta":[],"product_cat":[104],"product_tag":[],"class_list":{"0":"post-14383","1":"product","2":"type-product","3":"status-publish","4":"has-post-thumbnail","6":"product_cat-equipement-de-traitement-de-poudre","8":"first","9":"instock","10":"shipping-taxable","11":"product-type-simple"},"_links":{"self":[{"href":"https:\/\/morcosmachinery.com\/fr\/wp-json\/wp\/v2\/product\/14383","targetHints":{"allow":["GET"]}}],"collection":[{"href":"https:\/\/morcosmachinery.com\/fr\/wp-json\/wp\/v2\/product"}],"about":[{"href":"https:\/\/morcosmachinery.com\/fr\/wp-json\/wp\/v2\/types\/product"}],"wp:featuredmedia":[{"embeddable":true,"href":"https:\/\/morcosmachinery.com\/fr\/wp-json\/wp\/v2\/media\/14433"}],"wp:attachment":[{"href":"https:\/\/morcosmachinery.com\/fr\/wp-json\/wp\/v2\/media?parent=14383"}],"wp:term":[{"taxonomy":"product_cat","embeddable":true,"href":"https:\/\/morcosmachinery.com\/fr\/wp-json\/wp\/v2\/product_cat?post=14383"},{"taxonomy":"product_tag","embeddable":true,"href":"https:\/\/morcosmachinery.com\/fr\/wp-json\/wp\/v2\/product_tag?post=14383"}],"curies":[{"name":"wp","href":"https:\/\/api.w.org\/{rel}","templated":true}]}}