{"id":14511,"date":"2025-12-25T08:39:10","date_gmt":"2025-12-25T06:39:10","guid":{"rendered":"https:\/\/morcosmachinery.com\/?post_type=product&#038;p=14511"},"modified":"2026-02-18T14:21:56","modified_gmt":"2026-02-18T12:21:56","slug":"broyeur-a-billes-do-5","status":"publish","type":"product","link":"https:\/\/morcosmachinery.com\/fr\/product\/broyeur-a-billes-do-5\/","title":{"rendered":"Broyeur \u00e0 billes Do 5"},"content":{"rendered":"<ul data-start=\"1293\" data-end=\"1831\">\n<li data-start=\"1293\" data-end=\"1388\">\n<p data-start=\"1295\" data-end=\"1388\">Broyage fin et m\u00e9lange de liqueur de cacao, chocolat, compounds, enrobages, p\u00e2tes \u00e0 tartiner.<\/p>\n<\/li>\n<li data-start=\"1389\" data-end=\"1461\">\n<p data-start=\"1391\" data-end=\"1461\">Adapt\u00e9 pour un usage en laboratoire ou une petite production par lots.<\/p>\n<\/li>\n<li data-start=\"1462\" data-end=\"1487\">\n<p data-start=\"1464\" data-end=\"1487\">Capacit\u00e9 du lot : 5 kg.<\/p>\n<\/li>\n<li data-start=\"1488\" data-end=\"1625\">\n<p data-start=\"1490\" data-end=\"1625\">Finesse vis\u00e9e : 20\u201322 \u03bcm en ~30 min (avec sucre granul\u00e9) ; plus rapide avec sucre en poudre ; ~18 \u03bcm possible avec un broyage prolong\u00e9.<\/p>\n<\/li>\n<li data-start=\"1626\" data-end=\"1714\">\n<p data-start=\"1628\" data-end=\"1714\">Cuve : 15 L en acier inoxydable, chemis\u00e9e, avec tamis inf\u00e9rieur et vanne \u00e0 deux voies.<\/p>\n<\/li>\n<li data-start=\"1715\" data-end=\"1776\">\n<p data-start=\"1717\" data-end=\"1776\">Couvercle : acier inoxydable avec interrupteur de s\u00e9curit\u00e9.<\/p>\n<\/li>\n<li data-start=\"1777\" data-end=\"1831\">\n<p data-start=\"1779\" data-end=\"1831\">Chauffage : r\u00e9sistance chauffante 0,2 kW (r\u00e9glable).<\/p>\n<\/li>\n<\/ul>\n","protected":false},"excerpt":{"rendered":"<p>Broyage fin et m\u00e9lange de liqueur de cacao, chocolat, compounds, enrobages, p\u00e2tes \u00e0 tartiner. Adapt\u00e9 pour un usage&#8230;<\/p>\n","protected":false},"featured_media":14532,"template":"","meta":[],"product_cat":[172],"product_tag":[],"class_list":{"0":"post-14511","1":"product","2":"type-product","3":"status-publish","4":"has-post-thumbnail","6":"product_cat-lab-pat-equip","8":"first","9":"instock","10":"shipping-taxable","11":"product-type-simple"},"_links":{"self":[{"href":"https:\/\/morcosmachinery.com\/fr\/wp-json\/wp\/v2\/product\/14511","targetHints":{"allow":["GET"]}}],"collection":[{"href":"https:\/\/morcosmachinery.com\/fr\/wp-json\/wp\/v2\/product"}],"about":[{"href":"https:\/\/morcosmachinery.com\/fr\/wp-json\/wp\/v2\/types\/product"}],"wp:featuredmedia":[{"embeddable":true,"href":"https:\/\/morcosmachinery.com\/fr\/wp-json\/wp\/v2\/media\/14532"}],"wp:attachment":[{"href":"https:\/\/morcosmachinery.com\/fr\/wp-json\/wp\/v2\/media?parent=14511"}],"wp:term":[{"taxonomy":"product_cat","embeddable":true,"href":"https:\/\/morcosmachinery.com\/fr\/wp-json\/wp\/v2\/product_cat?post=14511"},{"taxonomy":"product_tag","embeddable":true,"href":"https:\/\/morcosmachinery.com\/fr\/wp-json\/wp\/v2\/product_tag?post=14511"}],"curies":[{"name":"wp","href":"https:\/\/api.w.org\/{rel}","templated":true}]}}