{"id":14548,"date":"2026-03-06T11:09:29","date_gmt":"2026-03-06T09:09:29","guid":{"rendered":"https:\/\/morcosmachinery.com\/?post_type=product&#038;p=14548"},"modified":"2026-03-06T11:24:11","modified_gmt":"2026-03-06T09:24:11","slug":"station-de-melange-de-pate-type-atp","status":"publish","type":"product","link":"https:\/\/morcosmachinery.com\/fr\/product\/station-de-melange-de-pate-type-atp\/","title":{"rendered":"Station de m\u00e9lange de p\u00e2te type ATP"},"content":{"rendered":"<p>\u2022 Utilis\u00e9e dans les industries du wafer, du wafer sucr\u00e9 et du pancake pour la production de p\u00e2te.<br data-start=\"875\" data-end=\"878\" \/>\u2022 Capacit\u00e9 allant jusqu\u2019\u00e0 120 litres.<br data-start=\"915\" data-end=\"918\" \/>\u2022 Conception robuste en acier inoxydable r\u00e9pondant aux exigences d\u2019hygi\u00e8ne de l\u2019industrie alimentaire.<br data-start=\"1020\" data-end=\"1023\" \/>\u2022 Un cycle de m\u00e9lange n\u00e9cessite environ 3 \u00e0 5 minutes selon la recette.<br data-start=\"1094\" data-end=\"1097\" data-is-only-node=\"\" \/>\u2022 Acc\u00e8s facile pour un nettoyage simple.<br data-start=\"1137\" data-end=\"1140\" \/>\u2022 M\u00e9lange efficace gr\u00e2ce \u00e0 une turbine compos\u00e9e d\u2019un rotor et d\u2019un stator.<br data-start=\"1214\" data-end=\"1217\" \/>\u2022 \u00c9tanch\u00e9it\u00e9 entre la turbine et le moteur d\u2019entra\u00eenement par presse-\u00e9toupe rinc\u00e9 \u00e0 l\u2019eau.<br data-start=\"1307\" data-end=\"1310\" \/>\u2022 En option : station de p\u00e2te type ATP, plateforme en acier inoxydable comprenant le m\u00e9langeur de p\u00e2te TMN et un r\u00e9servoir de 500 l + tamis vibrant et pompe \u00e0 p\u00e2te pour un syst\u00e8me d\u2019alimentation automatique vers le four.<\/p>\n","protected":false},"excerpt":{"rendered":"<p>\u2022 Utilis\u00e9e dans les industries du wafer, du wafer sucr\u00e9 et du pancake pour la production de p\u00e2te.\u2022&#8230;<\/p>\n","protected":false},"featured_media":0,"template":"","meta":[],"product_cat":[180],"product_tag":[],"class_list":{"0":"post-14548","1":"product","2":"type-product","3":"status-publish","5":"product_cat-ligne-de-production-de-gaufrettes","7":"first","8":"instock","9":"shipping-taxable","10":"product-type-simple"},"_links":{"self":[{"href":"https:\/\/morcosmachinery.com\/fr\/wp-json\/wp\/v2\/product\/14548","targetHints":{"allow":["GET"]}}],"collection":[{"href":"https:\/\/morcosmachinery.com\/fr\/wp-json\/wp\/v2\/product"}],"about":[{"href":"https:\/\/morcosmachinery.com\/fr\/wp-json\/wp\/v2\/types\/product"}],"wp:attachment":[{"href":"https:\/\/morcosmachinery.com\/fr\/wp-json\/wp\/v2\/media?parent=14548"}],"wp:term":[{"taxonomy":"product_cat","embeddable":true,"href":"https:\/\/morcosmachinery.com\/fr\/wp-json\/wp\/v2\/product_cat?post=14548"},{"taxonomy":"product_tag","embeddable":true,"href":"https:\/\/morcosmachinery.com\/fr\/wp-json\/wp\/v2\/product_tag?post=14548"}],"curies":[{"name":"wp","href":"https:\/\/api.w.org\/{rel}","templated":true}]}}