{"id":14554,"date":"2026-03-06T11:35:15","date_gmt":"2026-03-06T09:35:15","guid":{"rendered":"https:\/\/morcosmachinery.com\/?post_type=product&#038;p=14554"},"modified":"2026-03-06T11:41:02","modified_gmt":"2026-03-06T09:41:02","slug":"fours-a-wafers-type-wbms-75-g","status":"publish","type":"product","link":"https:\/\/morcosmachinery.com\/fr\/product\/fours-a-wafers-type-wbms-75-g\/","title":{"rendered":"Fours \u00e0 wafers type WBMS-75-G"},"content":{"rendered":"<p>\u2022 Capacit\u00e9 allant jusqu\u2019\u00e0 <strong data-start=\"917\" data-end=\"952\">18 feuilles de wafer par minute<\/strong>.<br data-start=\"953\" data-end=\"956\" \/>\u2022 Plaques de cuisson dispos\u00e9es transversalement pour une longueur optimale du four et de meilleurs r\u00e9sultats de cuisson.<br data-start=\"1076\" data-end=\"1079\" \/>\u2022 Disponibles avec <strong data-start=\"1098\" data-end=\"1132\">chauffage au gaz ou \u00e9lectrique<\/strong>.<br data-start=\"1133\" data-end=\"1136\" \/>\u2022 Double isolation de la chambre du four pour une exploitation optimale de l\u2019\u00e9nergie et de meilleures conditions de travail.<br data-start=\"1260\" data-end=\"1263\" \/>\u2022 Portes lat\u00e9rales permettant un bon acc\u00e8s \u00e0 l\u2019int\u00e9rieur du four pour faciliter la maintenance.<br data-start=\"1358\" data-end=\"1361\" \/>\u2022 Couvercles et portes en <strong data-start=\"1387\" data-end=\"1407\">acier inoxydable<\/strong> avec isolation.<br data-start=\"1423\" data-end=\"1426\" \/>\u2022 Nombre de plaques : <strong data-start=\"1448\" data-end=\"1463\">75 par four<\/strong>.<br data-start=\"1464\" data-end=\"1467\" \/>\u2022 Chauffage : <strong data-start=\"1481\" data-end=\"1499\">au gaz naturel<\/strong>.<br data-start=\"1500\" data-end=\"1503\" \/>\u2022 Les chemin\u00e9es doivent \u00eatre fournies par le client.<br data-start=\"1555\" data-end=\"1558\" \/>\u2022 Capacit\u00e9 de production <strong data-start=\"1583\" data-end=\"1611\">36 feuilles\/min par four<\/strong> avec une pression de gaz stable de <strong data-start=\"1647\" data-end=\"1661\">80\u201390 mbar<\/strong>.<br data-start=\"1662\" data-end=\"1665\" \/>\u2022 Gravure des plaques \u00e0 d\u00e9finir.<br data-start=\"1697\" data-end=\"1700\" \/>\u2022 Racloir pour d\u00e9chets de wafer.<br data-start=\"1732\" data-end=\"1735\" \/>\u2022 \u00c9vents de vapeur r\u00e9glables en hauteur pour r\u00e9duire les pertes lors de la cuisson.<\/p>\n","protected":false},"excerpt":{"rendered":"<p>\u2022 Capacit\u00e9 allant jusqu\u2019\u00e0 18 feuilles de wafer par minute.\u2022 Plaques de cuisson dispos\u00e9es transversalement pour une longueur&#8230;<\/p>\n","protected":false},"featured_media":0,"template":"","meta":[],"product_cat":[180],"product_tag":[],"class_list":{"0":"post-14554","1":"product","2":"type-product","3":"status-publish","5":"product_cat-ligne-de-production-de-gaufrettes","7":"first","8":"instock","9":"shipping-taxable","10":"product-type-simple"},"_links":{"self":[{"href":"https:\/\/morcosmachinery.com\/fr\/wp-json\/wp\/v2\/product\/14554","targetHints":{"allow":["GET"]}}],"collection":[{"href":"https:\/\/morcosmachinery.com\/fr\/wp-json\/wp\/v2\/product"}],"about":[{"href":"https:\/\/morcosmachinery.com\/fr\/wp-json\/wp\/v2\/types\/product"}],"wp:attachment":[{"href":"https:\/\/morcosmachinery.com\/fr\/wp-json\/wp\/v2\/media?parent=14554"}],"wp:term":[{"taxonomy":"product_cat","embeddable":true,"href":"https:\/\/morcosmachinery.com\/fr\/wp-json\/wp\/v2\/product_cat?post=14554"},{"taxonomy":"product_tag","embeddable":true,"href":"https:\/\/morcosmachinery.com\/fr\/wp-json\/wp\/v2\/product_tag?post=14554"}],"curies":[{"name":"wp","href":"https:\/\/api.w.org\/{rel}","templated":true}]}}