{"id":14555,"date":"2026-03-06T11:43:11","date_gmt":"2026-03-06T09:43:11","guid":{"rendered":"https:\/\/morcosmachinery.com\/?post_type=product&#038;p=14555"},"modified":"2026-03-06T11:43:54","modified_gmt":"2026-03-06T09:43:54","slug":"refroidisseurs-de-feuilles-de-wafer-type-we","status":"publish","type":"product","link":"https:\/\/morcosmachinery.com\/fr\/product\/refroidisseurs-de-feuilles-de-wafer-type-we\/","title":{"rendered":"Refroidisseurs de feuilles de wafer type WE"},"content":{"rendered":"<p>\u2022 Utilis\u00e9s pour le refroidissement sans contrainte des feuilles de wafer plates et creuses \u00e0 temp\u00e9rature ambiante apr\u00e8s la cuisson et avant l\u2019\u00e9talement ou le conditionnement.<br data-start=\"668\" data-end=\"671\" \/>\u2022 \u00c9galement utilis\u00e9s pour le transport vertical des feuilles de wafer ou des blocs de wafer au sein d\u2019une ligne de production de wafer.<br data-start=\"806\" data-end=\"809\" \/>\u2022 Conception modulaire compos\u00e9e d\u2019\u00e9l\u00e9ments moul\u00e9s en aluminium anodis\u00e9.<br data-start=\"880\" data-end=\"883\" \/>\u2022 Cadres en fil d\u2019acier inoxydable.<\/p>\n","protected":false},"excerpt":{"rendered":"<p>\u2022 Utilis\u00e9s pour le refroidissement sans contrainte des feuilles de wafer plates et creuses \u00e0 temp\u00e9rature ambiante apr\u00e8s&#8230;<\/p>\n","protected":false},"featured_media":0,"template":"","meta":[],"product_cat":[180],"product_tag":[],"class_list":{"0":"post-14555","1":"product","2":"type-product","3":"status-publish","5":"product_cat-ligne-de-production-de-gaufrettes","7":"first","8":"instock","9":"shipping-taxable","10":"product-type-simple"},"_links":{"self":[{"href":"https:\/\/morcosmachinery.com\/fr\/wp-json\/wp\/v2\/product\/14555","targetHints":{"allow":["GET"]}}],"collection":[{"href":"https:\/\/morcosmachinery.com\/fr\/wp-json\/wp\/v2\/product"}],"about":[{"href":"https:\/\/morcosmachinery.com\/fr\/wp-json\/wp\/v2\/types\/product"}],"wp:attachment":[{"href":"https:\/\/morcosmachinery.com\/fr\/wp-json\/wp\/v2\/media?parent=14555"}],"wp:term":[{"taxonomy":"product_cat","embeddable":true,"href":"https:\/\/morcosmachinery.com\/fr\/wp-json\/wp\/v2\/product_cat?post=14555"},{"taxonomy":"product_tag","embeddable":true,"href":"https:\/\/morcosmachinery.com\/fr\/wp-json\/wp\/v2\/product_tag?post=14555"}],"curies":[{"name":"wp","href":"https:\/\/api.w.org\/{rel}","templated":true}]}}