{"id":14561,"date":"2026-03-06T11:53:07","date_gmt":"2026-03-06T09:53:07","guid":{"rendered":"https:\/\/morcosmachinery.com\/?post_type=product&#038;p=14561"},"modified":"2026-03-06T11:57:53","modified_gmt":"2026-03-06T09:57:53","slug":"melangeurs-turbo-de-creme-type-cms","status":"publish","type":"product","link":"https:\/\/morcosmachinery.com\/fr\/product\/melangeurs-turbo-de-creme-type-cms\/","title":{"rendered":"M\u00e9langeurs turbo de cr\u00e8me type CMS"},"content":{"rendered":"<p>\u2022 Utilis\u00e9s pour produire tous types de cr\u00e8mes grasses de remplissage pour wafers plats et creux.<br data-start=\"1019\" data-end=\"1022\" \/>\u2022 Capacit\u00e9 allant jusqu\u2019\u00e0 <strong data-start=\"1048\" data-end=\"1062\">125 litres<\/strong>.<br data-start=\"1063\" data-end=\"1066\" \/>\u2022 Conception en <strong data-start=\"1082\" data-end=\"1102\">acier inoxydable<\/strong> r\u00e9pondant aux exigences d\u2019hygi\u00e8ne de l\u2019industrie alimentaire.<br data-start=\"1164\" data-end=\"1167\" \/>\u2022 Agitateur sp\u00e9cial pour le m\u00e9lange et la d\u00e9charge assurant une qualit\u00e9 de cr\u00e8me \u00e9lev\u00e9e et uniforme ainsi qu\u2019un vidage complet.<br data-start=\"1294\" data-end=\"1297\" \/>\u2022 L\u2019a\u00e9ration de la cr\u00e8me et la demande en mati\u00e8res premi\u00e8res peuvent \u00eatre influenc\u00e9es par l\u2019ajout d\u2019<strong data-start=\"1397\" data-end=\"1413\">air comprim\u00e9<\/strong> pendant le m\u00e9lange.<br data-start=\"1433\" data-end=\"1436\" \/>\u2022 Commande <strong data-start=\"1447\" data-end=\"1476\">\u00e9lectrique et pneumatique<\/strong> pour fonctionnement manuel ou enti\u00e8rement automatique.<br data-start=\"1531\" data-end=\"1534\" \/>\u2022 Disposition sp\u00e9ciale des pales et de l\u2019arbre du m\u00e9langeur permettant la production de cr\u00e8me en quelques minutes.<br data-start=\"1648\" data-end=\"1651\" \/>\u2022 Cuve de m\u00e9lange \u00e0 double enveloppe d\u2019eau pour refroidir la cr\u00e8me et \u00e9viter la solidification des graisses liquides.<br data-start=\"1768\" data-end=\"1771\" \/>\u2022 Actionneurs pneumatiques pour l\u2019ouverture et la fermeture du couvercle.<br data-start=\"1844\" data-end=\"1847\" \/>\u2022 Combinaison de <strong data-start=\"1864\" data-end=\"1883\">deux m\u00e9langeurs<\/strong> en syst\u00e8me tandem assurant un approvisionnement continu en cr\u00e8me m\u00eame pour une production \u00e0 grande \u00e9chelle.<\/p>\n","protected":false},"excerpt":{"rendered":"<p>\u2022 Utilis\u00e9s pour produire tous types de cr\u00e8mes grasses de remplissage pour wafers plats et creux.\u2022 Capacit\u00e9 allant&#8230;<\/p>\n","protected":false},"featured_media":0,"template":"","meta":[],"product_cat":[180],"product_tag":[],"class_list":{"0":"post-14561","1":"product","2":"type-product","3":"status-publish","5":"product_cat-ligne-de-production-de-gaufrettes","7":"first","8":"instock","9":"shipping-taxable","10":"product-type-simple"},"_links":{"self":[{"href":"https:\/\/morcosmachinery.com\/fr\/wp-json\/wp\/v2\/product\/14561","targetHints":{"allow":["GET"]}}],"collection":[{"href":"https:\/\/morcosmachinery.com\/fr\/wp-json\/wp\/v2\/product"}],"about":[{"href":"https:\/\/morcosmachinery.com\/fr\/wp-json\/wp\/v2\/types\/product"}],"wp:attachment":[{"href":"https:\/\/morcosmachinery.com\/fr\/wp-json\/wp\/v2\/media?parent=14561"}],"wp:term":[{"taxonomy":"product_cat","embeddable":true,"href":"https:\/\/morcosmachinery.com\/fr\/wp-json\/wp\/v2\/product_cat?post=14561"},{"taxonomy":"product_tag","embeddable":true,"href":"https:\/\/morcosmachinery.com\/fr\/wp-json\/wp\/v2\/product_tag?post=14561"}],"curies":[{"name":"wp","href":"https:\/\/api.w.org\/{rel}","templated":true}]}}