{"id":14569,"date":"2026-03-06T12:10:14","date_gmt":"2026-03-06T10:10:14","guid":{"rendered":"https:\/\/morcosmachinery.com\/?post_type=product&#038;p=14569"},"modified":"2026-03-06T12:13:32","modified_gmt":"2026-03-06T10:13:32","slug":"refroidisseur-de-blocs-de-wafer-type-wbcl","status":"publish","type":"product","link":"https:\/\/morcosmachinery.com\/fr\/product\/refroidisseur-de-blocs-de-wafer-type-wbcl\/","title":{"rendered":"Refroidisseur de blocs de wafer type WBCL"},"content":{"rendered":"<p data-start=\"423\" data-end=\"930\">\u2022 Utilis\u00e9 pour le refroidissement des blocs de wafer garnis de cr\u00e8me apr\u00e8s l\u2019\u00e9talement et avant la d\u00e9coupe.<br data-start=\"601\" data-end=\"604\" \/>\u2022 Faible encombrement.<br data-start=\"626\" data-end=\"629\" \/>\u2022 Refroidissement rapide des produits par contact direct avec les <strong data-start=\"695\" data-end=\"724\">pinces de refroidissement<\/strong> ou les compartiments de refroidissement.<br data-start=\"765\" data-end=\"768\" \/>\u2022 Conception modulaire permettant une augmentation de la capacit\u00e9 ult\u00e9rieurement.<br data-start=\"849\" data-end=\"852\" \/>\u2022 Acc\u00e8s facile par les portes lat\u00e9rales pour le nettoyage et la maintenance.<\/p>\n","protected":false},"excerpt":{"rendered":"<p>\u2022 Utilis\u00e9 pour le refroidissement des blocs de wafer garnis de cr\u00e8me apr\u00e8s l\u2019\u00e9talement et avant la d\u00e9coupe.\u2022&#8230;<\/p>\n","protected":false},"featured_media":0,"template":"","meta":[],"product_cat":[180],"product_tag":[],"class_list":{"0":"post-14569","1":"product","2":"type-product","3":"status-publish","5":"product_cat-ligne-de-production-de-gaufrettes","7":"first","8":"instock","9":"shipping-taxable","10":"product-type-simple"},"_links":{"self":[{"href":"https:\/\/morcosmachinery.com\/fr\/wp-json\/wp\/v2\/product\/14569","targetHints":{"allow":["GET"]}}],"collection":[{"href":"https:\/\/morcosmachinery.com\/fr\/wp-json\/wp\/v2\/product"}],"about":[{"href":"https:\/\/morcosmachinery.com\/fr\/wp-json\/wp\/v2\/types\/product"}],"wp:attachment":[{"href":"https:\/\/morcosmachinery.com\/fr\/wp-json\/wp\/v2\/media?parent=14569"}],"wp:term":[{"taxonomy":"product_cat","embeddable":true,"href":"https:\/\/morcosmachinery.com\/fr\/wp-json\/wp\/v2\/product_cat?post=14569"},{"taxonomy":"product_tag","embeddable":true,"href":"https:\/\/morcosmachinery.com\/fr\/wp-json\/wp\/v2\/product_tag?post=14569"}],"curies":[{"name":"wp","href":"https:\/\/api.w.org\/{rel}","templated":true}]}}