{"id":14574,"date":"2026-03-06T12:18:29","date_gmt":"2026-03-06T10:18:29","guid":{"rendered":"https:\/\/morcosmachinery.com\/?post_type=product&#038;p=14574"},"modified":"2026-03-06T12:23:49","modified_gmt":"2026-03-06T10:23:49","slug":"coupeuse-de-blocs-de-wafer-type-mbwct","status":"publish","type":"product","link":"https:\/\/morcosmachinery.com\/fr\/product\/coupeuse-de-blocs-de-wafer-type-mbwct\/","title":{"rendered":"Coupeuse de blocs de wafer type MBWCT"},"content":{"rendered":"<p>\u2022 Coupe les blocs de wafer sortant du refroidisseur de blocs de wafer en doigts de wafer plus petits selon la taille souhait\u00e9e.<br data-start=\"944\" data-end=\"947\" \/>\u2022 Fonctionnement <strong data-start=\"964\" data-end=\"991\">enti\u00e8rement automatique<\/strong>.<br data-start=\"992\" data-end=\"995\" \/>\u2022 Possibilit\u00e9 de couper un seul bloc de wafer ou plusieurs blocs empil\u00e9s.<br data-start=\"1068\" data-end=\"1071\" \/>\u2022 Diff\u00e9rentes tailles de produits possibles gr\u00e2ce \u00e0 des <strong data-start=\"1127\" data-end=\"1163\">cadres de coupe interchangeables<\/strong> avec fils de coupe ou lames de coupe (selon l\u2019application).<br data-start=\"1223\" data-end=\"1226\" \/>\u2022 Les versions <strong data-start=\"1241\" data-end=\"1259\">tandem ou twin<\/strong> permettent des capacit\u00e9s plus \u00e9lev\u00e9es et la production simultan\u00e9e de doigts de wafer en deux tailles diff\u00e9rentes.<br data-start=\"1373\" data-end=\"1376\" \/>\u2022 La combinaison avec un <strong data-start=\"1401\" data-end=\"1429\">\u00e9vacuateur et un broyeur<\/strong> permet le recyclage automatique des d\u00e9chets de wafer pour la production de cr\u00e8me de wafer.<br data-start=\"1520\" data-end=\"1523\" \/>\u2022 Acc\u00e8s facile par les portes lat\u00e9rales pour le nettoyage et la maintenance.<\/p>\n","protected":false},"excerpt":{"rendered":"<p>\u2022 Coupe les blocs de wafer sortant du refroidisseur de blocs de wafer en doigts de wafer plus&#8230;<\/p>\n","protected":false},"featured_media":0,"template":"","meta":[],"product_cat":[180],"product_tag":[],"class_list":{"0":"post-14574","1":"product","2":"type-product","3":"status-publish","5":"product_cat-ligne-de-production-de-gaufrettes","7":"first","8":"instock","9":"shipping-taxable","10":"product-type-simple"},"_links":{"self":[{"href":"https:\/\/morcosmachinery.com\/fr\/wp-json\/wp\/v2\/product\/14574","targetHints":{"allow":["GET"]}}],"collection":[{"href":"https:\/\/morcosmachinery.com\/fr\/wp-json\/wp\/v2\/product"}],"about":[{"href":"https:\/\/morcosmachinery.com\/fr\/wp-json\/wp\/v2\/types\/product"}],"wp:attachment":[{"href":"https:\/\/morcosmachinery.com\/fr\/wp-json\/wp\/v2\/media?parent=14574"}],"wp:term":[{"taxonomy":"product_cat","embeddable":true,"href":"https:\/\/morcosmachinery.com\/fr\/wp-json\/wp\/v2\/product_cat?post=14574"},{"taxonomy":"product_tag","embeddable":true,"href":"https:\/\/morcosmachinery.com\/fr\/wp-json\/wp\/v2\/product_tag?post=14574"}],"curies":[{"name":"wp","href":"https:\/\/api.w.org\/{rel}","templated":true}]}}