{"id":14575,"date":"2026-03-06T12:31:37","date_gmt":"2026-03-06T10:31:37","guid":{"rendered":"https:\/\/morcosmachinery.com\/?post_type=product&#038;p=14575"},"modified":"2026-04-16T16:42:55","modified_gmt":"2026-04-16T14:42:55","slug":"machine-de-cuisson-de-cones-type-cbm","status":"publish","type":"product","link":"https:\/\/morcosmachinery.com\/fr\/product\/machine-de-cuisson-de-cones-type-cbm\/","title":{"rendered":"Machine de cuisson de c\u00f4nes type CBM"},"content":{"rendered":"<p data-start=\"684\" data-end=\"1262\">\u2022 Utilis\u00e9e pour la production <strong data-start=\"780\" data-end=\"807\">enti\u00e8rement automatique<\/strong> de cornets et de coupes de glace en grandes quantit\u00e9s.<br data-start=\"862\" data-end=\"865\" \/>\u2022 La p\u00e2te est vers\u00e9e directement dans des moules en forme de c\u00f4ne o\u00f9 elle est cuite pour obtenir la forme finale du cornet.<br data-start=\"988\" data-end=\"991\" \/>\u2022 La machine peut \u00eatre fabriqu\u00e9e avec <strong data-start=\"1029\" data-end=\"1047\">19 \u00e0 35 moules<\/strong> selon la capacit\u00e9 de production requise.<br data-start=\"1088\" data-end=\"1091\" \/>\u2022 Elle fonctionne avec un syst\u00e8me de chauffage <strong data-start=\"1138\" data-end=\"1148\" data-is-only-node=\"\">au gaz<\/strong> avec m\u00e9lange d\u2019air contr\u00f4l\u00e9 et capteurs de temp\u00e9rature pour assurer une bonne ignition et une cuisson uniforme.<\/p>\n<p data-start=\"1264\" data-end=\"1513\">\u2022 La temp\u00e9rature et le fonctionnement sont enti\u00e8rement contr\u00f4l\u00e9s par un <strong data-start=\"1336\" data-end=\"1351\">syst\u00e8me PLC<\/strong> et une <strong data-start=\"1359\" data-end=\"1386\">interface \u00e9cran tactile<\/strong>, garantissant une haute efficacit\u00e9 et une qualit\u00e9 de produit constante.<br data-start=\"1458\" data-end=\"1461\" \/>\u2022 <strong data-start=\"1463\" data-end=\"1496\">Empileur automatique de c\u00f4nes<\/strong> avec compteur.<\/p>\n","protected":false},"excerpt":{"rendered":"<p>\u2022 Utilis\u00e9e pour la production enti\u00e8rement automatique de cornets et de coupes de glace en grandes quantit\u00e9s.\u2022 La&#8230;<\/p>\n","protected":false},"featured_media":14700,"template":"","meta":[],"product_cat":[180],"product_tag":[],"class_list":{"0":"post-14575","1":"product","2":"type-product","3":"status-publish","4":"has-post-thumbnail","6":"product_cat-ligne-de-production-de-gaufrettes","8":"first","9":"instock","10":"shipping-taxable","11":"product-type-simple"},"_links":{"self":[{"href":"https:\/\/morcosmachinery.com\/fr\/wp-json\/wp\/v2\/product\/14575","targetHints":{"allow":["GET"]}}],"collection":[{"href":"https:\/\/morcosmachinery.com\/fr\/wp-json\/wp\/v2\/product"}],"about":[{"href":"https:\/\/morcosmachinery.com\/fr\/wp-json\/wp\/v2\/types\/product"}],"wp:featuredmedia":[{"embeddable":true,"href":"https:\/\/morcosmachinery.com\/fr\/wp-json\/wp\/v2\/media\/14700"}],"wp:attachment":[{"href":"https:\/\/morcosmachinery.com\/fr\/wp-json\/wp\/v2\/media?parent=14575"}],"wp:term":[{"taxonomy":"product_cat","embeddable":true,"href":"https:\/\/morcosmachinery.com\/fr\/wp-json\/wp\/v2\/product_cat?post=14575"},{"taxonomy":"product_tag","embeddable":true,"href":"https:\/\/morcosmachinery.com\/fr\/wp-json\/wp\/v2\/product_tag?post=14575"}],"curies":[{"name":"wp","href":"https:\/\/api.w.org\/{rel}","templated":true}]}}