{"id":14588,"date":"2026-04-07T12:39:00","date_gmt":"2026-04-07T10:39:00","guid":{"rendered":"https:\/\/morcosmachinery.com\/?post_type=product&#038;p=14588"},"modified":"2026-04-16T12:23:27","modified_gmt":"2026-04-16T10:23:27","slug":"empileurs-de-biscuits-4-5-etapes-type-ps","status":"publish","type":"product","link":"https:\/\/morcosmachinery.com\/fr\/product\/empileurs-de-biscuits-4-5-etapes-type-ps\/","title":{"rendered":"Empileurs de biscuits (4\/5 \u00e9tapes) type PS"},"content":{"rendered":"<div style=\"width: 940px;\" class=\"wp-video\"><!--[if lt IE 9]><script>document.createElement('video');<\/script><![endif]-->\n<video class=\"wp-video-shortcode\" id=\"video-14588-1\" width=\"940\" height=\"529\" preload=\"metadata\" controls=\"controls\"><source type=\"video\/mp4\" src=\"https:\/\/morcosmachinery.com\/wp-content\/uploads\/2026\/04\/penny-stalker2.mp4?_=1\" \/><a href=\"https:\/\/morcosmachinery.com\/wp-content\/uploads\/2026\/04\/penny-stalker2.mp4\">https:\/\/morcosmachinery.com\/wp-content\/uploads\/2026\/04\/penny-stalker2.mp4<\/a><\/video><\/div>\n<p data-start=\"1140\" data-end=\"2484\">\u2022 Utilis\u00e9s pour l\u2019alignement et l\u2019empilage des biscuits, comprenant une table de guidage, un convoyeur d\u2019acc\u00e9l\u00e9ration, un arbre de transfert et des convoyeurs de mise en couches.<br data-start=\"1390\" data-end=\"1393\" \/>\u2022 Largeur utile de <strong data-start=\"1412\" data-end=\"1429\">900 \u00e0 1800 mm<\/strong>.<br data-start=\"1430\" data-end=\"1433\" \/>\u2022 Bandes en <strong data-start=\"1445\" data-end=\"1474\">PU de qualit\u00e9 alimentaire<\/strong>.<br data-start=\"1475\" data-end=\"1478\" \/>\u2022 Ch\u00e2ssis et lit de convoyeur en <strong data-start=\"1511\" data-end=\"1531\">acier inoxydable<\/strong>.<br data-start=\"1532\" data-end=\"1535\" \/>\u2022 Longueur de fonctionnement de <strong data-start=\"1567\" data-end=\"1585\">4000 \u00e0 5000 mm<\/strong>.<br data-start=\"1586\" data-end=\"1589\" \/>\u2022 L\u2019empilage commence au niveau de la table de guidage ondul\u00e9e, con\u00e7ue pour une seule taille de produit avec moteur ind\u00e9pendant (\u00c9tape 1).<br data-start=\"1727\" data-end=\"1730\" \/>\u2022 Le convoyeur d\u2019acc\u00e9l\u00e9ration re\u00e7oit le produit et le transmet \u00e0 l\u2019arbre de transfert qui g\u00e8re les produits acc\u00e9l\u00e9r\u00e9s vers l\u2019\u00e9tape finale (\u00c9tapes 2 &amp; 3).<br data-start=\"1883\" data-end=\"1886\" \/>\u2022 Le convoyeur de mise en couches empile ensuite les produits en couches pr\u00eates pour les convoyeurs de conditionnement (\u00c9tape 4).<br data-start=\"2015\" data-end=\"2018\" \/>\u2022 Un convoyeur suppl\u00e9mentaire peut \u00eatre ajout\u00e9 selon les besoins du client (\u00c9tape 5).<br data-start=\"2103\" data-end=\"2106\" \/>\u2022 Tous les convoyeurs sont entra\u00een\u00e9s par des motor\u00e9ducteurs europ\u00e9ens avec <strong data-start=\"2181\" data-end=\"2208\">variateurs de fr\u00e9quence<\/strong> pour une vitesse variable.<br data-start=\"2235\" data-end=\"2238\" \/>\u2022 Syst\u00e8me automatique de centrage et tension des bandes avec <strong data-start=\"2299\" data-end=\"2322\">v\u00e9rins pneumatiques<\/strong> des deux c\u00f4t\u00e9s.<br data-start=\"2338\" data-end=\"2341\" \/>\u2022 \u00c9quip\u00e9s de guides produits en <strong data-start=\"2373\" data-end=\"2393\">acier inoxydable<\/strong>.<br data-start=\"2394\" data-end=\"2397\" \/>\u2022 Panneau de commande avec \u00e9cran <strong data-start=\"2430\" data-end=\"2441\">tactile<\/strong> affichant les donn\u00e9es de fonctionnement.<\/p>\n","protected":false},"excerpt":{"rendered":"<p>\u2022 Utilis\u00e9s pour l\u2019alignement et l\u2019empilage des biscuits, comprenant une table de guidage, un convoyeur d\u2019acc\u00e9l\u00e9ration, un arbre&#8230;<\/p>\n","protected":false},"featured_media":0,"template":"","meta":[],"product_cat":[184,106],"product_tag":[],"class_list":{"0":"post-14588","1":"product","2":"type-product","3":"status-publish","5":"product_cat-equipements-des-lignes-de-production-de-biscuits","6":"product_cat-systemes-de-transfert-et-dempilage-automatises","8":"first","9":"instock","10":"shipping-taxable","11":"product-type-simple"},"_links":{"self":[{"href":"https:\/\/morcosmachinery.com\/fr\/wp-json\/wp\/v2\/product\/14588","targetHints":{"allow":["GET"]}}],"collection":[{"href":"https:\/\/morcosmachinery.com\/fr\/wp-json\/wp\/v2\/product"}],"about":[{"href":"https:\/\/morcosmachinery.com\/fr\/wp-json\/wp\/v2\/types\/product"}],"wp:attachment":[{"href":"https:\/\/morcosmachinery.com\/fr\/wp-json\/wp\/v2\/media?parent=14588"}],"wp:term":[{"taxonomy":"product_cat","embeddable":true,"href":"https:\/\/morcosmachinery.com\/fr\/wp-json\/wp\/v2\/product_cat?post=14588"},{"taxonomy":"product_tag","embeddable":true,"href":"https:\/\/morcosmachinery.com\/fr\/wp-json\/wp\/v2\/product_tag?post=14588"}],"curies":[{"name":"wp","href":"https:\/\/api.w.org\/{rel}","templated":true}]}}