{"id":14592,"date":"2026-04-07T13:07:59","date_gmt":"2026-04-07T11:07:59","guid":{"rendered":"https:\/\/morcosmachinery.com\/?post_type=product&#038;p=14592"},"modified":"2026-04-07T13:11:38","modified_gmt":"2026-04-07T11:11:38","slug":"empileurs-a-etoiles-pour-biscuits-type-ks","status":"publish","type":"product","link":"https:\/\/morcosmachinery.com\/fr\/product\/empileurs-a-etoiles-pour-biscuits-type-ks\/","title":{"rendered":"Empileurs \u00e0 \u00e9toiles pour biscuits type KS"},"content":{"rendered":"<p data-start=\"1146\" data-end=\"2454\">\u2022 Utilis\u00e9s pour l\u2019alignement et l\u2019empilage des biscuits, comprenant une table de guidage, un ensemble d\u2019\u00e9toiles d\u2019empilage et des guides en acier inoxydable.<br data-start=\"1374\" data-end=\"1377\" \/>\u2022 Ch\u00e2ssis en acier peint avec lit de convoyeur en acier inoxydable.<br data-start=\"1444\" data-end=\"1447\" \/>\u2022 Largeur utile de <strong data-start=\"1466\" data-end=\"1483\">900 \u00e0 1800 mm<\/strong>.<br data-start=\"1484\" data-end=\"1487\" \/>\u2022 Bandes en <strong data-start=\"1499\" data-end=\"1528\">PU de qualit\u00e9 alimentaire<\/strong>.<br data-start=\"1529\" data-end=\"1532\" \/>\u2022 Ch\u00e2ssis et lit de bande enti\u00e8rement en <strong data-start=\"1573\" data-end=\"1593\">acier inoxydable<\/strong>.<br data-start=\"1594\" data-end=\"1597\" \/>\u2022 Longueur de fonctionnement d\u2019environ <strong data-start=\"1636\" data-end=\"1647\">2300 mm<\/strong>.<br data-start=\"1648\" data-end=\"1651\" \/>\u2022 \u00c9quip\u00e9s d\u2019une plaque de guidage ondul\u00e9e pour une seule taille de produit avec moteur ind\u00e9pendant.<br data-start=\"1750\" data-end=\"1753\" \/>\u2022 Hauteur effective de <strong data-start=\"1776\" data-end=\"1798\">1300 mm \u00e0 l\u2019entr\u00e9e<\/strong> et <strong data-start=\"1802\" data-end=\"1822\">850 mm en sortie<\/strong>.<br data-start=\"1823\" data-end=\"1826\" \/>\u2022 \u00c9toiles d\u2019empilage r\u00e9glables sur la largeur, entra\u00een\u00e9es ind\u00e9pendamment pour empiler les rang\u00e9es de biscuits.<br data-start=\"1936\" data-end=\"1939\" \/>\u2022 Stations d\u2019entra\u00eenement \u00e9quip\u00e9es de motor\u00e9ducteurs <strong data-start=\"1992\" data-end=\"1999\">SEW<\/strong> avec variateurs de fr\u00e9quence <strong data-start=\"2029\" data-end=\"2062\">Siemens ou Schneider Electric<\/strong>.<br data-start=\"2063\" data-end=\"2066\" \/>\u2022 Stations de nettoyage des bandes avec tiroir.<br data-start=\"2113\" data-end=\"2116\" \/>\u2022 Syst\u00e8me automatique de centrage des bandes avec <strong data-start=\"2166\" data-end=\"2189\">v\u00e9rins pneumatiques<\/strong> aux deux c\u00f4t\u00e9s \u00e0 une extr\u00e9mit\u00e9.<br data-start=\"2221\" data-end=\"2224\" \/>\u2022 Syst\u00e8me automatique de tension des bandes avec <strong data-start=\"2273\" data-end=\"2317\">ressorts m\u00e9caniques et rouleau \u00e0 gravit\u00e9<\/strong>.<br data-start=\"2318\" data-end=\"2321\" \/>\u2022 Panneau de commande <strong data-start=\"2343\" data-end=\"2354\">tactile<\/strong> avec affichage des vitesses.<br data-start=\"2383\" data-end=\"2386\" \/>\u2022 Hauteur de sortie <strong data-start=\"2406\" data-end=\"2423\">850 mm du sol<\/strong> avec pieds r\u00e9glables \u00b125 mm.<\/p>\n","protected":false},"excerpt":{"rendered":"<p>\u2022 Utilis\u00e9s pour l\u2019alignement et l\u2019empilage des biscuits, comprenant une table de guidage, un ensemble d\u2019\u00e9toiles d\u2019empilage et&#8230;<\/p>\n","protected":false},"featured_media":0,"template":"","meta":[],"product_cat":[184],"product_tag":[],"class_list":{"0":"post-14592","1":"product","2":"type-product","3":"status-publish","5":"product_cat-equipements-des-lignes-de-production-de-biscuits","7":"first","8":"instock","9":"shipping-taxable","10":"product-type-simple"},"_links":{"self":[{"href":"https:\/\/morcosmachinery.com\/fr\/wp-json\/wp\/v2\/product\/14592","targetHints":{"allow":["GET"]}}],"collection":[{"href":"https:\/\/morcosmachinery.com\/fr\/wp-json\/wp\/v2\/product"}],"about":[{"href":"https:\/\/morcosmachinery.com\/fr\/wp-json\/wp\/v2\/types\/product"}],"wp:attachment":[{"href":"https:\/\/morcosmachinery.com\/fr\/wp-json\/wp\/v2\/media?parent=14592"}],"wp:term":[{"taxonomy":"product_cat","embeddable":true,"href":"https:\/\/morcosmachinery.com\/fr\/wp-json\/wp\/v2\/product_cat?post=14592"},{"taxonomy":"product_tag","embeddable":true,"href":"https:\/\/morcosmachinery.com\/fr\/wp-json\/wp\/v2\/product_tag?post=14592"}],"curies":[{"name":"wp","href":"https:\/\/api.w.org\/{rel}","templated":true}]}}