{"id":14604,"date":"2026-04-07T13:28:30","date_gmt":"2026-04-07T11:28:30","guid":{"rendered":"https:\/\/morcosmachinery.com\/?post_type=product&#038;p=14604"},"modified":"2026-04-07T13:44:26","modified_gmt":"2026-04-07T11:44:26","slug":"mouleuse-rotative-rotary-moulder","status":"publish","type":"product","link":"https:\/\/morcosmachinery.com\/fr\/product\/mouleuse-rotative-rotary-moulder\/","title":{"rendered":"Mouleuse rotative (Rotary Moulder)"},"content":{"rendered":"<p>\u2022 Machine sp\u00e9cialis\u00e9e utilis\u00e9e pour former des pi\u00e8ces de p\u00e2te \u00e0 biscuit (p\u00e2te courte) avec une grande pr\u00e9cision et r\u00e9gularit\u00e9.<br data-start=\"1183\" data-end=\"1186\" \/>\u2022 La p\u00e2te est press\u00e9e dans des moules repr\u00e9sentant la forme n\u00e9gative du produit final, incluant le motif, le nom et le type.<br data-start=\"1310\" data-end=\"1313\" \/>\u2022 L\u2019exc\u00e9dent de p\u00e2te est \u00e9limin\u00e9 par une lame racleuse agissant sur la surface du moule, assurant une formation uniforme.<br data-start=\"1434\" data-end=\"1437\" \/>\u2022 Les pi\u00e8ces form\u00e9es sont ensuite extraites et transf\u00e9r\u00e9es sur un convoyeur en tissu, g\u00e9n\u00e9ralement en toile de coton.<br data-start=\"1554\" data-end=\"1557\" data-is-only-node=\"\" \/>\u2022 Tout exc\u00e9dent de p\u00e2te est automatiquement recycl\u00e9 dans le syst\u00e8me pour optimiser l\u2019utilisation des mati\u00e8res.<br data-start=\"1667\" data-end=\"1670\" \/>\u2022 Le convoyeur de r\u00e9ception fonctionne \u00e0 vitesse variable pour assurer la synchronisation avec les \u00e9quipements en aval.<br data-start=\"1789\" data-end=\"1792\" \/>\u2022 La mouleuse rotative et le convoyeur de sortie sont entra\u00een\u00e9s par des <strong data-start=\"1864\" data-end=\"1928\">moteurs ind\u00e9pendants avec variateurs de fr\u00e9quence (Inverter)<\/strong>.<br data-start=\"1929\" data-end=\"1932\" \/>\u2022 Le syst\u00e8me est contr\u00f4l\u00e9 via un panneau central comprenant le disjoncteur principal, les variateurs, le <strong data-start=\"2037\" data-end=\"2044\">PLC<\/strong> et les borniers.<br data-start=\"2061\" data-end=\"2064\" \/>\u2022 Une interface <strong data-start=\"2080\" data-end=\"2087\">HMI<\/strong> int\u00e9gr\u00e9e permet la surveillance en temps r\u00e9el, le contr\u00f4le et la visualisation du fonctionnement de la machine.<\/p>\n","protected":false},"excerpt":{"rendered":"<p>\u2022 Machine sp\u00e9cialis\u00e9e utilis\u00e9e pour former des pi\u00e8ces de p\u00e2te \u00e0 biscuit (p\u00e2te courte) avec une grande pr\u00e9cision&#8230;<\/p>\n","protected":false},"featured_media":14601,"template":"","meta":[],"product_cat":[184],"product_tag":[],"class_list":{"0":"post-14604","1":"product","2":"type-product","3":"status-publish","4":"has-post-thumbnail","6":"product_cat-equipements-des-lignes-de-production-de-biscuits","8":"first","9":"instock","10":"shipping-taxable","11":"product-type-simple"},"_links":{"self":[{"href":"https:\/\/morcosmachinery.com\/fr\/wp-json\/wp\/v2\/product\/14604","targetHints":{"allow":["GET"]}}],"collection":[{"href":"https:\/\/morcosmachinery.com\/fr\/wp-json\/wp\/v2\/product"}],"about":[{"href":"https:\/\/morcosmachinery.com\/fr\/wp-json\/wp\/v2\/types\/product"}],"wp:featuredmedia":[{"embeddable":true,"href":"https:\/\/morcosmachinery.com\/fr\/wp-json\/wp\/v2\/media\/14601"}],"wp:attachment":[{"href":"https:\/\/morcosmachinery.com\/fr\/wp-json\/wp\/v2\/media?parent=14604"}],"wp:term":[{"taxonomy":"product_cat","embeddable":true,"href":"https:\/\/morcosmachinery.com\/fr\/wp-json\/wp\/v2\/product_cat?post=14604"},{"taxonomy":"product_tag","embeddable":true,"href":"https:\/\/morcosmachinery.com\/fr\/wp-json\/wp\/v2\/product_tag?post=14604"}],"curies":[{"name":"wp","href":"https:\/\/api.w.org\/{rel}","templated":true}]}}