{"id":14612,"date":"2026-04-07T13:59:01","date_gmt":"2026-04-07T11:59:01","guid":{"rendered":"https:\/\/morcosmachinery.com\/?post_type=product&#038;p=14612"},"modified":"2026-04-16T11:52:06","modified_gmt":"2026-04-16T09:52:06","slug":"convoyeur-basculant-type-ttb","status":"publish","type":"product","link":"https:\/\/morcosmachinery.com\/fr\/product\/convoyeur-basculant-type-ttb\/","title":{"rendered":"Convoyeur basculant type TTB"},"content":{"rendered":"<p>\u2022 Utilis\u00e9 pour diriger les produits vers deux voies diff\u00e9rentes, offrant une flexibilit\u00e9 de production.<br data-start=\"892\" data-end=\"895\" \/>\u2022 \u00c9quip\u00e9 d\u2019un syst\u00e8me d\u2019inclinaison motoris\u00e9 en bout avec deux positions (droite et vers le bas) pour un d\u00e9chargement contr\u00f4l\u00e9.<br data-start=\"1022\" data-end=\"1025\" \/>\u2022 Le mouvement d\u2019inclinaison est assur\u00e9 par un moteur ind\u00e9pendant pour un positionnement pr\u00e9cis.<br data-start=\"1121\" data-end=\"1124\" \/>\u2022 Largeur utile de <strong data-start=\"1143\" data-end=\"1160\">900 \u00e0 1800 mm<\/strong>.<br data-start=\"1161\" data-end=\"1164\" \/>\u2022 Bande en <strong data-start=\"1175\" data-end=\"1204\">PU de qualit\u00e9 alimentaire<\/strong>.<br data-start=\"1205\" data-end=\"1208\" \/>\u2022 \u00c9quip\u00e9 d\u2019une station de nettoyage de bande (racleur en acier inoxydable) avec tiroir de collecte des r\u00e9sidus.<br data-start=\"1319\" data-end=\"1322\" \/>\u2022 Syst\u00e8me automatique de tension de bande avec <strong data-start=\"1369\" data-end=\"1400\">v\u00e9rins pneumatiques doubles<\/strong>.<br data-start=\"1401\" data-end=\"1404\" \/>\u2022 Syst\u00e8me automatique de centrage de bande avec <strong data-start=\"1452\" data-end=\"1468\">air comprim\u00e9<\/strong> aux deux extr\u00e9mit\u00e9s pour un alignement stable.<\/p>\n","protected":false},"excerpt":{"rendered":"<p>\u2022 Utilis\u00e9 pour diriger les produits vers deux voies diff\u00e9rentes, offrant une flexibilit\u00e9 de production.\u2022 \u00c9quip\u00e9 d\u2019un syst\u00e8me&#8230;<\/p>\n","protected":false},"featured_media":14609,"template":"","meta":[],"product_cat":[104,184,106],"product_tag":[],"class_list":{"0":"post-14612","1":"product","2":"type-product","3":"status-publish","4":"has-post-thumbnail","6":"product_cat-equipement-de-traitement-de-poudre","7":"product_cat-equipements-des-lignes-de-production-de-biscuits","8":"product_cat-systemes-de-transfert-et-dempilage-automatises","10":"first","11":"instock","12":"shipping-taxable","13":"product-type-simple"},"_links":{"self":[{"href":"https:\/\/morcosmachinery.com\/fr\/wp-json\/wp\/v2\/product\/14612","targetHints":{"allow":["GET"]}}],"collection":[{"href":"https:\/\/morcosmachinery.com\/fr\/wp-json\/wp\/v2\/product"}],"about":[{"href":"https:\/\/morcosmachinery.com\/fr\/wp-json\/wp\/v2\/types\/product"}],"wp:featuredmedia":[{"embeddable":true,"href":"https:\/\/morcosmachinery.com\/fr\/wp-json\/wp\/v2\/media\/14609"}],"wp:attachment":[{"href":"https:\/\/morcosmachinery.com\/fr\/wp-json\/wp\/v2\/media?parent=14612"}],"wp:term":[{"taxonomy":"product_cat","embeddable":true,"href":"https:\/\/morcosmachinery.com\/fr\/wp-json\/wp\/v2\/product_cat?post=14612"},{"taxonomy":"product_tag","embeddable":true,"href":"https:\/\/morcosmachinery.com\/fr\/wp-json\/wp\/v2\/product_tag?post=14612"}],"curies":[{"name":"wp","href":"https:\/\/api.w.org\/{rel}","templated":true}]}}