{"id":14640,"date":"2026-04-07T16:15:16","date_gmt":"2026-04-07T14:15:16","guid":{"rendered":"https:\/\/morcosmachinery.com\/?post_type=product&#038;p=14640"},"modified":"2026-04-07T16:19:56","modified_gmt":"2026-04-07T14:19:56","slug":"convoyeurs-de-refroidissement","status":"publish","type":"product","link":"https:\/\/morcosmachinery.com\/fr\/product\/convoyeurs-de-refroidissement\/","title":{"rendered":"Convoyeurs de refroidissement"},"content":{"rendered":"<p>\u2022 Ch\u00e2ssis en <strong data-start=\"1069\" data-end=\"1104\">acier inoxydable ou acier peint<\/strong> avec lit de convoyeur en acier inoxydable.<br data-start=\"1147\" data-end=\"1150\" \/>\u2022 Tous les rouleaux et composants en contact avec la bande sont en <strong data-start=\"1217\" data-end=\"1237\">acier inoxydable<\/strong>.<br data-start=\"1238\" data-end=\"1241\" data-is-only-node=\"\" \/>\u2022 Installation au sol ou avec <strong data-start=\"1271\" data-end=\"1312\">supports suspendus (overhead hangers)<\/strong>.<br data-start=\"1313\" data-end=\"1316\" \/>\u2022 Syst\u00e8me automatique de centrage de bande avec <strong data-start=\"1364\" data-end=\"1387\">v\u00e9rins pneumatiques<\/strong> aux deux c\u00f4t\u00e9s et extr\u00e9mit\u00e9s.<br data-start=\"1417\" data-end=\"1420\" \/>\u2022 Syst\u00e8me automatique de tension de bande avec <strong data-start=\"1467\" data-end=\"1495\">deux v\u00e9rins pneumatiques<\/strong>.<br data-start=\"1496\" data-end=\"1499\" \/>\u2022 \u00c9quip\u00e9 d\u2019une unit\u00e9 d\u2019air et d\u2019un interrupteur permettant le fonctionnement uniquement en pr\u00e9sence d\u2019air comprim\u00e9 pour prot\u00e9ger la bande.<br data-start=\"1637\" data-end=\"1640\" \/>\u2022 Tous les composants pneumatiques sont de marque <strong data-start=\"1690\" data-end=\"1699\">FESTO<\/strong>.<br data-start=\"1700\" data-end=\"1703\" \/>\u2022 Chaque convoyeur est \u00e9quip\u00e9 d\u2019un racleur en acier inoxydable avec tiroir de collecte.<br data-start=\"1790\" data-end=\"1793\" \/>\u2022 Station d\u2019entra\u00eenement avec motor\u00e9ducteur <strong data-start=\"1837\" data-end=\"1844\">SEW<\/strong> et variateur de fr\u00e9quence pour vitesse variable.<br data-start=\"1893\" data-end=\"1896\" \/>\u2022 Diam\u00e8tre du tambour moteur <strong data-start=\"1925\" data-end=\"1944\">170 mm \/ 220 mm<\/strong> selon longueur, charge et vitesse.<br data-start=\"1979\" data-end=\"1982\" \/>\u2022 \u00c9quip\u00e9 d\u2019un rouleau auxiliaire pour am\u00e9liorer le contact entre la bande et le tambour moteur.<\/p>\n","protected":false},"excerpt":{"rendered":"<p>\u2022 Ch\u00e2ssis en acier inoxydable ou acier peint avec lit de convoyeur en acier inoxydable.\u2022 Tous les rouleaux&#8230;<\/p>\n","protected":false},"featured_media":14629,"template":"","meta":[],"product_cat":[184],"product_tag":[],"class_list":{"0":"post-14640","1":"product","2":"type-product","3":"status-publish","4":"has-post-thumbnail","6":"product_cat-equipements-des-lignes-de-production-de-biscuits","8":"first","9":"instock","10":"shipping-taxable","11":"product-type-simple"},"_links":{"self":[{"href":"https:\/\/morcosmachinery.com\/fr\/wp-json\/wp\/v2\/product\/14640","targetHints":{"allow":["GET"]}}],"collection":[{"href":"https:\/\/morcosmachinery.com\/fr\/wp-json\/wp\/v2\/product"}],"about":[{"href":"https:\/\/morcosmachinery.com\/fr\/wp-json\/wp\/v2\/types\/product"}],"wp:featuredmedia":[{"embeddable":true,"href":"https:\/\/morcosmachinery.com\/fr\/wp-json\/wp\/v2\/media\/14629"}],"wp:attachment":[{"href":"https:\/\/morcosmachinery.com\/fr\/wp-json\/wp\/v2\/media?parent=14640"}],"wp:term":[{"taxonomy":"product_cat","embeddable":true,"href":"https:\/\/morcosmachinery.com\/fr\/wp-json\/wp\/v2\/product_cat?post=14640"},{"taxonomy":"product_tag","embeddable":true,"href":"https:\/\/morcosmachinery.com\/fr\/wp-json\/wp\/v2\/product_tag?post=14640"}],"curies":[{"name":"wp","href":"https:\/\/api.w.org\/{rel}","templated":true}]}}