{"id":14652,"date":"2026-04-08T08:07:07","date_gmt":"2026-04-08T06:07:07","guid":{"rendered":"https:\/\/morcosmachinery.com\/?post_type=product&#038;p=14652"},"modified":"2026-04-08T08:52:40","modified_gmt":"2026-04-08T06:52:40","slug":"alimenteur-de-pate-dough-feeder","status":"publish","type":"product","link":"https:\/\/morcosmachinery.com\/fr\/product\/alimenteur-de-pate-dough-feeder\/","title":{"rendered":"Alimenteur de p\u00e2te (Dough Feeder)"},"content":{"rendered":"<p data-start=\"768\" data-end=\"970\">\u2022 Syst\u00e8me utilis\u00e9 pour \u00e9taler les blocs de p\u00e2te en une feuille fine pr\u00eate \u00e0 \u00eatre form\u00e9e par la mouleuse rotative suivante.<\/p>\n<p data-start=\"972\" data-end=\"1004\"><strong data-start=\"972\" data-end=\"1002\">Le syst\u00e8me se compose de :<\/strong><\/p>\n<ol data-start=\"1005\" data-end=\"1446\">\n<li data-section-id=\"4744uv\" data-start=\"1005\" data-end=\"1123\">Tr\u00e9mie en <strong data-start=\"1018\" data-end=\"1038\">acier inoxydable<\/strong> \u00e9quip\u00e9e d\u2019une paire de rouleaux de pression pour former un tapis de p\u00e2te pr\u00e9form\u00e9.<\/li>\n<li data-section-id=\"1365rl1\" data-start=\"1124\" data-end=\"1231\">\u00c9l\u00e9vateur de cuve <strong data-start=\"1145\" data-end=\"1160\">hydraulique<\/strong> pour lever et basculer la cuve afin de vider la p\u00e2te dans la tr\u00e9mie.<\/li>\n<li data-section-id=\"1att5ai\" data-start=\"1232\" data-end=\"1345\">Convoyeur avec largeur utile de <strong data-start=\"1267\" data-end=\"1284\">400 \u00e0 1800 mm<\/strong>, pr\u00e9par\u00e9 pour fonctionner avec un <strong data-start=\"1319\" data-end=\"1342\">d\u00e9tecteur de m\u00e9taux<\/strong>.<\/li>\n<li data-section-id=\"168rbtg\" data-start=\"1346\" data-end=\"1446\">Syst\u00e8me de rejet <strong data-start=\"1366\" data-end=\"1381\">pneumatique<\/strong> pour \u00e9liminer la p\u00e2te non conforme dans un tiroir de collecte.<\/li>\n<\/ol>\n<p data-start=\"1448\" data-end=\"1641\">\u2022 Le convoyeur fonctionne \u00e0 vitesse variable pour alimenter en continu les machines depuis la tr\u00e9mie.<br data-start=\"1549\" data-end=\"1552\" \/>\u2022 L\u2019\u00e9l\u00e9vateur hydraulique est command\u00e9 par une <strong data-start=\"1599\" data-end=\"1620\">pompe hydraulique<\/strong> simple \u00e0 utiliser.<\/p>\n","protected":false},"excerpt":{"rendered":"<p>\u2022 Syst\u00e8me utilis\u00e9 pour \u00e9taler les blocs de p\u00e2te en une feuille fine pr\u00eate \u00e0 \u00eatre form\u00e9e par&#8230;<\/p>\n","protected":false},"featured_media":14647,"template":"","meta":[],"product_cat":[184],"product_tag":[],"class_list":{"0":"post-14652","1":"product","2":"type-product","3":"status-publish","4":"has-post-thumbnail","6":"product_cat-equipements-des-lignes-de-production-de-biscuits","8":"first","9":"instock","10":"shipping-taxable","11":"product-type-simple"},"_links":{"self":[{"href":"https:\/\/morcosmachinery.com\/fr\/wp-json\/wp\/v2\/product\/14652","targetHints":{"allow":["GET"]}}],"collection":[{"href":"https:\/\/morcosmachinery.com\/fr\/wp-json\/wp\/v2\/product"}],"about":[{"href":"https:\/\/morcosmachinery.com\/fr\/wp-json\/wp\/v2\/types\/product"}],"wp:featuredmedia":[{"embeddable":true,"href":"https:\/\/morcosmachinery.com\/fr\/wp-json\/wp\/v2\/media\/14647"}],"wp:attachment":[{"href":"https:\/\/morcosmachinery.com\/fr\/wp-json\/wp\/v2\/media?parent=14652"}],"wp:term":[{"taxonomy":"product_cat","embeddable":true,"href":"https:\/\/morcosmachinery.com\/fr\/wp-json\/wp\/v2\/product_cat?post=14652"},{"taxonomy":"product_tag","embeddable":true,"href":"https:\/\/morcosmachinery.com\/fr\/wp-json\/wp\/v2\/product_tag?post=14652"}],"curies":[{"name":"wp","href":"https:\/\/api.w.org\/{rel}","templated":true}]}}