{"id":14669,"date":"2026-04-15T16:18:47","date_gmt":"2026-04-15T14:18:47","guid":{"rendered":"https:\/\/morcosmachinery.com\/?post_type=product&#038;p=14669"},"modified":"2026-04-15T16:24:03","modified_gmt":"2026-04-15T14:24:03","slug":"unite-dentree-hygienique-hyu1-b-bs","status":"publish","type":"product","link":"https:\/\/morcosmachinery.com\/fr\/product\/unite-dentree-hygienique-hyu1-b-bs\/","title":{"rendered":"Unit\u00e9 d\u2019entr\u00e9e hygi\u00e9nique (HYU1-B-BS)"},"content":{"rendered":"<p>\u2022 Con\u00e7ue pour assurer une entr\u00e9e hygi\u00e9nique en nettoyant automatiquement les bottes des op\u00e9rateurs avant d\u2019acc\u00e9der \u00e0 la zone de production.<br data-start=\"1000\" data-end=\"1003\" \/>\u2022 Le syst\u00e8me s\u2019active lorsque l\u2019op\u00e9rateur approche son doigt d\u2019un capteur de proximit\u00e9 capacitif, d\u00e9clenchant le cycle de nettoyage.<br data-start=\"1135\" data-end=\"1138\" \/>\u2022 \u00c9quip\u00e9e d\u2019un syst\u00e8me de brosse rotative entra\u00een\u00e9 par un <strong data-start=\"1196\" data-end=\"1217\">moteur \u00e9lectrique<\/strong> pour un nettoyage efficace.<br data-start=\"1245\" data-end=\"1248\" \/>\u2022 Une buse d\u2019eau situ\u00e9e derri\u00e8re la brosse fournit un flux continu pour maintenir la brosse humide et am\u00e9liorer l\u2019efficacit\u00e9 du nettoyage.<br data-start=\"1386\" data-end=\"1389\" \/>\u2022 La brosse et le flux d\u2019eau fonctionnent automatiquement lors de l\u2019activation du capteur et s\u2019arr\u00eatent imm\u00e9diatement lorsque l\u2019op\u00e9rateur retire son doigt.<br data-start=\"1544\" data-end=\"1547\" \/>\u2022 Dispose d\u2019une entr\u00e9e pour produits chimiques avec un clapet anti-retour assurant le bon sens d\u2019\u00e9coulement et emp\u00eachant le reflux.<br data-start=\"1678\" data-end=\"1681\" \/>\u2022 Ce syst\u00e8me automatique garantit un nettoyage s\u00fbr, efficace et contr\u00f4l\u00e9 tout en maintenant des normes d\u2019hygi\u00e8ne \u00e9lev\u00e9es.<\/p>\n","protected":false},"excerpt":{"rendered":"<p>\u2022 Con\u00e7ue pour assurer une entr\u00e9e hygi\u00e9nique en nettoyant automatiquement les bottes des op\u00e9rateurs avant d\u2019acc\u00e9der \u00e0 la&#8230;<\/p>\n","protected":false},"featured_media":14665,"template":"","meta":[],"product_cat":[105],"product_tag":[],"class_list":{"0":"post-14669","1":"product","2":"type-product","3":"status-publish","4":"has-post-thumbnail","6":"product_cat-equipement-de-securite-alimentaire-et-dhygiene","8":"first","9":"instock","10":"shipping-taxable","11":"product-type-simple"},"_links":{"self":[{"href":"https:\/\/morcosmachinery.com\/fr\/wp-json\/wp\/v2\/product\/14669","targetHints":{"allow":["GET"]}}],"collection":[{"href":"https:\/\/morcosmachinery.com\/fr\/wp-json\/wp\/v2\/product"}],"about":[{"href":"https:\/\/morcosmachinery.com\/fr\/wp-json\/wp\/v2\/types\/product"}],"wp:featuredmedia":[{"embeddable":true,"href":"https:\/\/morcosmachinery.com\/fr\/wp-json\/wp\/v2\/media\/14665"}],"wp:attachment":[{"href":"https:\/\/morcosmachinery.com\/fr\/wp-json\/wp\/v2\/media?parent=14669"}],"wp:term":[{"taxonomy":"product_cat","embeddable":true,"href":"https:\/\/morcosmachinery.com\/fr\/wp-json\/wp\/v2\/product_cat?post=14669"},{"taxonomy":"product_tag","embeddable":true,"href":"https:\/\/morcosmachinery.com\/fr\/wp-json\/wp\/v2\/product_tag?post=14669"}],"curies":[{"name":"wp","href":"https:\/\/api.w.org\/{rel}","templated":true}]}}