{"id":14676,"date":"2026-04-15T17:39:25","date_gmt":"2026-04-15T15:39:25","guid":{"rendered":"https:\/\/morcosmachinery.com\/?post_type=product&#038;p=14676"},"modified":"2026-04-15T17:44:47","modified_gmt":"2026-04-15T15:44:47","slug":"station-de-transfert-transfer-station","status":"publish","type":"product","link":"https:\/\/morcosmachinery.com\/fr\/product\/station-de-transfert-transfer-station\/","title":{"rendered":"Station de transfert (Transfer Station)"},"content":{"rendered":"<p>\u2022 Le syst\u00e8me trie automatiquement les rang\u00e9es de produits sur la ligne de production, en rejetant les produits d\u00e9fectueux et en laissant passer les produits conformes.<br data-start=\"1074\" data-end=\"1077\" \/>\u2022 \u00c0 la station de rejet, les produits passent par une porte qui ne laisse passer que les articles acceptables, tandis que les produits rejet\u00e9s sont dirig\u00e9s vers un convoyeur s\u00e9par\u00e9.<br data-start=\"1258\" data-end=\"1261\" \/>\u2022 Les produits accept\u00e9s sont ensuite transf\u00e9r\u00e9s vers le convoyeur principal, fonctionnant dans les deux sens selon les besoins.<br data-start=\"1388\" data-end=\"1391\" \/>\u2022 \u00c0 la t\u00eate de la machine, une unit\u00e9 mobile dirige les rang\u00e9es de produits vers la bonne voie \u00e0 l\u2019aide d\u2019entretoises m\u00e9caniques.<br data-start=\"1519\" data-end=\"1522\" \/>\u2022 Le mouvement horizontal est assur\u00e9 par un syst\u00e8me \u00e0 cha\u00eene, avec d\u00e9tection de fin de course par cellules photo\u00e9lectriques pour \u00e9viter tout d\u00e9passement.<br data-start=\"1675\" data-end=\"1678\" \/>\u2022 Le mouvement vertical est contr\u00f4l\u00e9 par une vanne actionneur, avec des capteurs de position confirmant les positions haut\/bas pour un fonctionnement s\u00fbr et pr\u00e9cis.<\/p>\n","protected":false},"excerpt":{"rendered":"<p>\u2022 Le syst\u00e8me trie automatiquement les rang\u00e9es de produits sur la ligne de production, en rejetant les produits&#8230;<\/p>\n","protected":false},"featured_media":0,"template":"","meta":[],"product_cat":[106],"product_tag":[],"class_list":{"0":"post-14676","1":"product","2":"type-product","3":"status-publish","5":"product_cat-systemes-de-transfert-et-dempilage-automatises","7":"first","8":"instock","9":"shipping-taxable","10":"product-type-simple"},"_links":{"self":[{"href":"https:\/\/morcosmachinery.com\/fr\/wp-json\/wp\/v2\/product\/14676","targetHints":{"allow":["GET"]}}],"collection":[{"href":"https:\/\/morcosmachinery.com\/fr\/wp-json\/wp\/v2\/product"}],"about":[{"href":"https:\/\/morcosmachinery.com\/fr\/wp-json\/wp\/v2\/types\/product"}],"wp:attachment":[{"href":"https:\/\/morcosmachinery.com\/fr\/wp-json\/wp\/v2\/media?parent=14676"}],"wp:term":[{"taxonomy":"product_cat","embeddable":true,"href":"https:\/\/morcosmachinery.com\/fr\/wp-json\/wp\/v2\/product_cat?post=14676"},{"taxonomy":"product_tag","embeddable":true,"href":"https:\/\/morcosmachinery.com\/fr\/wp-json\/wp\/v2\/product_tag?post=14676"}],"curies":[{"name":"wp","href":"https:\/\/api.w.org\/{rel}","templated":true}]}}