{"id":14680,"date":"2026-04-15T17:47:47","date_gmt":"2026-04-15T15:47:47","guid":{"rendered":"https:\/\/morcosmachinery.com\/?post_type=product&#038;p=14680"},"modified":"2026-04-15T17:52:18","modified_gmt":"2026-04-15T15:52:18","slug":"systeme-dindexation-indexing","status":"publish","type":"product","link":"https:\/\/morcosmachinery.com\/fr\/product\/systeme-dindexation-indexing\/","title":{"rendered":"Syst\u00e8me d\u2019indexation (Indexing)"},"content":{"rendered":"<p>\u2022 Le syst\u00e8me d\u2019indexation assure une manipulation efficace des produits de l\u2019alimentation jusqu\u2019\u00e0 l\u2019emballage final gr\u00e2ce \u00e0 un mouvement synchronis\u00e9 et contr\u00f4l\u00e9.<br data-start=\"1310\" data-end=\"1313\" \/>\u2022 Les produits sont aliment\u00e9s en continu via le convoyeur d\u2019entr\u00e9e, qui r\u00e9gule le flux gr\u00e2ce \u00e0 une tr\u00e9mie r\u00e9glable et un m\u00e9canisme \u00e0 bande.<br data-start=\"1452\" data-end=\"1455\" \/>\u2022 Un alimentateur rotatif centrifuge oriente et s\u00e9pare les produits en un flux unique align\u00e9 \u00e0 l\u2019aide de deux disques rotatifs et de rails de guidage.<br data-start=\"1605\" data-end=\"1608\" \/>\u2022 L\u2019alimentateur fonctionne \u00e0 grande vitesse tout en maintenant une distribution correcte et en \u00e9vitant les chevauchements ou blocages.<br data-start=\"1743\" data-end=\"1746\" data-is-only-node=\"\" \/>\u2022 Les produits align\u00e9s sont transf\u00e9r\u00e9s via le convoyeur de sortie avec des guides lat\u00e9raux r\u00e9glables.<br data-start=\"1847\" data-end=\"1850\" \/>\u2022 Le syst\u00e8me utilise ensuite trois convoyeurs d\u2019indexation ind\u00e9pendants entra\u00een\u00e9s par des moteurs <strong data-start=\"1948\" data-end=\"1957\">servo<\/strong> pour un positionnement pr\u00e9cis et un contr\u00f4le des espacements.<br data-start=\"2019\" data-end=\"2022\" \/>\u2022 Ces convoyeurs utilisent des bandes perfor\u00e9es avec aspiration (vide) et cellules photo\u00e9lectriques pour stabiliser les produits et garantir des \u00e9carts pr\u00e9cis.<br data-start=\"2181\" data-end=\"2184\" \/>\u2022 \u00c0 l\u2019\u00e9tape finale, un convoyeur \u00e0 cha\u00eene de conditionnement positionne les bo\u00eetes et v\u00e9rifie leur alignement \u00e0 l\u2019aide de capteurs et de but\u00e9es.<br data-start=\"2328\" data-end=\"2331\" \/>\u2022 Le syst\u00e8me garantit un emballage <strong data-start=\"2366\" data-end=\"2393\">s\u00fbr, pr\u00e9cis et efficace<\/strong> avec des dispositifs de protection int\u00e9gr\u00e9s.<\/p>\n","protected":false},"excerpt":{"rendered":"<p>\u2022 Le syst\u00e8me d\u2019indexation assure une manipulation efficace des produits de l\u2019alimentation jusqu\u2019\u00e0 l\u2019emballage final gr\u00e2ce \u00e0 un&#8230;<\/p>\n","protected":false},"featured_media":0,"template":"","meta":[],"product_cat":[106],"product_tag":[],"class_list":{"0":"post-14680","1":"product","2":"type-product","3":"status-publish","5":"product_cat-systemes-de-transfert-et-dempilage-automatises","7":"first","8":"instock","9":"shipping-taxable","10":"product-type-simple"},"_links":{"self":[{"href":"https:\/\/morcosmachinery.com\/fr\/wp-json\/wp\/v2\/product\/14680","targetHints":{"allow":["GET"]}}],"collection":[{"href":"https:\/\/morcosmachinery.com\/fr\/wp-json\/wp\/v2\/product"}],"about":[{"href":"https:\/\/morcosmachinery.com\/fr\/wp-json\/wp\/v2\/types\/product"}],"wp:attachment":[{"href":"https:\/\/morcosmachinery.com\/fr\/wp-json\/wp\/v2\/media?parent=14680"}],"wp:term":[{"taxonomy":"product_cat","embeddable":true,"href":"https:\/\/morcosmachinery.com\/fr\/wp-json\/wp\/v2\/product_cat?post=14680"},{"taxonomy":"product_tag","embeddable":true,"href":"https:\/\/morcosmachinery.com\/fr\/wp-json\/wp\/v2\/product_tag?post=14680"}],"curies":[{"name":"wp","href":"https:\/\/api.w.org\/{rel}","templated":true}]}}