{"id":6245,"date":"2023-05-27T15:59:38","date_gmt":"2023-05-27T13:59:38","guid":{"rendered":"https:\/\/morcosmachinery.com\/product\/wafer-book-cooler\/"},"modified":"2023-07-30T12:17:20","modified_gmt":"2023-07-30T12:17:20","slug":"wafer-book-cooler","status":"publish","type":"product","link":"https:\/\/morcosmachinery.com\/fr\/product\/wafer-book-cooler\/","title":{"rendered":"Refroidisseur de livre Wafer"},"content":{"rendered":"<p><strong>Caract\u00e9ristiques<\/strong><\/p>\n<ul>\n<li>UTILIS\u00c9 POUR LE REFROIDISSEMENT DES LIVRES EN AZYME REMPLI DE CR\u00c8ME APR\u00c8S \u00c9PAISSAGE ET AVANT DE COUPER UN TEMPS DE REFROIDISSEMENT DE 10 MIN<\/li>\n<li>JUSQU&#8217;\u00c0 ENVIRON 1100 LIVRES\/H PEUVENT \u00caTRE TRAIT\u00c9S<\/li>\n<li>PEU D&#8217;ESPACE EXIG\u00c9<\/li>\n<li>REFROIDISSEMENT RAPIDE DES PRODUITS PAR CONTACT DIRECT AVEC LES PINCES DE REFROIDISSEMENT OU LES COMPARTIMENTS DE REFROIDISSEMENT<\/li>\n<li>LA CONCEPTION MODULAIRE PERMET DES AM\u00c9LIORATIONS DE CAPACIT\u00c9 ULT\u00c9RIEURES<\/li>\n<li>BON ACC\u00c8S PAR LES PORTES LAT\u00c9RALES POUR LE NETTOYAGE ET LA MAINTENANCE<\/li>\n<\/ul>\n<p>&nbsp;<\/p>\n","protected":false},"excerpt":{"rendered":"<p>Caract\u00e9ristiques UTILIS\u00c9 POUR LE REFROIDISSEMENT DES LIVRES EN AZYME REMPLI DE CR\u00c8ME APR\u00c8S \u00c9PAISSAGE ET AVANT DE COUPER&#8230;<\/p>\n","protected":false},"featured_media":5384,"template":"","meta":[],"product_cat":[15],"product_tag":[],"class_list":{"0":"post-6245","1":"product","2":"type-product","3":"status-publish","4":"has-post-thumbnail","6":"product_cat-uncategorized","8":"first","9":"instock","10":"shipping-taxable","11":"purchasable","12":"product-type-simple"},"_links":{"self":[{"href":"https:\/\/morcosmachinery.com\/fr\/wp-json\/wp\/v2\/product\/6245","targetHints":{"allow":["GET"]}}],"collection":[{"href":"https:\/\/morcosmachinery.com\/fr\/wp-json\/wp\/v2\/product"}],"about":[{"href":"https:\/\/morcosmachinery.com\/fr\/wp-json\/wp\/v2\/types\/product"}],"wp:featuredmedia":[{"embeddable":true,"href":"https:\/\/morcosmachinery.com\/fr\/wp-json\/wp\/v2\/media\/5384"}],"wp:attachment":[{"href":"https:\/\/morcosmachinery.com\/fr\/wp-json\/wp\/v2\/media?parent=6245"}],"wp:term":[{"taxonomy":"product_cat","embeddable":true,"href":"https:\/\/morcosmachinery.com\/fr\/wp-json\/wp\/v2\/product_cat?post=6245"},{"taxonomy":"product_tag","embeddable":true,"href":"https:\/\/morcosmachinery.com\/fr\/wp-json\/wp\/v2\/product_tag?post=6245"}],"curies":[{"name":"wp","href":"https:\/\/api.w.org\/{rel}","templated":true}]}}