{"id":6250,"date":"2023-05-27T16:13:31","date_gmt":"2023-05-27T14:13:31","guid":{"rendered":"https:\/\/morcosmachinery.com\/product\/spare-parts-for-our-equipment\/"},"modified":"2023-07-30T12:15:29","modified_gmt":"2023-07-30T12:15:29","slug":"pieces-de-rechange-pour-nos-equipements","status":"publish","type":"product","link":"https:\/\/morcosmachinery.com\/fr\/product\/pieces-de-rechange-pour-nos-equipements\/","title":{"rendered":"Pi\u00e8ces de rechange pour nos \u00e9quipements"},"content":{"rendered":"<h4><em><strong>Disponible tous les accessoires et pi\u00e8ces manufactur\u00e9es de nos \u00e9quipements..<\/strong><\/em><\/h4>\n<p>&nbsp;<\/p>\n","protected":false},"excerpt":{"rendered":"<p>Disponible tous les accessoires et pi\u00e8ces manufactur\u00e9es de nos \u00e9quipements.. &nbsp;<\/p>\n","protected":false},"featured_media":5353,"template":"","meta":[],"product_cat":[110],"product_tag":[],"class_list":{"0":"post-6250","1":"product","2":"type-product","3":"status-publish","4":"has-post-thumbnail","6":"product_cat-des-pieces-de-rechange","8":"first","9":"instock","10":"shipping-taxable","11":"product-type-simple"},"_links":{"self":[{"href":"https:\/\/morcosmachinery.com\/fr\/wp-json\/wp\/v2\/product\/6250","targetHints":{"allow":["GET"]}}],"collection":[{"href":"https:\/\/morcosmachinery.com\/fr\/wp-json\/wp\/v2\/product"}],"about":[{"href":"https:\/\/morcosmachinery.com\/fr\/wp-json\/wp\/v2\/types\/product"}],"wp:featuredmedia":[{"embeddable":true,"href":"https:\/\/morcosmachinery.com\/fr\/wp-json\/wp\/v2\/media\/5353"}],"wp:attachment":[{"href":"https:\/\/morcosmachinery.com\/fr\/wp-json\/wp\/v2\/media?parent=6250"}],"wp:term":[{"taxonomy":"product_cat","embeddable":true,"href":"https:\/\/morcosmachinery.com\/fr\/wp-json\/wp\/v2\/product_cat?post=6250"},{"taxonomy":"product_tag","embeddable":true,"href":"https:\/\/morcosmachinery.com\/fr\/wp-json\/wp\/v2\/product_tag?post=6250"}],"curies":[{"name":"wp","href":"https:\/\/api.w.org\/{rel}","templated":true}]}}