{"id":6278,"date":"2023-05-29T11:49:17","date_gmt":"2023-05-29T11:49:17","guid":{"rendered":"https:\/\/morcosmachinery.com\/product\/machine-de-decoupe-de-beurre\/"},"modified":"2023-07-30T12:12:40","modified_gmt":"2023-07-30T12:12:40","slug":"machine-de-decoupe-de-beurre","status":"publish","type":"product","link":"https:\/\/morcosmachinery.com\/fr\/product\/machine-de-decoupe-de-beurre\/","title":{"rendered":"Machine de d\u00e9coupe de beurre"},"content":{"rendered":"<ul>\n<li>Machine enti\u00e8rement fabriqu\u00e9e en acier inoxydable 304l.<\/li>\n<li>Capable de couper 1500 kg de blocs de beurre par heure.<\/li>\n<li>Peut g\u00e9rer des dimensions de bloc jusqu&#8217;\u00e0 420\/310\/220 mm.<\/li>\n<li>\u00c9paisseur de tranche r\u00e9glable de 20 \u00e0 90 mm.<\/li>\n<\/ul>\n","protected":false},"excerpt":{"rendered":"<p>Machine enti\u00e8rement fabriqu\u00e9e en acier inoxydable 304l. Capable de couper 1500 kg de blocs de beurre par heure&#8230;.<\/p>\n","protected":false},"featured_media":5335,"template":"","meta":[],"product_cat":[111],"product_tag":[],"class_list":{"0":"post-6278","1":"product","2":"type-product","3":"status-publish","4":"has-post-thumbnail","6":"product_cat-autres","8":"first","9":"instock","10":"shipping-taxable","11":"purchasable","12":"product-type-simple"},"_links":{"self":[{"href":"https:\/\/morcosmachinery.com\/fr\/wp-json\/wp\/v2\/product\/6278","targetHints":{"allow":["GET"]}}],"collection":[{"href":"https:\/\/morcosmachinery.com\/fr\/wp-json\/wp\/v2\/product"}],"about":[{"href":"https:\/\/morcosmachinery.com\/fr\/wp-json\/wp\/v2\/types\/product"}],"wp:featuredmedia":[{"embeddable":true,"href":"https:\/\/morcosmachinery.com\/fr\/wp-json\/wp\/v2\/media\/5335"}],"wp:attachment":[{"href":"https:\/\/morcosmachinery.com\/fr\/wp-json\/wp\/v2\/media?parent=6278"}],"wp:term":[{"taxonomy":"product_cat","embeddable":true,"href":"https:\/\/morcosmachinery.com\/fr\/wp-json\/wp\/v2\/product_cat?post=6278"},{"taxonomy":"product_tag","embeddable":true,"href":"https:\/\/morcosmachinery.com\/fr\/wp-json\/wp\/v2\/product_tag?post=6278"}],"curies":[{"name":"wp","href":"https:\/\/api.w.org\/{rel}","templated":true}]}}