{"id":6297,"date":"2023-05-27T15:43:32","date_gmt":"2023-05-27T13:43:32","guid":{"rendered":"https:\/\/morcosmachinery.com\/product\/convoyeurs-ronds-type-tu\/"},"modified":"2023-05-27T15:43:32","modified_gmt":"2023-05-27T15:43:32","slug":"convoyeurs-ronds-type-tu","status":"publish","type":"product","link":"https:\/\/morcosmachinery.com\/fr\/product\/convoyeurs-ronds-type-tu\/","title":{"rendered":"Convoyeurs ronds type TU"},"content":{"rendered":"<ul>\n<li>Tournage de ligne efficace et pr\u00e9cis de 45\u00b0, 90\u00b0 et 180\u00b0.<\/li>\n<li>Largeurs utiles de 200 mm \u00e0 2000 mm en mati\u00e8re alimentaire.<\/li>\n<li>Cha\u00eene lat\u00e9rale sp\u00e9ciale pour entra\u00eenement par bande.<\/li>\n<li>Profil m\u00e9tallique sp\u00e9cial \u00e9quip\u00e9 de poly\u00e9thyl\u00e8ne haute densit\u00e9 pour le guidage de la cha\u00eene lat\u00e9rale.<\/li>\n<li>Galet tendeur de chaque c\u00f4t\u00e9.<\/li>\n<\/ul>\n","protected":false},"excerpt":{"rendered":"<p>Tournage de ligne efficace et pr\u00e9cis de 45\u00b0, 90\u00b0 et 180\u00b0. Largeurs utiles de 200 mm \u00e0 2000&#8230;<\/p>\n","protected":false},"featured_media":5403,"template":"","meta":[],"product_cat":[106],"product_tag":[],"class_list":{"0":"post-6297","1":"product","2":"type-product","3":"status-publish","4":"has-post-thumbnail","6":"product_cat-systemes-de-transfert-et-dempilage-automatises","8":"first","9":"instock","10":"shipping-taxable","11":"purchasable","12":"product-type-simple"},"_links":{"self":[{"href":"https:\/\/morcosmachinery.com\/fr\/wp-json\/wp\/v2\/product\/6297","targetHints":{"allow":["GET"]}}],"collection":[{"href":"https:\/\/morcosmachinery.com\/fr\/wp-json\/wp\/v2\/product"}],"about":[{"href":"https:\/\/morcosmachinery.com\/fr\/wp-json\/wp\/v2\/types\/product"}],"wp:featuredmedia":[{"embeddable":true,"href":"https:\/\/morcosmachinery.com\/fr\/wp-json\/wp\/v2\/media\/5403"}],"wp:attachment":[{"href":"https:\/\/morcosmachinery.com\/fr\/wp-json\/wp\/v2\/media?parent=6297"}],"wp:term":[{"taxonomy":"product_cat","embeddable":true,"href":"https:\/\/morcosmachinery.com\/fr\/wp-json\/wp\/v2\/product_cat?post=6297"},{"taxonomy":"product_tag","embeddable":true,"href":"https:\/\/morcosmachinery.com\/fr\/wp-json\/wp\/v2\/product_tag?post=6297"}],"curies":[{"name":"wp","href":"https:\/\/api.w.org\/{rel}","templated":true}]}}