{"id":6300,"date":"2023-05-18T00:49:32","date_gmt":"2023-05-17T22:49:32","guid":{"rendered":"https:\/\/morcosmachinery.com\/product\/decorateurs-de-chocolat\/"},"modified":"2023-05-18T00:49:32","modified_gmt":"2023-05-18T00:49:32","slug":"decorateurs-de-chocolat","status":"publish","type":"product","link":"https:\/\/morcosmachinery.com\/fr\/product\/decorateurs-de-chocolat\/","title":{"rendered":"D\u00e9corateurs de chocolat"},"content":{"rendered":"<ul>\n<li>Un dispositif de d\u00e9coration de chocolat construit en acier inoxydable, oscille dans deux axes diff\u00e9rents ind\u00e9pendamment, transversalement et longitudinalement, de sorte qu&#8217;en changeant la vitesse et la fr\u00e9quence sur les deux axes, nous obtenons diff\u00e9rents motifs de d\u00e9coration, soit en zigzag, en une boucle ou en double boucle.<\/li>\n<li>L&#8217;appareil dispose \u00e9galement d&#8217;un syst\u00e8me de nettoyage sp\u00e9cial avec deux \u00e9crans de filtration, utilis\u00e9s en cycle, nettoyant en continu le chocolat de d\u00e9coration pour \u00e9viter tout blocage du syst\u00e8me par des restes de produit, le cas \u00e9ch\u00e9ant.<\/li>\n<li>Avec ce syst\u00e8me de nettoyage sp\u00e9cial, il n&#8217;est pas n\u00e9cessaire de d\u00e9monter les tuyaux de chocolat du syst\u00e8me pour les nettoyer de temps en temps.<\/li>\n<li>Le tuyau de d\u00e9coration final est un tuyau simple avec des trous sans aucune aiguille, facile \u00e0 remplacer pour diff\u00e9rents types de produits.<\/li>\n<li>Le d\u00e9corateur est \u00e9quip\u00e9 de ses r\u00e9chauffeurs pour garder le chocolat toujours chaud et de son propre panneau de commande.<\/li>\n<li>Le d\u00e9corateur est con\u00e7u comme un appareil mobile qui permet de le placer soit \u00e0 l&#8217;int\u00e9rieur de l&#8217;enrobeuse en sortie soit sur la table de d\u00e9cor \u00e0 l&#8217;entr\u00e9e du tunnel de refroidissement<\/li>\n<\/ul>\n","protected":false},"excerpt":{"rendered":"<p>Un dispositif de d\u00e9coration de chocolat construit en acier inoxydable, oscille dans deux axes diff\u00e9rents ind\u00e9pendamment, transversalement et&#8230;<\/p>\n","protected":false},"featured_media":5401,"template":"","meta":[],"product_cat":[102],"product_tag":[],"class_list":{"0":"post-6300","1":"product","2":"type-product","3":"status-publish","4":"has-post-thumbnail","6":"product_cat-lignes-denrobage","8":"first","9":"instock","10":"shipping-taxable","11":"product-type-simple"},"_links":{"self":[{"href":"https:\/\/morcosmachinery.com\/fr\/wp-json\/wp\/v2\/product\/6300","targetHints":{"allow":["GET"]}}],"collection":[{"href":"https:\/\/morcosmachinery.com\/fr\/wp-json\/wp\/v2\/product"}],"about":[{"href":"https:\/\/morcosmachinery.com\/fr\/wp-json\/wp\/v2\/types\/product"}],"wp:featuredmedia":[{"embeddable":true,"href":"https:\/\/morcosmachinery.com\/fr\/wp-json\/wp\/v2\/media\/5401"}],"wp:attachment":[{"href":"https:\/\/morcosmachinery.com\/fr\/wp-json\/wp\/v2\/media?parent=6300"}],"wp:term":[{"taxonomy":"product_cat","embeddable":true,"href":"https:\/\/morcosmachinery.com\/fr\/wp-json\/wp\/v2\/product_cat?post=6300"},{"taxonomy":"product_tag","embeddable":true,"href":"https:\/\/morcosmachinery.com\/fr\/wp-json\/wp\/v2\/product_tag?post=6300"}],"curies":[{"name":"wp","href":"https:\/\/api.w.org\/{rel}","templated":true}]}}