{"id":6301,"date":"2023-05-18T00:34:27","date_gmt":"2023-05-17T21:34:27","guid":{"rendered":"https:\/\/morcosmachinery.com\/product\/machines-denrobage-de-laboratoire-avec-unite-de-temperage-par-lots-integree\/"},"modified":"2026-04-16T16:49:52","modified_gmt":"2026-04-16T14:49:52","slug":"machines-denrobage-de-laboratoire-avec-unite-de-temperage-par-lots-integree","status":"publish","type":"product","link":"https:\/\/morcosmachinery.com\/fr\/product\/machines-denrobage-de-laboratoire-avec-unite-de-temperage-par-lots-integree\/","title":{"rendered":"Machines d&#8217;enrobage de laboratoire avec unit\u00e9 de temp\u00e9rage par lots int\u00e9gr\u00e9e"},"content":{"rendered":"<ul>\n<li>Disponible en deux mod\u00e8les \u00ab COVTEMP 200 \u00bb &amp; \u00ab COVTEMP 305 \u00bb<\/li>\n<li>Unit\u00e9 int\u00e9gr\u00e9e de temp\u00e9rage du chocolat par lot.<\/li>\n<li>Convient pour le moulage.<\/li>\n<li>Capacit\u00e9s de production de 90 \u00e0 200 Kg\/h<\/li>\n<li>Capacit\u00e9s de bol de 24 et 50 kg avec agitateur et propre entra\u00eenement.<\/li>\n<li>Unit\u00e9 de refroidissement et syst\u00e8me de chauffage au fr\u00e9on.<\/li>\n<li>Panneau tactile avec PLC pour contr\u00f4ler toutes les fonctions de la machine.<\/li>\n<li>Doseur \u00e0 vis pour la circulation du chocolat.<\/li>\n<li>La machine peut \u00eatre utilis\u00e9e pour faire fondre du chocolat ainsi que pour temp\u00e9rer.<\/li>\n<li>\u00c9quip\u00e9 d&#8217;une p\u00e9dale pour mouler le chocolat.<\/li>\n<li>Une table avec un shaker pour mouler le chocolat.<\/li>\n<\/ul>\n","protected":false},"excerpt":{"rendered":"<p>Une large gamme de machines d&#8217;enrobage Chocolat &amp; Caramel, avec des largeurs de travail allant de 200 mm \u00e0 2200 mm. Conception de roue de masse disponible pour les lignes \u00e0 plus petite \u00e9chelle (largeurs de bande de 305, 420, 510 mm)<\/p>\n","protected":false},"featured_media":12900,"template":"","meta":[],"product_cat":[102,172],"product_tag":[],"class_list":{"0":"post-6301","1":"product","2":"type-product","3":"status-publish","4":"has-post-thumbnail","6":"product_cat-lignes-denrobage","7":"product_cat-lab-pat-equip","9":"first","10":"instock","11":"shipping-taxable","12":"purchasable","13":"product-type-simple"},"_links":{"self":[{"href":"https:\/\/morcosmachinery.com\/fr\/wp-json\/wp\/v2\/product\/6301","targetHints":{"allow":["GET"]}}],"collection":[{"href":"https:\/\/morcosmachinery.com\/fr\/wp-json\/wp\/v2\/product"}],"about":[{"href":"https:\/\/morcosmachinery.com\/fr\/wp-json\/wp\/v2\/types\/product"}],"wp:featuredmedia":[{"embeddable":true,"href":"https:\/\/morcosmachinery.com\/fr\/wp-json\/wp\/v2\/media\/12900"}],"wp:attachment":[{"href":"https:\/\/morcosmachinery.com\/fr\/wp-json\/wp\/v2\/media?parent=6301"}],"wp:term":[{"taxonomy":"product_cat","embeddable":true,"href":"https:\/\/morcosmachinery.com\/fr\/wp-json\/wp\/v2\/product_cat?post=6301"},{"taxonomy":"product_tag","embeddable":true,"href":"https:\/\/morcosmachinery.com\/fr\/wp-json\/wp\/v2\/product_tag?post=6301"}],"curies":[{"name":"wp","href":"https:\/\/api.w.org\/{rel}","templated":true}]}}