{"id":6302,"date":"2023-05-15T23:59:54","date_gmt":"2023-05-15T23:59:54","guid":{"rendered":"https:\/\/morcosmachinery.com\/product\/friteuse-donut-automatique\/"},"modified":"2023-05-15T23:59:54","modified_gmt":"2023-05-15T23:59:54","slug":"friteuse-donut-automatique","status":"publish","type":"product","link":"https:\/\/morcosmachinery.com\/fr\/product\/friteuse-donut-automatique\/","title":{"rendered":"Friteuse Donut automatique"},"content":{"rendered":"<p>Construction compl\u00e8te en acier inoxydable<\/p>\n<ul>\n<li>\u00c9gouttoir &#8211; c\u00f4t\u00e9 gauche standard &#8211; c\u00f4t\u00e9 droit en option<\/li>\n<li>Couvrir le rabat avec l&#8217;entra\u00eenement \u00e9lectrique comme couvercle de friteuse pendant la cuisson ou apr\u00e8s le travail<\/li>\n<li>Lever et tourner l&#8217;appareil avec un entra\u00eenement \u00e9lectrique ainsi que d\u00e9charger l&#8217;appareil avec un drain<\/li>\n<li>Commande par ordinateur \u00e0 \u00e9cran tactile avec m\u00e9moire pour diff\u00e9rents programmes de cuisson.<\/li>\n<li>R\u00e9gulateur exact du microprocesseur et affichage de la temp\u00e9rature<\/li>\n<li>Thermostat de s\u00e9curit\u00e9<\/li>\n<li>Dimensions de la casserole pivotante 58 x 98 cm<\/li>\n<li>Production par heure d&#8217;environ* 600 pi\u00e8ces<\/li>\n<li>Largeur en position ferm\u00e9e 1400 mm<\/li>\n<li>Largeur en position de travail 2350 mm<\/li>\n<\/ul>\n<p>Hauteur 1410mm<\/p>\n<ul>\n<li>Profondeur 830 mm<\/li>\n<li>Entr\u00e9e \u00e9lectrique pour le chauffage 9,0 kW<\/li>\n<li>Puissance \u00e9lectrique totale 10,7 kW<\/li>\n<\/ul>\n<p>&nbsp;<\/p>\n<p>Fouet de presse<\/p>\n<ul>\n<li>Machine \u00e0 fondre la cire<\/li>\n<li>E25\/ E50<\/li>\n<li>MOULEUR ROTATIVE<\/li>\n<li>Sas (soupape rotative)<\/li>\n<li>Ceinture de lubrification<\/li>\n<li>Chaudi\u00e8re<\/li>\n<li>Vanne \u00e0 trois voies<\/li>\n<li>Canalisation \u00e0 double enveloppe<\/li>\n<li>Table rotative<\/li>\n<li>Refroidisseur en spirale<\/li>\n<li>Syst\u00e8me de s\u00e9chage automatique<\/li>\n<li>Chariots<\/li>\n<li>Moulin \u00e0 ferraille continu<\/li>\n<li>Machine d&#8217;impression de casquette<\/li>\n<li>D\u00e9posante<\/li>\n<li>d\u00e9posant de la p\u00e2te<\/li>\n<li>D\u00e9posant de cr\u00e8me<\/li>\n<\/ul>\n","protected":false},"excerpt":{"rendered":"<p>Construction compl\u00e8te en acier inoxydable \u00c9gouttoir &#8211; c\u00f4t\u00e9 gauche standard &#8211; c\u00f4t\u00e9 droit en option Couvrir le rabat&#8230;<\/p>\n","protected":false},"featured_media":5335,"template":"","meta":[],"product_cat":[111],"product_tag":[],"class_list":{"0":"post-6302","1":"product","2":"type-product","3":"status-publish","4":"has-post-thumbnail","6":"product_cat-autres","8":"first","9":"instock","10":"shipping-taxable","11":"purchasable","12":"product-type-simple"},"_links":{"self":[{"href":"https:\/\/morcosmachinery.com\/fr\/wp-json\/wp\/v2\/product\/6302","targetHints":{"allow":["GET"]}}],"collection":[{"href":"https:\/\/morcosmachinery.com\/fr\/wp-json\/wp\/v2\/product"}],"about":[{"href":"https:\/\/morcosmachinery.com\/fr\/wp-json\/wp\/v2\/types\/product"}],"wp:featuredmedia":[{"embeddable":true,"href":"https:\/\/morcosmachinery.com\/fr\/wp-json\/wp\/v2\/media\/5335"}],"wp:attachment":[{"href":"https:\/\/morcosmachinery.com\/fr\/wp-json\/wp\/v2\/media?parent=6302"}],"wp:term":[{"taxonomy":"product_cat","embeddable":true,"href":"https:\/\/morcosmachinery.com\/fr\/wp-json\/wp\/v2\/product_cat?post=6302"},{"taxonomy":"product_tag","embeddable":true,"href":"https:\/\/morcosmachinery.com\/fr\/wp-json\/wp\/v2\/product_tag?post=6302"}],"curies":[{"name":"wp","href":"https:\/\/api.w.org\/{rel}","templated":true}]}}