{"id":6303,"date":"2023-05-15T23:59:05","date_gmt":"2023-05-15T21:59:05","guid":{"rendered":"https:\/\/morcosmachinery.com\/product\/tornade\/"},"modified":"2023-05-15T23:59:05","modified_gmt":"2023-05-15T23:59:05","slug":"tornade","status":"publish","type":"product","link":"https:\/\/morcosmachinery.com\/fr\/product\/tornade\/","title":{"rendered":"Tornade"},"content":{"rendered":"<h4><strong>Caract\u00e9ristiques:<\/strong><\/h4>\n<p>1- Equipement utilis\u00e9 pour retourner les bidons \u00e0 s\u00e9cher des deux c\u00f4t\u00e9s.<\/p>\n<p>2-Mati\u00e8re : Acier inoxydable.<\/p>\n<p>3- Sa longueur est calcul\u00e9e en fonction de la capacit\u00e9 de production et de la conception du syst\u00e8me de s\u00e9chage<\/p>\n","protected":false},"excerpt":{"rendered":"<p>Caract\u00e9ristiques: 1- Equipement utilis\u00e9 pour retourner les bidons \u00e0 s\u00e9cher des deux c\u00f4t\u00e9s. 2-Mati\u00e8re : Acier inoxydable. 3-&#8230;<\/p>\n","protected":false},"featured_media":5396,"template":"","meta":[],"product_cat":[107],"product_tag":[],"class_list":{"0":"post-6303","1":"product","2":"type-product","3":"status-publish","4":"has-post-thumbnail","6":"product_cat-ligne-de-production-de-conserves","8":"first","9":"instock","10":"shipping-taxable","11":"purchasable","12":"product-type-simple"},"_links":{"self":[{"href":"https:\/\/morcosmachinery.com\/fr\/wp-json\/wp\/v2\/product\/6303","targetHints":{"allow":["GET"]}}],"collection":[{"href":"https:\/\/morcosmachinery.com\/fr\/wp-json\/wp\/v2\/product"}],"about":[{"href":"https:\/\/morcosmachinery.com\/fr\/wp-json\/wp\/v2\/types\/product"}],"wp:featuredmedia":[{"embeddable":true,"href":"https:\/\/morcosmachinery.com\/fr\/wp-json\/wp\/v2\/media\/5396"}],"wp:attachment":[{"href":"https:\/\/morcosmachinery.com\/fr\/wp-json\/wp\/v2\/media?parent=6303"}],"wp:term":[{"taxonomy":"product_cat","embeddable":true,"href":"https:\/\/morcosmachinery.com\/fr\/wp-json\/wp\/v2\/product_cat?post=6303"},{"taxonomy":"product_tag","embeddable":true,"href":"https:\/\/morcosmachinery.com\/fr\/wp-json\/wp\/v2\/product_tag?post=6303"}],"curies":[{"name":"wp","href":"https:\/\/api.w.org\/{rel}","templated":true}]}}