{"id":6304,"date":"2023-05-15T23:58:15","date_gmt":"2023-05-15T21:58:15","guid":{"rendered":"https:\/\/morcosmachinery.com\/product\/convoyeurs-intermediaires\/"},"modified":"2023-05-15T23:58:15","modified_gmt":"2023-05-15T23:58:15","slug":"convoyeurs-intermediaires","status":"publish","type":"product","link":"https:\/\/morcosmachinery.com\/fr\/product\/convoyeurs-intermediaires\/","title":{"rendered":"Convoyeurs interm\u00e9diaires"},"content":{"rendered":"<h4><strong>Caract\u00e9ristiques:<\/strong><\/h4>\n<ol>\n<li>Convoyeurs modulaires\/cha\u00eenes utilis\u00e9s entre les machines pour la manutention des canettes transf\u00e9r\u00e9es d&#8217;un \u00e9tage \u00e0 l&#8217;autre.<\/li>\n<li>Sa longueur est calcul\u00e9e en fonction de la capacit\u00e9 de production et de l&#8217;am\u00e9nagement de l&#8217;usine.<\/li>\n<li>Construction enti\u00e8rement en acier inoxydable avec courroies modulaires\/cha\u00eenes en plastique haut de gamme.<\/li>\n<\/ol>\n","protected":false},"excerpt":{"rendered":"<p>Caract\u00e9ristiques: Convoyeurs modulaires\/cha\u00eenes utilis\u00e9s entre les machines pour la manutention des canettes transf\u00e9r\u00e9es d&#8217;un \u00e9tage \u00e0 l&#8217;autre. Sa&#8230;<\/p>\n","protected":false},"featured_media":5395,"template":"","meta":[],"product_cat":[107],"product_tag":[],"class_list":{"0":"post-6304","1":"product","2":"type-product","3":"status-publish","4":"has-post-thumbnail","6":"product_cat-ligne-de-production-de-conserves","8":"first","9":"instock","10":"shipping-taxable","11":"purchasable","12":"product-type-simple"},"_links":{"self":[{"href":"https:\/\/morcosmachinery.com\/fr\/wp-json\/wp\/v2\/product\/6304","targetHints":{"allow":["GET"]}}],"collection":[{"href":"https:\/\/morcosmachinery.com\/fr\/wp-json\/wp\/v2\/product"}],"about":[{"href":"https:\/\/morcosmachinery.com\/fr\/wp-json\/wp\/v2\/types\/product"}],"wp:featuredmedia":[{"embeddable":true,"href":"https:\/\/morcosmachinery.com\/fr\/wp-json\/wp\/v2\/media\/5395"}],"wp:attachment":[{"href":"https:\/\/morcosmachinery.com\/fr\/wp-json\/wp\/v2\/media?parent=6304"}],"wp:term":[{"taxonomy":"product_cat","embeddable":true,"href":"https:\/\/morcosmachinery.com\/fr\/wp-json\/wp\/v2\/product_cat?post=6304"},{"taxonomy":"product_tag","embeddable":true,"href":"https:\/\/morcosmachinery.com\/fr\/wp-json\/wp\/v2\/product_tag?post=6304"}],"curies":[{"name":"wp","href":"https:\/\/api.w.org\/{rel}","templated":true}]}}