{"id":6305,"date":"2023-05-15T23:57:29","date_gmt":"2023-05-15T21:57:29","guid":{"rendered":"https:\/\/morcosmachinery.com\/product\/depalettiseur-entierement-automatique-pour-boites-pleines-en-vrac\/"},"modified":"2023-05-15T23:57:29","modified_gmt":"2023-05-15T23:57:29","slug":"depalettiseur-entierement-automatique-pour-boites-pleines-en-vrac","status":"publish","type":"product","link":"https:\/\/morcosmachinery.com\/fr\/product\/depalettiseur-entierement-automatique-pour-boites-pleines-en-vrac\/","title":{"rendered":"D\u00e9palettiseur enti\u00e8rement automatique pour bo\u00eetes pleines en vrac"},"content":{"rendered":"<h4><strong>Caract\u00e9ristiques:<\/strong><\/h4>\n<ol>\n<li>Un syst\u00e8me enti\u00e8rement automatis\u00e9 pour le d\u00e9chargement des canettes des palettes.<\/li>\n<li>Lignes d\u00e9velopp\u00e9es d&#8217;une large gamme de capacit\u00e9s de production (jusqu&#8217;\u00e0 600 canettes par minute).<\/li>\n<li>T\u00eate de pr\u00e9l\u00e8vement magn\u00e9tique automatique pour d\u00e9charger les couches de canettes avec une pr\u00e9cision maximale.<\/li>\n<li>Chariot \u00e0 contrepoids pour une consommation d&#8217;\u00e9nergie minimale.<\/li>\n<li>S\u00e9parez la t\u00eate avec un g\u00e9n\u00e9rateur de vide \u00e0 la pointe de la technologie pour retirer les s\u00e9parateurs.<\/li>\n<li>Enti\u00e8rement automatis\u00e9 via PLC et encodeurs pour une pr\u00e9cision garantie.<\/li>\n<li>Flexibilit\u00e9 maximale pour inclure diff\u00e9rentes tailles de produits.<\/li>\n<li>Garde de s\u00e9curit\u00e9 avec interrupteurs de s\u00e9curit\u00e9 pour assurer un fonctionnement s\u00fbr.<\/li>\n<\/ol>\n<p>&nbsp;<\/p>\n","protected":false},"excerpt":{"rendered":"<p>Caract\u00e9ristiques: Un syst\u00e8me enti\u00e8rement automatis\u00e9 pour le d\u00e9chargement des canettes des palettes. Lignes d\u00e9velopp\u00e9es d&#8217;une large gamme de&#8230;<\/p>\n","protected":false},"featured_media":5408,"template":"","meta":[],"product_cat":[107],"product_tag":[],"class_list":{"0":"post-6305","1":"product","2":"type-product","3":"status-publish","4":"has-post-thumbnail","6":"product_cat-ligne-de-production-de-conserves","8":"first","9":"instock","10":"shipping-taxable","11":"purchasable","12":"product-type-simple"},"_links":{"self":[{"href":"https:\/\/morcosmachinery.com\/fr\/wp-json\/wp\/v2\/product\/6305","targetHints":{"allow":["GET"]}}],"collection":[{"href":"https:\/\/morcosmachinery.com\/fr\/wp-json\/wp\/v2\/product"}],"about":[{"href":"https:\/\/morcosmachinery.com\/fr\/wp-json\/wp\/v2\/types\/product"}],"wp:featuredmedia":[{"embeddable":true,"href":"https:\/\/morcosmachinery.com\/fr\/wp-json\/wp\/v2\/media\/5408"}],"wp:attachment":[{"href":"https:\/\/morcosmachinery.com\/fr\/wp-json\/wp\/v2\/media?parent=6305"}],"wp:term":[{"taxonomy":"product_cat","embeddable":true,"href":"https:\/\/morcosmachinery.com\/fr\/wp-json\/wp\/v2\/product_cat?post=6305"},{"taxonomy":"product_tag","embeddable":true,"href":"https:\/\/morcosmachinery.com\/fr\/wp-json\/wp\/v2\/product_tag?post=6305"}],"curies":[{"name":"wp","href":"https:\/\/api.w.org\/{rel}","templated":true}]}}