{"id":6306,"date":"2023-05-15T23:56:13","date_gmt":"2023-05-15T21:56:13","guid":{"rendered":"https:\/\/morcosmachinery.com\/product\/depalettiseur-magnetique-entierement-automatique-pour-boites-vides-en-vrac\/"},"modified":"2023-05-15T23:56:13","modified_gmt":"2023-05-15T23:56:13","slug":"depalettiseur-magnetique-entierement-automatique-pour-boites-vides-en-vrac","status":"publish","type":"product","link":"https:\/\/morcosmachinery.com\/fr\/product\/depalettiseur-magnetique-entierement-automatique-pour-boites-vides-en-vrac\/","title":{"rendered":"D\u00e9palettiseur magn\u00e9tique enti\u00e8rement automatique pour bo\u00eetes vides en vrac"},"content":{"rendered":"<h4><strong>Caract\u00e9ristiques:<\/strong><\/h4>\n<p>1- Un syst\u00e8me automatis\u00e9, qui d\u00e9charge les palettes des canettes vides.<\/p>\n<p>2- Utilis\u00e9 pour automatiser le processus de d\u00e9palettisation en d\u00e9but de ligne.<\/p>\n<p>3- Il pousse les bidons vides des palettes sur le convoyeur puis les bidons passent par des convoyeurs modulaires pour l&#8217;\u00e9tape de st\u00e9rilisation et de remplissage.<\/p>\n<p>4- Syst\u00e8me de pinces pour assurer la position du s\u00e9parateur lors de la pouss\u00e9e des couches de bo\u00eetes.<\/p>\n<p>5- Passez l&#8217;aspirateur sur le g\u00e9n\u00e9rateur pour enlever les s\u00e9parateurs.<\/p>\n<p>6- Lignes d\u00e9velopp\u00e9es d&#8217;une large gamme de capacit\u00e9s de production (jusqu&#8217;\u00e0 600 canettes par minute).<\/p>\n<p>7- Enti\u00e8rement automatis\u00e9 via PLC et encodeur pour une pr\u00e9cision garantie.<\/p>\n","protected":false},"excerpt":{"rendered":"<p>Caract\u00e9ristiques: 1- Un syst\u00e8me automatis\u00e9, qui d\u00e9charge les palettes des canettes vides. 2- Utilis\u00e9 pour automatiser le processus&#8230;<\/p>\n","protected":false},"featured_media":5394,"template":"","meta":[],"product_cat":[107],"product_tag":[],"class_list":{"0":"post-6306","1":"product","2":"type-product","3":"status-publish","4":"has-post-thumbnail","6":"product_cat-ligne-de-production-de-conserves","8":"first","9":"instock","10":"shipping-taxable","11":"purchasable","12":"product-type-simple"},"_links":{"self":[{"href":"https:\/\/morcosmachinery.com\/fr\/wp-json\/wp\/v2\/product\/6306","targetHints":{"allow":["GET"]}}],"collection":[{"href":"https:\/\/morcosmachinery.com\/fr\/wp-json\/wp\/v2\/product"}],"about":[{"href":"https:\/\/morcosmachinery.com\/fr\/wp-json\/wp\/v2\/types\/product"}],"wp:featuredmedia":[{"embeddable":true,"href":"https:\/\/morcosmachinery.com\/fr\/wp-json\/wp\/v2\/media\/5394"}],"wp:attachment":[{"href":"https:\/\/morcosmachinery.com\/fr\/wp-json\/wp\/v2\/media?parent=6306"}],"wp:term":[{"taxonomy":"product_cat","embeddable":true,"href":"https:\/\/morcosmachinery.com\/fr\/wp-json\/wp\/v2\/product_cat?post=6306"},{"taxonomy":"product_tag","embeddable":true,"href":"https:\/\/morcosmachinery.com\/fr\/wp-json\/wp\/v2\/product_tag?post=6306"}],"curies":[{"name":"wp","href":"https:\/\/api.w.org\/{rel}","templated":true}]}}