{"id":6307,"date":"2023-05-15T23:54:37","date_gmt":"2023-05-15T21:54:37","guid":{"rendered":"https:\/\/morcosmachinery.com\/product\/machine-de-chargement-automatique-de-paniers-de-canettes\/"},"modified":"2023-05-15T23:54:37","modified_gmt":"2023-05-15T23:54:37","slug":"machine-de-chargement-automatique-de-paniers-de-canettes","status":"publish","type":"product","link":"https:\/\/morcosmachinery.com\/fr\/product\/machine-de-chargement-automatique-de-paniers-de-canettes\/","title":{"rendered":"Machine de chargement automatique de paniers de canettes"},"content":{"rendered":"<h4><strong>Caract\u00e9ristiques:<\/strong><\/h4>\n<ol>\n<li>Des machines lourdes sont utilis\u00e9es pour charger des conserves de haricots ou de l\u00e9gumineuses dans des paniers.<\/li>\n<li>Lignes d\u00e9velopp\u00e9es d&#8217;une large gamme de capacit\u00e9s de production (jusqu&#8217;\u00e0 600 canettes par minute).<\/li>\n<li>T\u00eate de pr\u00e9l\u00e8vement magn\u00e9tique automatique pour charger les couches de canettes avec une pr\u00e9cision maximale.<\/li>\n<li>Positionnement de l&#8217;\u00e9l\u00e9vateur hydraulique pour abaisser les couches de canettes de mani\u00e8re progressive.<\/li>\n<li>G\u00e9n\u00e9rateur de vide \u00e0 la pointe de la technologie pour ajouter des s\u00e9parateurs en plastique.<\/li>\n<li>Con\u00e7u pour assurer des couches parfaitement align\u00e9es.<\/li>\n<li>Ex\u00e9cution enti\u00e8rement en acier inoxydable.<\/li>\n<li>Enti\u00e8rement automatis\u00e9 via PLC et encodeurs pour une pr\u00e9cision garantie.<\/li>\n<li>Flexibilit\u00e9 maximale pour inclure diff\u00e9rentes tailles de produits.<\/li>\n<li>Garde de s\u00e9curit\u00e9 \u00e9quip\u00e9e d&#8217;interrupteurs de s\u00e9curit\u00e9 pour assurer un fonctionnement s\u00fbr.<\/li>\n<\/ol>\n","protected":false},"excerpt":{"rendered":"<p>Caract\u00e9ristiques: Des machines lourdes sont utilis\u00e9es pour charger des conserves de haricots ou de l\u00e9gumineuses dans des paniers&#8230;.<\/p>\n","protected":false},"featured_media":5393,"template":"","meta":[],"product_cat":[107],"product_tag":[],"class_list":{"0":"post-6307","1":"product","2":"type-product","3":"status-publish","4":"has-post-thumbnail","6":"product_cat-ligne-de-production-de-conserves","8":"first","9":"instock","10":"shipping-taxable","11":"purchasable","12":"product-type-simple"},"_links":{"self":[{"href":"https:\/\/morcosmachinery.com\/fr\/wp-json\/wp\/v2\/product\/6307","targetHints":{"allow":["GET"]}}],"collection":[{"href":"https:\/\/morcosmachinery.com\/fr\/wp-json\/wp\/v2\/product"}],"about":[{"href":"https:\/\/morcosmachinery.com\/fr\/wp-json\/wp\/v2\/types\/product"}],"wp:featuredmedia":[{"embeddable":true,"href":"https:\/\/morcosmachinery.com\/fr\/wp-json\/wp\/v2\/media\/5393"}],"wp:attachment":[{"href":"https:\/\/morcosmachinery.com\/fr\/wp-json\/wp\/v2\/media?parent=6307"}],"wp:term":[{"taxonomy":"product_cat","embeddable":true,"href":"https:\/\/morcosmachinery.com\/fr\/wp-json\/wp\/v2\/product_cat?post=6307"},{"taxonomy":"product_tag","embeddable":true,"href":"https:\/\/morcosmachinery.com\/fr\/wp-json\/wp\/v2\/product_tag?post=6307"}],"curies":[{"name":"wp","href":"https:\/\/api.w.org\/{rel}","templated":true}]}}