{"id":6309,"date":"2023-05-15T23:52:21","date_gmt":"2023-05-15T21:52:21","guid":{"rendered":"https:\/\/morcosmachinery.com\/product\/machine-automatique-de-dechargement-de-paniers-de-canettes\/"},"modified":"2023-05-15T23:52:21","modified_gmt":"2023-05-15T23:52:21","slug":"machine-automatique-de-dechargement-de-paniers-de-canettes","status":"publish","type":"product","link":"https:\/\/morcosmachinery.com\/fr\/product\/machine-automatique-de-dechargement-de-paniers-de-canettes\/","title":{"rendered":"Machine automatique de d\u00e9chargement de paniers de canettes"},"content":{"rendered":"<h4><strong>Caract\u00e9ristiques:<\/strong><\/h4>\n<ol>\n<li>Machine lourde utilis\u00e9e pour d\u00e9charger les produits en conserve de haricots ou de l\u00e9gumineuses des paniers.<\/li>\n<li>Lignes d\u00e9velopp\u00e9es d&#8217;une large gamme de capacit\u00e9s de production (jusqu&#8217;\u00e0 600 canettes par minute).<\/li>\n<li>T\u00eate de pr\u00e9l\u00e8vement magn\u00e9tique automatique pour d\u00e9charger les couches de canettes avec une pr\u00e9cision maximale.<\/li>\n<li>Positionnement de l&#8217;\u00e9l\u00e9vateur hydraulique pour soulever les couches de canettes de mani\u00e8re progressive.<\/li>\n<li>G\u00e9n\u00e9rateur de vide \u00e0 la pointe de la technologie pour \u00e9liminer les s\u00e9parateurs en plastique.<\/li>\n<li>Ex\u00e9cution enti\u00e8rement en acier inoxydable.<\/li>\n<li>Enti\u00e8rement automatis\u00e9 via PLC et encodeurs pour une pr\u00e9cision garantie.<\/li>\n<li>Flexibilit\u00e9 maximale pour inclure diff\u00e9rentes tailles de produits.<\/li>\n<li>Garde de s\u00e9curit\u00e9 \u00e9quip\u00e9e d&#8217;interrupteurs de s\u00e9curit\u00e9 pour assurer un fonctionnement s\u00fbr<\/li>\n<\/ol>\n","protected":false},"excerpt":{"rendered":"<p>Caract\u00e9ristiques: Machine lourde utilis\u00e9e pour d\u00e9charger les produits en conserve de haricots ou de l\u00e9gumineuses des paniers. Lignes&#8230;<\/p>\n","protected":false},"featured_media":5391,"template":"","meta":[],"product_cat":[107],"product_tag":[],"class_list":{"0":"post-6309","1":"product","2":"type-product","3":"status-publish","4":"has-post-thumbnail","6":"product_cat-ligne-de-production-de-conserves","8":"first","9":"instock","10":"shipping-taxable","11":"purchasable","12":"product-type-simple"},"_links":{"self":[{"href":"https:\/\/morcosmachinery.com\/fr\/wp-json\/wp\/v2\/product\/6309","targetHints":{"allow":["GET"]}}],"collection":[{"href":"https:\/\/morcosmachinery.com\/fr\/wp-json\/wp\/v2\/product"}],"about":[{"href":"https:\/\/morcosmachinery.com\/fr\/wp-json\/wp\/v2\/types\/product"}],"wp:featuredmedia":[{"embeddable":true,"href":"https:\/\/morcosmachinery.com\/fr\/wp-json\/wp\/v2\/media\/5391"}],"wp:attachment":[{"href":"https:\/\/morcosmachinery.com\/fr\/wp-json\/wp\/v2\/media?parent=6309"}],"wp:term":[{"taxonomy":"product_cat","embeddable":true,"href":"https:\/\/morcosmachinery.com\/fr\/wp-json\/wp\/v2\/product_cat?post=6309"},{"taxonomy":"product_tag","embeddable":true,"href":"https:\/\/morcosmachinery.com\/fr\/wp-json\/wp\/v2\/product_tag?post=6309"}],"curies":[{"name":"wp","href":"https:\/\/api.w.org\/{rel}","templated":true}]}}