{"id":6310,"date":"2023-05-15T23:50:10","date_gmt":"2023-05-15T21:50:10","guid":{"rendered":"https:\/\/morcosmachinery.com\/product\/autoclaves-autoclaves\/"},"modified":"2023-10-25T16:27:14","modified_gmt":"2023-10-25T14:27:14","slug":"autoclaves-autoclaves","status":"publish","type":"product","link":"https:\/\/morcosmachinery.com\/fr\/product\/autoclaves-autoclaves\/","title":{"rendered":"Autoclaves \u00ab Autoclaves \u00bb"},"content":{"rendered":"<h4><strong>Caract\u00e9ristiques:<\/strong><\/h4>\n<ul>\n<li>Chambre de pression utilis\u00e9e pour r\u00e9aliser des processus industriels n\u00e9cessitant une temp\u00e9rature \u00e9lev\u00e9e et une pression diff\u00e9rente de la pression de l&#8217;air ambiant.<\/li>\n<li>Utilis\u00e9 pour cuire et st\u00e9riliser les bo\u00eetes de haricots en les soumettant \u00e0 de la vapeur satur\u00e9e \u00e0 haute pression \u00e0 120-121\u00b0 C pendant environ 50-60 minutes selon la taille de la charge et du contenu.<\/li>\n<li>5 m de long et pouvant transporter 5 chariots remplis de bidons.<\/li>\n<li>Types : I. R\u00e9plique r\u00e9guli\u00e8re.<\/li>\n<li>Riposte rotative.<\/li>\n<\/ul>\n<h4><\/h4>\n<p><strong>Options \u00e0 ajouter sur demande :<\/strong><\/p>\n<ol>\n<li>Le syst\u00e8me de tirage motoris\u00e9 du panier vide automatiquement les autoclaves.<\/li>\n<li>Chariot en acier inoxydable 304L.<\/li>\n<li>Panier en acier inoxydable 304L.<\/li>\n<li>Fond de panier en acier inoxydable 304L.<\/li>\n<li>S\u00e9parateur en polypropyl\u00e8ne pour bo\u00eetes de haricots<\/li>\n<\/ol>\n","protected":false},"excerpt":{"rendered":"<p>Caract\u00e9ristiques: Chambre de pression utilis\u00e9e pour r\u00e9aliser des processus industriels n\u00e9cessitant une temp\u00e9rature \u00e9lev\u00e9e et une pression diff\u00e9rente&#8230;<\/p>\n","protected":false},"featured_media":9269,"template":"","meta":[],"product_cat":[107],"product_tag":[],"class_list":{"0":"post-6310","1":"product","2":"type-product","3":"status-publish","4":"has-post-thumbnail","6":"product_cat-ligne-de-production-de-conserves","8":"first","9":"instock","10":"shipping-taxable","11":"purchasable","12":"product-type-simple"},"_links":{"self":[{"href":"https:\/\/morcosmachinery.com\/fr\/wp-json\/wp\/v2\/product\/6310","targetHints":{"allow":["GET"]}}],"collection":[{"href":"https:\/\/morcosmachinery.com\/fr\/wp-json\/wp\/v2\/product"}],"about":[{"href":"https:\/\/morcosmachinery.com\/fr\/wp-json\/wp\/v2\/types\/product"}],"wp:featuredmedia":[{"embeddable":true,"href":"https:\/\/morcosmachinery.com\/fr\/wp-json\/wp\/v2\/media\/9269"}],"wp:attachment":[{"href":"https:\/\/morcosmachinery.com\/fr\/wp-json\/wp\/v2\/media?parent=6310"}],"wp:term":[{"taxonomy":"product_cat","embeddable":true,"href":"https:\/\/morcosmachinery.com\/fr\/wp-json\/wp\/v2\/product_cat?post=6310"},{"taxonomy":"product_tag","embeddable":true,"href":"https:\/\/morcosmachinery.com\/fr\/wp-json\/wp\/v2\/product_tag?post=6310"}],"curies":[{"name":"wp","href":"https:\/\/api.w.org\/{rel}","templated":true}]}}