{"id":6311,"date":"2023-05-15T23:48:44","date_gmt":"2023-05-15T21:48:44","guid":{"rendered":"https:\/\/morcosmachinery.com\/product\/palettiseur-entierement-automatique-pour-boites-pleines-en-vrac\/"},"modified":"2023-05-15T23:48:44","modified_gmt":"2023-05-15T23:48:44","slug":"palettiseur-entierement-automatique-pour-boites-pleines-en-vrac","status":"publish","type":"product","link":"https:\/\/morcosmachinery.com\/fr\/product\/palettiseur-entierement-automatique-pour-boites-pleines-en-vrac\/","title":{"rendered":"Palettiseur enti\u00e8rement automatique pour bo\u00eetes pleines en vrac"},"content":{"rendered":"<h4><strong>Caract\u00e9ristiques:<\/strong><\/h4>\n<p>1- Un syst\u00e8me enti\u00e8rement automatis\u00e9 pour le chargement des canettes sur des palettes.<\/p>\n<p>2- Lignes d\u00e9velopp\u00e9es d&#8217;une large gamme de capacit\u00e9s de production (jusqu&#8217;\u00e0 600 canettes par minute).<\/p>\n<p>3- T\u00eate de pr\u00e9l\u00e8vement magn\u00e9tique automatique pour charger les couches de canettes avec une pr\u00e9cision maximale.<\/p>\n<p>4- Chariot \u00e0 contre-poids pour une consommation d&#8217;\u00e9nergie minimale.<\/p>\n<p>5- S\u00e9parez la t\u00eate avec un g\u00e9n\u00e9rateur de vide \u00e0 la fine pointe de la technologie pour ajouter des s\u00e9parateurs entre les couches de canettes.<\/p>\n<p>6- Con\u00e7u pour assurer des couches parfaitement align\u00e9es.<\/p>\n<p>7- Enti\u00e8rement automatis\u00e9 via PLC et encodeurs pour une pr\u00e9cision garantie.<\/p>\n<p>8- Flexibilit\u00e9 maximale pour inclure diff\u00e9rentes tailles de produits.<\/p>\n<p>9- Garde de s\u00e9curit\u00e9 avec interrupteurs de s\u00e9curit\u00e9 pour assurer un fonctionnement s\u00fbr.<\/p>\n","protected":false},"excerpt":{"rendered":"<p>Caract\u00e9ristiques: 1- Un syst\u00e8me enti\u00e8rement automatis\u00e9 pour le chargement des canettes sur des palettes. 2- Lignes d\u00e9velopp\u00e9es d&#8217;une&#8230;<\/p>\n","protected":false},"featured_media":5389,"template":"","meta":[],"product_cat":[107],"product_tag":[],"class_list":{"0":"post-6311","1":"product","2":"type-product","3":"status-publish","4":"has-post-thumbnail","6":"product_cat-ligne-de-production-de-conserves","8":"first","9":"instock","10":"shipping-taxable","11":"purchasable","12":"product-type-simple"},"_links":{"self":[{"href":"https:\/\/morcosmachinery.com\/fr\/wp-json\/wp\/v2\/product\/6311","targetHints":{"allow":["GET"]}}],"collection":[{"href":"https:\/\/morcosmachinery.com\/fr\/wp-json\/wp\/v2\/product"}],"about":[{"href":"https:\/\/morcosmachinery.com\/fr\/wp-json\/wp\/v2\/types\/product"}],"wp:featuredmedia":[{"embeddable":true,"href":"https:\/\/morcosmachinery.com\/fr\/wp-json\/wp\/v2\/media\/5389"}],"wp:attachment":[{"href":"https:\/\/morcosmachinery.com\/fr\/wp-json\/wp\/v2\/media?parent=6311"}],"wp:term":[{"taxonomy":"product_cat","embeddable":true,"href":"https:\/\/morcosmachinery.com\/fr\/wp-json\/wp\/v2\/product_cat?post=6311"},{"taxonomy":"product_tag","embeddable":true,"href":"https:\/\/morcosmachinery.com\/fr\/wp-json\/wp\/v2\/product_tag?post=6311"}],"curies":[{"name":"wp","href":"https:\/\/api.w.org\/{rel}","templated":true}]}}