{"id":6312,"date":"2023-05-15T23:47:35","date_gmt":"2023-05-15T21:47:35","guid":{"rendered":"https:\/\/morcosmachinery.com\/product\/remplisseur-de-douche\/"},"modified":"2023-12-22T15:30:22","modified_gmt":"2023-12-22T13:30:22","slug":"remplisseur-de-douche","status":"publish","type":"product","link":"https:\/\/morcosmachinery.com\/fr\/product\/remplisseur-de-douche\/","title":{"rendered":"Remplisseur de douche"},"content":{"rendered":"<p>Sp\u00e9cifications\u00a0:<br \/>\n1. Machine con\u00e7ue pour manipuler les bo\u00eetes de haricots et les remplir d\u2019un certain volume de liquide qui<br \/>\ncontient de la saumure avec des particules \/ poudre.<br \/>\n2. Muni d\u2019une pompe qui pr\u00e9l\u00e8ve le liquide du r\u00e9servoir r\u00e9chauff\u00e9 vers un plateau positionn\u00e9<br \/>\nau-dessus des r\u00e9cipients; ce plateau se frotte contre le bord du r\u00e9cipient. Le liquide d\u00e9borde<br \/>\nmais pas le produit solide.<br \/>\n3. Temp\u00e9rature de remplissage de la saumure\u00a0: 85\u00b0 &#8211; 90 \u00b0C.<br \/>\n4. Disponible en diff\u00e9rentes tailles de bo\u00eetes.<br \/>\n5. Capacit\u00e9\u00a0: jusqu\u2019\u00e0 600 cpm.<br \/>\n6. Capacit\u00e9 du r\u00e9servoir de saumure\u00a0: 400 L avec pompe de recyclage.<br \/>\n7. Mat\u00e9riel\u00a0: acier inoxydable 316L.<br \/>\nOptions \u00e0 ajouter sur demande\u00a0:<br \/>\n1. Agitateur \u00e0 l\u2019int\u00e9rieur du r\u00e9servoir r\u00e9chauff\u00e9 pour agiter la saumure en continu.<\/p>\n","protected":false},"excerpt":{"rendered":"<p>Sp\u00e9cifications\u00a0: 1. Machine con\u00e7ue pour manipuler les bo\u00eetes de haricots et les remplir d\u2019un certain volume de liquide&#8230;<\/p>\n","protected":false},"featured_media":9303,"template":"","meta":[],"product_cat":[107],"product_tag":[],"class_list":{"0":"post-6312","1":"product","2":"type-product","3":"status-publish","4":"has-post-thumbnail","6":"product_cat-ligne-de-production-de-conserves","8":"first","9":"instock","10":"shipping-taxable","11":"purchasable","12":"product-type-simple"},"_links":{"self":[{"href":"https:\/\/morcosmachinery.com\/fr\/wp-json\/wp\/v2\/product\/6312","targetHints":{"allow":["GET"]}}],"collection":[{"href":"https:\/\/morcosmachinery.com\/fr\/wp-json\/wp\/v2\/product"}],"about":[{"href":"https:\/\/morcosmachinery.com\/fr\/wp-json\/wp\/v2\/types\/product"}],"wp:featuredmedia":[{"embeddable":true,"href":"https:\/\/morcosmachinery.com\/fr\/wp-json\/wp\/v2\/media\/9303"}],"wp:attachment":[{"href":"https:\/\/morcosmachinery.com\/fr\/wp-json\/wp\/v2\/media?parent=6312"}],"wp:term":[{"taxonomy":"product_cat","embeddable":true,"href":"https:\/\/morcosmachinery.com\/fr\/wp-json\/wp\/v2\/product_cat?post=6312"},{"taxonomy":"product_tag","embeddable":true,"href":"https:\/\/morcosmachinery.com\/fr\/wp-json\/wp\/v2\/product_tag?post=6312"}],"curies":[{"name":"wp","href":"https:\/\/api.w.org\/{rel}","templated":true}]}}