{"id":6314,"date":"2023-05-15T23:44:57","date_gmt":"2023-05-15T21:44:57","guid":{"rendered":"https:\/\/morcosmachinery.com\/product\/separateurs-de-plaquettes\/"},"modified":"2023-05-15T23:44:57","modified_gmt":"2023-05-15T23:44:57","slug":"separateurs-de-plaquettes","status":"publish","type":"product","link":"https:\/\/morcosmachinery.com\/fr\/product\/separateurs-de-plaquettes\/","title":{"rendered":"S\u00e9parateurs de plaquettes"},"content":{"rendered":"<ul>\n<li>sp\u00e9cification<\/li>\n<li>Coupez les livres de plaquettes d\u00e9charg\u00e9s du refroidisseur de livre de plaquettes en petits doigts de plaquette de la taille souhait\u00e9e<\/li>\n<li>Jusqu&#8217;\u00e0 28 coupes\/min sont possibles<\/li>\n<li>Fonctionnement enti\u00e8rement automatique<\/li>\n<li>Possibilit\u00e9 de d\u00e9coupe d&#8217;un seul ou de plusieurs livres de plaquettes empil\u00e9s<\/li>\n<li>Diff\u00e9rentes tailles de produits sont possibles gr\u00e2ce \u00e0 des cadres de coupe interchangeables avec des fils de coupe ou des lames de coupe (selon l&#8217;application)<\/li>\n<li>Les versions tandem ou twin cutter permettent des capacit\u00e9s plus \u00e9lev\u00e9es et la production simultan\u00e9e de doigts de plaquette dans deux tailles diff\u00e9rentes<\/li>\n<li>La combinaison avec l&#8217;\u00e9vacuateur et le broyeur permet le recyclage automatique des d\u00e9chets de gaufrette pour la production de cr\u00e8me de gaufrette<\/li>\n<\/ul>\n","protected":false},"excerpt":{"rendered":"<p>sp\u00e9cification Coupez les livres de plaquettes d\u00e9charg\u00e9s du refroidisseur de livre de plaquettes en petits doigts de plaquette&#8230;<\/p>\n","protected":false},"featured_media":5386,"template":"","meta":[],"product_cat":[15],"product_tag":[],"class_list":{"0":"post-6314","1":"product","2":"type-product","3":"status-publish","4":"has-post-thumbnail","6":"product_cat-uncategorized","8":"first","9":"instock","10":"shipping-taxable","11":"purchasable","12":"product-type-simple"},"_links":{"self":[{"href":"https:\/\/morcosmachinery.com\/fr\/wp-json\/wp\/v2\/product\/6314","targetHints":{"allow":["GET"]}}],"collection":[{"href":"https:\/\/morcosmachinery.com\/fr\/wp-json\/wp\/v2\/product"}],"about":[{"href":"https:\/\/morcosmachinery.com\/fr\/wp-json\/wp\/v2\/types\/product"}],"wp:featuredmedia":[{"embeddable":true,"href":"https:\/\/morcosmachinery.com\/fr\/wp-json\/wp\/v2\/media\/5386"}],"wp:attachment":[{"href":"https:\/\/morcosmachinery.com\/fr\/wp-json\/wp\/v2\/media?parent=6314"}],"wp:term":[{"taxonomy":"product_cat","embeddable":true,"href":"https:\/\/morcosmachinery.com\/fr\/wp-json\/wp\/v2\/product_cat?post=6314"},{"taxonomy":"product_tag","embeddable":true,"href":"https:\/\/morcosmachinery.com\/fr\/wp-json\/wp\/v2\/product_tag?post=6314"}],"curies":[{"name":"wp","href":"https:\/\/api.w.org\/{rel}","templated":true}]}}