{"id":6316,"date":"2023-05-15T23:41:55","date_gmt":"2023-05-15T21:41:55","guid":{"rendered":"https:\/\/morcosmachinery.com\/product\/melangeur-a-creme-turbo\/"},"modified":"2023-05-15T23:41:55","modified_gmt":"2023-05-15T23:41:55","slug":"melangeur-a-creme-turbo","status":"publish","type":"product","link":"https:\/\/morcosmachinery.com\/fr\/product\/melangeur-a-creme-turbo\/","title":{"rendered":"M\u00e9langeur \u00e0 cr\u00e8me turbo"},"content":{"rendered":"<ul>\n<li>Caract\u00e9ristiques<\/li>\n<li>Utilis\u00e9 pour produire toutes sortes de garnitures de cr\u00e8me grasse pour gaufrettes plates et creuses<\/li>\n<li>Ils ont une capacit\u00e9 allant jusqu&#8217;\u00e0 250 l.<\/li>\n<li>N\u00e9cessite 5 \u00e0 10 min par cycle de m\u00e9lange selon la recette et l&#8217;a\u00e9ration souhait\u00e9e de la cr\u00e8me<\/li>\n<li>La conception en acier inoxydable r\u00e9pond aux exigences d&#8217;hygi\u00e8ne de l&#8217;industrie alimentaire<\/li>\n<li>Deux vitesses diff\u00e9rentes pour m\u00e9langer et d\u00e9charger garantissent une qualit\u00e9 de cr\u00e8me \u00e9lev\u00e9e et uniforme et une vidange compl\u00e8te<\/li>\n<li>L&#8217;a\u00e9ration de la cr\u00e8me et la demande de mati\u00e8res premi\u00e8res peuvent \u00eatre influenc\u00e9es par l&#8217;ajout d&#8217;air comprim\u00e9 pendant le m\u00e9lange<\/li>\n<li>Commande \u00e9lectronique pour un fonctionnement manuel et enti\u00e8rement automatique<\/li>\n<li>La disposition sp\u00e9ciale des pales du m\u00e9langeur et de l&#8217;arbre du m\u00e9langeur permet la production de cr\u00e8me en quelques minutes<\/li>\n<li>Le r\u00e9servoir de m\u00e9lange \u00e0 chemise d&#8217;eau refroidit la cr\u00e8me et emp\u00eache la solidification des graisses liquides<\/li>\n<li>L&#8217;actionneur ouvre et ferme le couvercle<\/li>\n<li>La combinaison de 2 m\u00e9langeurs \u00e0 un syst\u00e8me tandem assure un approvisionnement continu en cr\u00e8me, m\u00eame en cas de production \u00e0 grande \u00e9chelle<\/li>\n<\/ul>\n","protected":false},"excerpt":{"rendered":"<p>Caract\u00e9ristiques Utilis\u00e9 pour produire toutes sortes de garnitures de cr\u00e8me grasse pour gaufrettes plates et creuses Ils ont&#8230;<\/p>\n","protected":false},"featured_media":5407,"template":"","meta":[],"product_cat":[15],"product_tag":[],"class_list":{"0":"post-6316","1":"product","2":"type-product","3":"status-publish","4":"has-post-thumbnail","6":"product_cat-uncategorized","8":"first","9":"instock","10":"shipping-taxable","11":"purchasable","12":"product-type-simple"},"_links":{"self":[{"href":"https:\/\/morcosmachinery.com\/fr\/wp-json\/wp\/v2\/product\/6316","targetHints":{"allow":["GET"]}}],"collection":[{"href":"https:\/\/morcosmachinery.com\/fr\/wp-json\/wp\/v2\/product"}],"about":[{"href":"https:\/\/morcosmachinery.com\/fr\/wp-json\/wp\/v2\/types\/product"}],"wp:featuredmedia":[{"embeddable":true,"href":"https:\/\/morcosmachinery.com\/fr\/wp-json\/wp\/v2\/media\/5407"}],"wp:attachment":[{"href":"https:\/\/morcosmachinery.com\/fr\/wp-json\/wp\/v2\/media?parent=6316"}],"wp:term":[{"taxonomy":"product_cat","embeddable":true,"href":"https:\/\/morcosmachinery.com\/fr\/wp-json\/wp\/v2\/product_cat?post=6316"},{"taxonomy":"product_tag","embeddable":true,"href":"https:\/\/morcosmachinery.com\/fr\/wp-json\/wp\/v2\/product_tag?post=6316"}],"curies":[{"name":"wp","href":"https:\/\/api.w.org\/{rel}","templated":true}]}}