{"id":6319,"date":"2023-05-15T23:37:36","date_gmt":"2023-05-15T21:37:36","guid":{"rendered":"https:\/\/morcosmachinery.com\/product\/melangeurs-turbo-double-pate\/"},"modified":"2023-05-15T23:37:36","modified_gmt":"2023-05-15T23:37:36","slug":"melangeurs-turbo-double-pate","status":"publish","type":"product","link":"https:\/\/morcosmachinery.com\/fr\/product\/melangeurs-turbo-double-pate\/","title":{"rendered":"M\u00e9langeurs Turbo Double P\u00e2te"},"content":{"rendered":"<p>Caract\u00e9ristiques<\/p>\n<p>Utilis\u00e9 dans les industries des gaufrettes, des gaufrettes au sucre et des cr\u00eapes pour la production de p\u00e2tes<\/p>\n<p>Ils ont une capacit\u00e9 allant jusqu&#8217;\u00e0 250l<\/p>\n<p>La conception robuste en acier inoxydable r\u00e9pond aux exigences d&#8217;hygi\u00e8ne de l&#8217;industrie alimentaire<\/p>\n<p>N\u00e9cessite environ 3-5 min pour un cycle de m\u00e9lange selon la recette<\/p>\n<p>Bonne accessibilit\u00e9 pour un nettoyage simple<\/p>\n<p>M\u00e9lange efficace gr\u00e2ce \u00e0 une turbine compos\u00e9e d&#8217;un rotor et d&#8217;un stator<\/p>\n<p>Etanch\u00e9it\u00e9 entre turbine et moteur d&#8217;entra\u00eenement par presse-\u00e9toupe rinc\u00e9 \u00e0 l&#8217;eau<\/p>\n<p>En option : la station de p\u00e2te type ATP, plate-forme en acier inoxydable contenant le p\u00e9trin TMN et une cuve de 500 l pour un syst\u00e8me d&#8217;alimentation automatique au four<\/p>\n","protected":false},"excerpt":{"rendered":"<p>Caract\u00e9ristiques Utilis\u00e9 dans les industries des gaufrettes, des gaufrettes au sucre et des cr\u00eapes pour la production de&#8230;<\/p>\n","protected":false},"featured_media":5381,"template":"","meta":[],"product_cat":[15],"product_tag":[],"class_list":{"0":"post-6319","1":"product","2":"type-product","3":"status-publish","4":"has-post-thumbnail","6":"product_cat-uncategorized","8":"first","9":"instock","10":"shipping-taxable","11":"purchasable","12":"product-type-simple"},"_links":{"self":[{"href":"https:\/\/morcosmachinery.com\/fr\/wp-json\/wp\/v2\/product\/6319","targetHints":{"allow":["GET"]}}],"collection":[{"href":"https:\/\/morcosmachinery.com\/fr\/wp-json\/wp\/v2\/product"}],"about":[{"href":"https:\/\/morcosmachinery.com\/fr\/wp-json\/wp\/v2\/types\/product"}],"wp:featuredmedia":[{"embeddable":true,"href":"https:\/\/morcosmachinery.com\/fr\/wp-json\/wp\/v2\/media\/5381"}],"wp:attachment":[{"href":"https:\/\/morcosmachinery.com\/fr\/wp-json\/wp\/v2\/media?parent=6319"}],"wp:term":[{"taxonomy":"product_cat","embeddable":true,"href":"https:\/\/morcosmachinery.com\/fr\/wp-json\/wp\/v2\/product_cat?post=6319"},{"taxonomy":"product_tag","embeddable":true,"href":"https:\/\/morcosmachinery.com\/fr\/wp-json\/wp\/v2\/product_tag?post=6319"}],"curies":[{"name":"wp","href":"https:\/\/api.w.org\/{rel}","templated":true}]}}