{"id":6320,"date":"2023-05-15T23:36:44","date_gmt":"2023-05-15T21:36:44","guid":{"rendered":"https:\/\/morcosmachinery.com\/product\/fours-a-gaufrettes-type-swa-30-31-g-e\/"},"modified":"2023-05-15T23:36:44","modified_gmt":"2023-05-15T23:36:44","slug":"fours-a-gaufrettes-type-swa-30-31-g-e","status":"publish","type":"product","link":"https:\/\/morcosmachinery.com\/fr\/product\/fours-a-gaufrettes-type-swa-30-31-g-e\/","title":{"rendered":"Fours \u00e0 gaufrettes type SWA 30\/31 G\/E"},"content":{"rendered":"<ul>\n<li>Utilis\u00e9 pour la production semi-automatique \u00e0 petite et moyenne \u00e9chelle de wafers plats et creux.<\/li>\n<li>Conception modulaire, 12 \u00e0 31 paires de plaques de cuisson, mise \u00e0 niveau facile de la capacit\u00e9.<\/li>\n<li>Capacit\u00e9 jusqu&#8217;\u00e0 18 feuilles de plaquettes\/par min.<\/li>\n<li>Plaques de cuisson dispos\u00e9es longitudinalement pour une longueur de four et des r\u00e9sultats de cuisson optimaux.<\/li>\n<li>Disponible avec chauffage au gaz ou chauffage \u00e9lectrique.<\/li>\n<li>Double isolation de la chambre du four pour une exploitation \u00e9nerg\u00e9tique et des conditions de travail optimales.<\/li>\n<li>Les portes lat\u00e9rales permettent un bon acc\u00e8s \u00e0 l&#8217;int\u00e9rieur du four pour faciliter l&#8217;entretien.<\/li>\n<li>Couvercles et portes en acier inoxydable avec isolation.<\/li>\n<li>Nombre de plaques 30 \/ 31 pour chaque four.<\/li>\n<li>Chauffage : au Gaz Naturel.<\/li>\n<li>Raccordement pour chemin\u00e9es \u00e0 fournir par l&#8217;acheteur.<\/li>\n<li>Portes et couvercles en acier inoxydable.<\/li>\n<li>Capacit\u00e9 de production 18-20 feuilles\/min par four en fournissant une pression de gaz constante de 60 mbar.<\/li>\n<li>Gravure des plaques : \u00e0 d\u00e9finir (nous pr\u00e9conisons 24 x 25 pour donner une \u00e9paisseur de t\u00f4le de 3,1 mm).<\/li>\n<\/ul>\n<p>&nbsp;<\/p>\n","protected":false},"excerpt":{"rendered":"<p>Utilis\u00e9 pour la production semi-automatique \u00e0 petite et moyenne \u00e9chelle de wafers plats et creux. Conception modulaire, 12&#8230;<\/p>\n","protected":false},"featured_media":5380,"template":"","meta":[],"product_cat":[15],"product_tag":[],"class_list":{"0":"post-6320","1":"product","2":"type-product","3":"status-publish","4":"has-post-thumbnail","6":"product_cat-uncategorized","8":"first","9":"instock","10":"shipping-taxable","11":"purchasable","12":"product-type-simple"},"_links":{"self":[{"href":"https:\/\/morcosmachinery.com\/fr\/wp-json\/wp\/v2\/product\/6320","targetHints":{"allow":["GET"]}}],"collection":[{"href":"https:\/\/morcosmachinery.com\/fr\/wp-json\/wp\/v2\/product"}],"about":[{"href":"https:\/\/morcosmachinery.com\/fr\/wp-json\/wp\/v2\/types\/product"}],"wp:featuredmedia":[{"embeddable":true,"href":"https:\/\/morcosmachinery.com\/fr\/wp-json\/wp\/v2\/media\/5380"}],"wp:attachment":[{"href":"https:\/\/morcosmachinery.com\/fr\/wp-json\/wp\/v2\/media?parent=6320"}],"wp:term":[{"taxonomy":"product_cat","embeddable":true,"href":"https:\/\/morcosmachinery.com\/fr\/wp-json\/wp\/v2\/product_cat?post=6320"},{"taxonomy":"product_tag","embeddable":true,"href":"https:\/\/morcosmachinery.com\/fr\/wp-json\/wp\/v2\/product_tag?post=6320"}],"curies":[{"name":"wp","href":"https:\/\/api.w.org\/{rel}","templated":true}]}}