{"id":6322,"date":"2023-05-15T23:34:13","date_gmt":"2023-05-15T21:34:13","guid":{"rendered":"https:\/\/morcosmachinery.com\/product\/star-stacker-type-ks\/"},"modified":"2023-08-12T09:02:43","modified_gmt":"2023-08-12T09:02:43","slug":"star-stacker-type-ks","status":"publish","type":"product","link":"https:\/\/morcosmachinery.com\/fr\/product\/star-stacker-type-ks\/","title":{"rendered":"Star Stacker de type KS"},"content":{"rendered":"<p><strong>Pour aligner et empiler les biscuits<\/strong>, <strong>chacun se compose d&#8217;un panneau de canalisation, d&#8217;un ensemble d&#8217;\u00e9toiles empilables et est \u00e9quip\u00e9 de guides en acier inoxydable.<\/strong><\/p>\n<p>Ch\u00e2ssis en acier peint avec lit en acier inoxydable pour la bande.<\/p>\n<ul>\n<li>Largeurs utiles de 900 \u00e0 1800 mm<\/li>\n<li>Courroie PU en mat\u00e9riau r\u00e9sistant aux aliments.<\/li>\n<li>Ch\u00e2ssis et lit de ceinture en acier inoxydable total.<\/li>\n<li>Longueur de fonctionnement de 2300 mm.<\/li>\n<li>\u00c9quip\u00e9 d&#8217;une plaque ondul\u00e9e de canalisation pour une taille avec son propre moteur modulant.<\/li>\n<li>Hauteur utile de 1300 mm \u00e0 l&#8217;entr\u00e9e de la plaque de canalisation et refoulement \u00e0 850 mm.<\/li>\n<li>\u00c9toiles entra\u00een\u00e9es ind\u00e9pendantes r\u00e9glables sur la largeur pour empiler les rang\u00e9es de biscuits.<\/li>\n<li>Stations d&#8217;entra\u00eenement \u00e9quip\u00e9es d&#8217;un motor\u00e9ducteur SEW avec variateur de vitesse SIEMENS ou SCHNEIDER-ELECTRICS variateur de fr\u00e9quence.<\/li>\n<li>Stations de nettoyage de bande avec tiroir.<\/li>\n<li>Suivi automatique des courroies pneumatiques avec piston pneumatique des deux c\u00f4t\u00e9s \u00e0 une extr\u00e9mit\u00e9 (chaque courroie). (FESTO)<\/li>\n<li>Station de tension automatique de la bande avec ressorts de tension m\u00e9caniques et rouleau \u00e0 gravit\u00e9.<\/li>\n<li>Panneau de commande tactile avec affichage de la vitesse.<\/li>\n<li>Hauteur utile droite de 850 mm du sol avec hauteur des pieds r\u00e9glable +\/- 25 mm.<\/li>\n<\/ul>\n","protected":false},"excerpt":{"rendered":"<p>Pour aligner et empiler les biscuits, chacun se compose d&#8217;un panneau de canalisation, d&#8217;un ensemble d&#8217;\u00e9toiles empilables et&#8230;<\/p>\n","protected":false},"featured_media":5335,"template":"","meta":[],"product_cat":[106],"product_tag":[],"class_list":{"0":"post-6322","1":"product","2":"type-product","3":"status-publish","4":"has-post-thumbnail","6":"product_cat-systemes-de-transfert-et-dempilage-automatises","8":"first","9":"instock","10":"shipping-taxable","11":"purchasable","12":"product-type-simple"},"_links":{"self":[{"href":"https:\/\/morcosmachinery.com\/fr\/wp-json\/wp\/v2\/product\/6322","targetHints":{"allow":["GET"]}}],"collection":[{"href":"https:\/\/morcosmachinery.com\/fr\/wp-json\/wp\/v2\/product"}],"about":[{"href":"https:\/\/morcosmachinery.com\/fr\/wp-json\/wp\/v2\/types\/product"}],"wp:featuredmedia":[{"embeddable":true,"href":"https:\/\/morcosmachinery.com\/fr\/wp-json\/wp\/v2\/media\/5335"}],"wp:attachment":[{"href":"https:\/\/morcosmachinery.com\/fr\/wp-json\/wp\/v2\/media?parent=6322"}],"wp:term":[{"taxonomy":"product_cat","embeddable":true,"href":"https:\/\/morcosmachinery.com\/fr\/wp-json\/wp\/v2\/product_cat?post=6322"},{"taxonomy":"product_tag","embeddable":true,"href":"https:\/\/morcosmachinery.com\/fr\/wp-json\/wp\/v2\/product_tag?post=6322"}],"curies":[{"name":"wp","href":"https:\/\/api.w.org\/{rel}","templated":true}]}}