{"id":6325,"date":"2023-05-14T01:18:34","date_gmt":"2023-05-13T23:18:34","guid":{"rendered":"https:\/\/morcosmachinery.com\/product\/unite-dentree-hygienique-six-marches-type-hyu6\/"},"modified":"2023-05-14T01:18:34","modified_gmt":"2023-05-14T01:18:34","slug":"unite-dentree-hygienique-six-marches-type-hyu6","status":"publish","type":"product","link":"https:\/\/morcosmachinery.com\/fr\/product\/unite-dentree-hygienique-six-marches-type-hyu6\/","title":{"rendered":"Unit\u00e9 d&#8217;entr\u00e9e hygi\u00e9nique &#8211; Six marches type HYU6"},"content":{"rendered":"<p><strong>1<sup>re<\/sup>\u00c9tape : Station de savon pour le nettoyage des mains : <\/strong><\/p>\n<ul>\n<li>\u00c9quip\u00e9 d&#8217;un capteur de proximit\u00e9 pour d\u00e9tecter la pr\u00e9sence des mains et lib\u00e9rer la dose de savon.<\/li>\n<li>\u00c9quip\u00e9 d&#8217;un capteur de niveau pour d\u00e9tecter le niveau bas de savon dans son pot et le signaler.<\/li>\n<\/ul>\n<p><strong>2<sup>e<\/sup> \u00c9tape : Station de lavage des mains : <\/strong><\/p>\n<ul>\n<li>\u00c9quip\u00e9 d&#8217;un capteur de proximit\u00e9 pour d\u00e9tecter la pr\u00e9sence des mains et lib\u00e9rer l&#8217;eau du robinet.<\/li>\n<li>\u00c9quip\u00e9 d&#8217;un voyant lumineux pour clignoter jusqu&#8217;\u00e0 la fin de la proc\u00e9dure.<\/li>\n<\/ul>\n<p><strong>3<sup>\u00e8me<\/sup> \u00c9tape : Station lat\u00e9rale du s\u00e8che-mains : <\/strong><\/p>\n<ul>\n<li>\u00c9quip\u00e9 d&#8217;un capteur de proximit\u00e9 pour d\u00e9tecter la pr\u00e9sence des mains et lib\u00e9rer les lames d&#8217;air.<\/li>\n<\/ul>\n<p><strong>4<sup>e<\/sup> \u00e9tape : Station de d\u00e9sinfection des<\/strong><strong>mains<\/strong><strong>: <\/strong> <\/p>\n<ul>\n<li>\u00c9quip\u00e9 d&#8217;un capteur de proximit\u00e9 pour d\u00e9tecter la pr\u00e9sence des mains et lib\u00e9rer la dose de d\u00e9sinfectant.<\/li>\n<li>\u00c9quip\u00e9 d&#8217;un capteur de niveau pour d\u00e9tecter le niveau bas du d\u00e9sinfectant dans son pot et le signaler.<\/li>\n<\/ul>\n<p><strong>5<sup>e<\/sup> \u00e9tape : Brosses de nettoyage des bottes Station au sol : <\/strong><\/p>\n<ul>\n<li>\u00c9quip\u00e9 de 2 lignes de brosses sur toute la longueur de l&#8217;unit\u00e9 pour nettoyer les bottes de l&#8217;op\u00e9rateur.<\/li>\n<li>Syst\u00e8me m\u00e9canique facile \u00e0 nettoyer (Facile \u00e0 d\u00e9monter et \u00e0 nettoyer en dessous).<\/li>\n<li>La rotation des brosses est entra\u00een\u00e9e par un moteur d&#8217;entra\u00eenement de fabrication europ\u00e9enne.<\/li>\n<li>\u00c9quip\u00e9 d&#8217;un jet d&#8217;eau sous les brosses.<\/li>\n<\/ul>\n<p><strong>6<sup>e<\/sup>\u00e9tape : Passer la porte d&#8217;embarquement : <\/strong><\/p>\n<ul>\n<li>Programm\u00e9 pour passer\/lib\u00e9rer une personne \u00e0 la fois.<\/li>\n<li>Lib\u00e9r\u00e9 uniquement apr\u00e8s l&#8217;activation du capteur de d\u00e9sinfectant et la d\u00e9sinfection est termin\u00e9e.<\/li>\n<\/ul>\n","protected":false},"excerpt":{"rendered":"<p>1re\u00c9tape : Station de savon pour le nettoyage des mains : \u00c9quip\u00e9 d&#8217;un capteur de proximit\u00e9 pour d\u00e9tecter&#8230;<\/p>\n","protected":false},"featured_media":12921,"template":"","meta":[],"product_cat":[105],"product_tag":[],"class_list":{"0":"post-6325","1":"product","2":"type-product","3":"status-publish","4":"has-post-thumbnail","6":"product_cat-equipement-de-securite-alimentaire-et-dhygiene","8":"first","9":"instock","10":"shipping-taxable","11":"purchasable","12":"product-type-simple"},"_links":{"self":[{"href":"https:\/\/morcosmachinery.com\/fr\/wp-json\/wp\/v2\/product\/6325","targetHints":{"allow":["GET"]}}],"collection":[{"href":"https:\/\/morcosmachinery.com\/fr\/wp-json\/wp\/v2\/product"}],"about":[{"href":"https:\/\/morcosmachinery.com\/fr\/wp-json\/wp\/v2\/types\/product"}],"wp:featuredmedia":[{"embeddable":true,"href":"https:\/\/morcosmachinery.com\/fr\/wp-json\/wp\/v2\/media\/12921"}],"wp:attachment":[{"href":"https:\/\/morcosmachinery.com\/fr\/wp-json\/wp\/v2\/media?parent=6325"}],"wp:term":[{"taxonomy":"product_cat","embeddable":true,"href":"https:\/\/morcosmachinery.com\/fr\/wp-json\/wp\/v2\/product_cat?post=6325"},{"taxonomy":"product_tag","embeddable":true,"href":"https:\/\/morcosmachinery.com\/fr\/wp-json\/wp\/v2\/product_tag?post=6325"}],"curies":[{"name":"wp","href":"https:\/\/api.w.org\/{rel}","templated":true}]}}