{"id":6326,"date":"2023-05-14T01:13:37","date_gmt":"2023-05-13T23:13:37","guid":{"rendered":"https:\/\/morcosmachinery.com\/product\/unite-dentree-hygienique-type-a-trois-marches-hyu3\/"},"modified":"2024-08-01T08:13:57","modified_gmt":"2024-08-01T06:13:57","slug":"unite-dentree-hygienique-type-a-trois-marches-hyu3","status":"publish","type":"product","link":"https:\/\/morcosmachinery.com\/fr\/product\/unite-dentree-hygienique-type-a-trois-marches-hyu3\/","title":{"rendered":"Unit\u00e9 d&#8217;entr\u00e9e hygi\u00e9nique &#8211; Type \u00e0 trois marches HYU3"},"content":{"rendered":"<p><strong>1<sup>\u00e8re<\/sup> \u00e9tape : Station de d\u00e9sinfection des<\/strong><strong>mains <\/strong><strong>: <\/strong><\/p>\n<ul>\n<li>\u00c9quip\u00e9 d&#8217;un capteur de proximit\u00e9 pour d\u00e9tecter la pr\u00e9sence des mains et lib\u00e9rer la dose de d\u00e9sinfectant.<\/li>\n<li>\u00c9quip\u00e9 d&#8217;un capteur de niveau pour d\u00e9tecter le niveau bas du d\u00e9sinfectant dans son pot et le signaler.<\/li>\n<\/ul>\n<p><strong>2<sup>\u00e8me<\/sup> \u00e9tape : Brosses de nettoyage des bottes Station au sol : <\/strong><\/p>\n<ul>\n<li>\u00c9quip\u00e9 de 2 lignes de brosses sur toute la longueur de l&#8217;unit\u00e9 pour nettoyer les bottes de l&#8217;op\u00e9rateur.<\/li>\n<li>Syst\u00e8me m\u00e9canique facile \u00e0 nettoyer (Facile \u00e0 d\u00e9monter et \u00e0 nettoyer en dessous).<\/li>\n<li>La rotation des brosses est entra\u00een\u00e9e par un moteur d&#8217;entra\u00eenement de fabrication europ\u00e9enne.<\/li>\n<li>\u00c9quip\u00e9 d&#8217;un jet d&#8217;eau sous les brosses.<\/li>\n<\/ul>\n<p><strong>3<sup>e<\/sup> \u00e9tape : Passer la porte d&#8217;embarquement : <\/strong><\/p>\n<ul>\n<li>Programm\u00e9 pour passer\/lib\u00e9rer une personne \u00e0 la fois.<\/li>\n<li>Lib\u00e9r\u00e9 uniquement apr\u00e8s l&#8217;activation du capteur de d\u00e9sinfectant et la d\u00e9sinfection est termin\u00e9e.<\/li>\n<\/ul>\n","protected":false},"excerpt":{"rendered":"<p>1\u00e8re \u00e9tape : Station de d\u00e9sinfection desmains : \u00c9quip\u00e9 d&#8217;un capteur de proximit\u00e9 pour d\u00e9tecter la pr\u00e9sence des&#8230;<\/p>\n","protected":false},"featured_media":12916,"template":"","meta":[],"product_cat":[105],"product_tag":[],"class_list":{"0":"post-6326","1":"product","2":"type-product","3":"status-publish","4":"has-post-thumbnail","6":"product_cat-equipement-de-securite-alimentaire-et-dhygiene","8":"first","9":"instock","10":"shipping-taxable","11":"purchasable","12":"product-type-simple"},"_links":{"self":[{"href":"https:\/\/morcosmachinery.com\/fr\/wp-json\/wp\/v2\/product\/6326","targetHints":{"allow":["GET"]}}],"collection":[{"href":"https:\/\/morcosmachinery.com\/fr\/wp-json\/wp\/v2\/product"}],"about":[{"href":"https:\/\/morcosmachinery.com\/fr\/wp-json\/wp\/v2\/types\/product"}],"wp:featuredmedia":[{"embeddable":true,"href":"https:\/\/morcosmachinery.com\/fr\/wp-json\/wp\/v2\/media\/12916"}],"wp:attachment":[{"href":"https:\/\/morcosmachinery.com\/fr\/wp-json\/wp\/v2\/media?parent=6326"}],"wp:term":[{"taxonomy":"product_cat","embeddable":true,"href":"https:\/\/morcosmachinery.com\/fr\/wp-json\/wp\/v2\/product_cat?post=6326"},{"taxonomy":"product_tag","embeddable":true,"href":"https:\/\/morcosmachinery.com\/fr\/wp-json\/wp\/v2\/product_tag?post=6326"}],"curies":[{"name":"wp","href":"https:\/\/api.w.org\/{rel}","templated":true}]}}