{"id":6327,"date":"2023-05-14T01:12:58","date_gmt":"2023-05-13T22:12:58","guid":{"rendered":"https:\/\/morcosmachinery.com\/product\/station-de-passage-de-desinfectant-type-a-deux-etapes-hyu2\/"},"modified":"2026-04-16T08:18:46","modified_gmt":"2026-04-16T06:18:46","slug":"station-de-passage-de-desinfectant-type-a-deux-etapes-hyu2","status":"publish","type":"product","link":"https:\/\/morcosmachinery.com\/fr\/product\/station-de-passage-de-desinfectant-type-a-deux-etapes-hyu2\/","title":{"rendered":"Station de passage de d\u00e9sinfectant &#8211; Type \u00e0 deux \u00e9tapes HYU2"},"content":{"rendered":"<p><strong>1<sup>\u00e8re<\/sup> \u00e9tape : Station de d\u00e9sinfection des mains : <\/strong><\/p>\n<ul>\n<li>\u00c9quip\u00e9 d&#8217;un capteur de proximit\u00e9 pour d\u00e9tecter la pr\u00e9sence des mains et lib\u00e9rer la dose de d\u00e9sinfectant.<\/li>\n<li>\u00c9quip\u00e9 d&#8217;un capteur de niveau pour d\u00e9tecter le niveau bas du d\u00e9sinfectant dans son pot et le signaler.<\/li>\n<\/ul>\n<p><strong>2<sup>e<\/sup> \u00e9tape : Passer la porte d&#8217;embarquement : <\/strong><\/p>\n<ul>\n<li>Programm\u00e9 pour passer\/lib\u00e9rer une personne \u00e0 la fois.<\/li>\n<li>Lib\u00e9r\u00e9 uniquement apr\u00e8s l&#8217;activation du capteur de d\u00e9sinfectant et la d\u00e9sinfection est termin\u00e9e.<\/li>\n<\/ul>\n","protected":false},"excerpt":{"rendered":"<p>1\u00e8re \u00e9tape : Station de d\u00e9sinfection des mains : \u00c9quip\u00e9 d&#8217;un capteur de proximit\u00e9 pour d\u00e9tecter la pr\u00e9sence&#8230;<\/p>\n","protected":false},"featured_media":14685,"template":"","meta":[],"product_cat":[105],"product_tag":[],"class_list":{"0":"post-6327","1":"product","2":"type-product","3":"status-publish","4":"has-post-thumbnail","6":"product_cat-equipement-de-securite-alimentaire-et-dhygiene","8":"first","9":"instock","10":"shipping-taxable","11":"purchasable","12":"product-type-simple"},"_links":{"self":[{"href":"https:\/\/morcosmachinery.com\/fr\/wp-json\/wp\/v2\/product\/6327","targetHints":{"allow":["GET"]}}],"collection":[{"href":"https:\/\/morcosmachinery.com\/fr\/wp-json\/wp\/v2\/product"}],"about":[{"href":"https:\/\/morcosmachinery.com\/fr\/wp-json\/wp\/v2\/types\/product"}],"wp:featuredmedia":[{"embeddable":true,"href":"https:\/\/morcosmachinery.com\/fr\/wp-json\/wp\/v2\/media\/14685"}],"wp:attachment":[{"href":"https:\/\/morcosmachinery.com\/fr\/wp-json\/wp\/v2\/media?parent=6327"}],"wp:term":[{"taxonomy":"product_cat","embeddable":true,"href":"https:\/\/morcosmachinery.com\/fr\/wp-json\/wp\/v2\/product_cat?post=6327"},{"taxonomy":"product_tag","embeddable":true,"href":"https:\/\/morcosmachinery.com\/fr\/wp-json\/wp\/v2\/product_tag?post=6327"}],"curies":[{"name":"wp","href":"https:\/\/api.w.org\/{rel}","templated":true}]}}